{"id":6994,"date":"2020-03-13T00:49:11","date_gmt":"2020-03-12T23:49:11","guid":{"rendered":"https:\/\/www.olivenoel-muehle.de\/?post_type=product&#038;p=6994"},"modified":"2025-02-25T18:26:58","modified_gmt":"2025-02-25T17:26:58","slug":"bio-olivenoel-lo-smeraldo-flaschen-6-x-500-ml","status":"publish","type":"product","link":"https:\/\/macchiaverde-bio.shop\/de\/produkt\/bio-olivenoel-lo-smeraldo-flaschen-6-x-500-ml\/","title":{"rendered":"Bio Oliven\u00f6l &#8211; Lo Smeraldo &#8211; Flaschen 6 x 500 ml"},"content":{"rendered":"","protected":false},"excerpt":{"rendered":"<p>NATIVES OLIVEN\u00d6L EXTRA<br \/>\n&#8211; KALTGEPRESST &#8211;<br \/>\n<strong>&#8211; Karton mit 6 Flaschen &#8211;<\/strong><\/p>\n<p>Smeraldo ist ein \u00fcppiges, vollmundiges gr\u00fcnes Oliven\u00f6l von h\u00f6chster Qualit\u00e4t, gepresst aus 100% Coratina-Oliven. Es hat Jahr f\u00fcr Jahr an allen nationalen und internationalen Wettbewerben teilgenommen und geh\u00f6rt zu den internationalen Spitzenerzeugern. Dank der ausschlie\u00dflichen Verwendung von <strong>Coratina-Oliven<\/strong> zeichnet sich der Smeraldo durch einen <strong>sehr hohen Polyphenolgehalt<\/strong> aus. Vor allem der hohe Polyphenolgehalt verleiht dem Coratina-\u00d6l einen intensiven, fruchtigen und frischen Geschmack. Der Geruch der Oliven ist deutlich und unverwechselbar, am Gaumen zeigen sich Noten von rohen Fr\u00fcchten und ein Hauch von frischen gr\u00fcnen Mandeln.<\/p>\n<p>Smeraldo ist ideal f\u00fcr <strong>Pizza<\/strong> und erste G\u00e4nge, Focaccia, <strong>Steaks und gegrillte Gerichte<\/strong>. Es ist auch das ideale Oliven\u00f6l f\u00fcr die <strong>Zubereitung von Marinaden<\/strong> und Grillbeizen, denn der hohe Polyphenolgehalt sorgt daf\u00fcr, dass es tief in das Fleisch eindringt und die Aromen des Fleisches weitergibt.<\/p>\n","protected":false},"featured_media":13346,"comment_status":"open","ping_status":"closed","template":"","meta":[],"product_brand":[],"product_cat":[576,52],"product_tag":[565,56,57,54],"class_list":{"0":"post-6994","1":"product","2":"type-product","3":"status-publish","4":"has-post-thumbnail","6":"product_cat-olivenoel-sonderangebote","7":"product_cat-olivenoel-flaschen","8":"product_tag-angebot","9":"product_tag-fruchtig","10":"product_tag-intensiv","11":"product_tag-olivenoel","12":"product_shipping_class-speditions-kosten","14":"first","15":"instock","16":"taxable","17":"shipping-taxable","18":"purchasable","19":"product-type-simple"},"_links":{"self":[{"href":"https:\/\/macchiaverde-bio.shop\/de\/wp-json\/wp\/v2\/product\/6994","targetHints":{"allow":["GET"]}}],"collection":[{"href":"https:\/\/macchiaverde-bio.shop\/de\/wp-json\/wp\/v2\/product"}],"about":[{"href":"https:\/\/macchiaverde-bio.shop\/de\/wp-json\/wp\/v2\/types\/product"}],"replies":[{"embeddable":true,"href":"https:\/\/macchiaverde-bio.shop\/de\/wp-json\/wp\/v2\/comments?post=6994"}],"wp:featuredmedia":[{"embeddable":true,"href":"https:\/\/macchiaverde-bio.shop\/de\/wp-json\/wp\/v2\/media\/13346"}],"wp:attachment":[{"href":"https:\/\/macchiaverde-bio.shop\/de\/wp-json\/wp\/v2\/media?parent=6994"}],"wp:term":[{"taxonomy":"product_brand","embeddable":true,"href":"https:\/\/macchiaverde-bio.shop\/de\/wp-json\/wp\/v2\/product_brand?post=6994"},{"taxonomy":"product_cat","embeddable":true,"href":"https:\/\/macchiaverde-bio.shop\/de\/wp-json\/wp\/v2\/product_cat?post=6994"},{"taxonomy":"product_tag","embeddable":true,"href":"https:\/\/macchiaverde-bio.shop\/de\/wp-json\/wp\/v2\/product_tag?post=6994"}],"curies":[{"name":"wp","href":"https:\/\/api.w.org\/{rel}","templated":true}]}}