{"id":6989,"date":"2020-03-13T00:39:55","date_gmt":"2020-03-12T23:39:55","guid":{"rendered":"https:\/\/www.olivenoel-muehle.de\/?post_type=product&#038;p=6989"},"modified":"2025-02-25T18:28:40","modified_gmt":"2025-02-25T17:28:40","slug":"bio-olivenoel-classic-flaschen-6x-750-ml","status":"publish","type":"product","link":"https:\/\/macchiaverde-bio.shop\/de\/produkt\/bio-olivenoel-classic-flaschen-6x-750-ml\/","title":{"rendered":"Bio Oliven\u00f6l &#8211; Classic &#8211; Flaschen 6 x 750 ml"},"content":{"rendered":"","protected":false},"excerpt":{"rendered":"<p><strong>\u2013 Karton 6 x 750ml Flasche \u2013<\/strong><br \/>\nDas Classic ist ein ausgewogenes extranatives Oliven\u00f6l hoher G\u00fcte, eine Mischung aus Coratina und Ogliarola Oliven. Es erscheint goldgelb mit gr\u00fcnen Reflexen, ist mittelfruchtig, vollmundig, mit Noten von Mandeln und Artischocken. Es eignet sich f\u00fcr ein breites Spektrum an Gerichten und es k\u00f6nnte auch als das \u201ealle Tage \u00d6liven\u00f6l\u201c bezeichnet werden.<\/p>\n","protected":false},"featured_media":13321,"comment_status":"closed","ping_status":"closed","template":"","meta":[],"product_brand":[],"product_cat":[52],"product_tag":[565,56,324],"class_list":{"0":"post-6989","1":"product","2":"type-product","3":"status-publish","4":"has-post-thumbnail","6":"product_cat-olivenoel-flaschen","7":"product_tag-angebot","8":"product_tag-fruchtig","9":"product_tag-vollmundig","11":"first","12":"instock","13":"taxable","14":"shipping-taxable","15":"purchasable","16":"product-type-simple"},"_links":{"self":[{"href":"https:\/\/macchiaverde-bio.shop\/de\/wp-json\/wp\/v2\/product\/6989","targetHints":{"allow":["GET"]}}],"collection":[{"href":"https:\/\/macchiaverde-bio.shop\/de\/wp-json\/wp\/v2\/product"}],"about":[{"href":"https:\/\/macchiaverde-bio.shop\/de\/wp-json\/wp\/v2\/types\/product"}],"replies":[{"embeddable":true,"href":"https:\/\/macchiaverde-bio.shop\/de\/wp-json\/wp\/v2\/comments?post=6989"}],"wp:featuredmedia":[{"embeddable":true,"href":"https:\/\/macchiaverde-bio.shop\/de\/wp-json\/wp\/v2\/media\/13321"}],"wp:attachment":[{"href":"https:\/\/macchiaverde-bio.shop\/de\/wp-json\/wp\/v2\/media?parent=6989"}],"wp:term":[{"taxonomy":"product_brand","embeddable":true,"href":"https:\/\/macchiaverde-bio.shop\/de\/wp-json\/wp\/v2\/product_brand?post=6989"},{"taxonomy":"product_cat","embeddable":true,"href":"https:\/\/macchiaverde-bio.shop\/de\/wp-json\/wp\/v2\/product_cat?post=6989"},{"taxonomy":"product_tag","embeddable":true,"href":"https:\/\/macchiaverde-bio.shop\/de\/wp-json\/wp\/v2\/product_tag?post=6989"}],"curies":[{"name":"wp","href":"https:\/\/api.w.org\/{rel}","templated":true}]}}