{"id":6942,"date":"2020-03-12T00:26:16","date_gmt":"2020-03-11T23:26:16","guid":{"rendered":"https:\/\/www.olivenoel-muehle.de\/?post_type=product&#038;p=6942"},"modified":"2024-06-20T07:33:54","modified_gmt":"2024-06-20T05:33:54","slug":"bio-olivenoel-leliodoro-bag-in-box-5-l","status":"publish","type":"product","link":"https:\/\/macchiaverde-bio.shop\/de\/produkt\/bio-olivenoel-leliodoro-bag-in-box-5-l\/","title":{"rendered":"Bio Oliven\u00f6l &#8211; L&#8217;Eliodoro &#8211; Bag In Box 5 L"},"content":{"rendered":"","protected":false},"excerpt":{"rendered":"<p>\u2013 <strong>Sacchetto in scatola da 5 litri \u2013<\/strong><br \/>\nDas L\u2019Eliodoro (Der Heliodor) ist ein goldgelbes und ausgewogenes Oliven\u00f6l der h\u00f6chsten G\u00fcteklasse, es wird zu 70% aus Coratina gewonnen und zu 30% aus Ogliarola Oliven. Es ist in nationalen und internationalen Wettbewerben ausgezeichnet worden bis zur Silbermedaille in der Kategorie \u201cMittel Fruchtig\u201d, mit seinen 714 mg\/kg an Polyphenolen geh\u00f6rt es zu den Spitzenreitern seiner Klasse. In der praktischen \u201cBag in Box\u201d bleibt das Oliven\u00f6l bis zum letzten Tropfen frisch wie am ersten Tag.<\/p>\n","protected":false},"featured_media":13220,"comment_status":"open","ping_status":"closed","template":"","meta":[],"product_brand":[],"product_cat":[576,574],"product_tag":[565,56,57,54],"class_list":{"0":"post-6942","1":"product","2":"type-product","3":"status-publish","4":"has-post-thumbnail","6":"product_cat-olivenoel-sonderangebote","7":"product_cat-olivenoel-bag-in-box","8":"product_tag-angebot","9":"product_tag-fruchtig","10":"product_tag-intensiv","11":"product_tag-olivenoel","13":"first","14":"instock","15":"taxable","16":"shipping-taxable","17":"purchasable","18":"product-type-simple"},"_links":{"self":[{"href":"https:\/\/macchiaverde-bio.shop\/de\/wp-json\/wp\/v2\/product\/6942","targetHints":{"allow":["GET"]}}],"collection":[{"href":"https:\/\/macchiaverde-bio.shop\/de\/wp-json\/wp\/v2\/product"}],"about":[{"href":"https:\/\/macchiaverde-bio.shop\/de\/wp-json\/wp\/v2\/types\/product"}],"replies":[{"embeddable":true,"href":"https:\/\/macchiaverde-bio.shop\/de\/wp-json\/wp\/v2\/comments?post=6942"}],"wp:featuredmedia":[{"embeddable":true,"href":"https:\/\/macchiaverde-bio.shop\/de\/wp-json\/wp\/v2\/media\/13220"}],"wp:attachment":[{"href":"https:\/\/macchiaverde-bio.shop\/de\/wp-json\/wp\/v2\/media?parent=6942"}],"wp:term":[{"taxonomy":"product_brand","embeddable":true,"href":"https:\/\/macchiaverde-bio.shop\/de\/wp-json\/wp\/v2\/product_brand?post=6942"},{"taxonomy":"product_cat","embeddable":true,"href":"https:\/\/macchiaverde-bio.shop\/de\/wp-json\/wp\/v2\/product_cat?post=6942"},{"taxonomy":"product_tag","embeddable":true,"href":"https:\/\/macchiaverde-bio.shop\/de\/wp-json\/wp\/v2\/product_tag?post=6942"}],"curies":[{"name":"wp","href":"https:\/\/api.w.org\/{rel}","templated":true}]}}