{"id":6936,"date":"2020-03-12T00:00:28","date_gmt":"2020-03-11T23:00:28","guid":{"rendered":"https:\/\/www.olivenoel-muehle.de\/?post_type=product&#038;p=6936"},"modified":"2024-03-28T03:07:04","modified_gmt":"2024-03-28T02:07:04","slug":"bio-olivenoel-lo-smeraldo-bag-in-box-5-l","status":"publish","type":"product","link":"https:\/\/macchiaverde-bio.shop\/de\/produkt\/bio-olivenoel-lo-smeraldo-bag-in-box-5-l\/","title":{"rendered":"Bio Oliven\u00f6l &#8211; Lo Smeraldo &#8211; Bag In Box 5 L"},"content":{"rendered":"","protected":false},"excerpt":{"rendered":"<p><strong>&#8211; Lo Smeraldo &#8211; Bag In Box 5 L\u00a0&#8211;<\/strong><br \/>\nSmeraldo ist ein gr\u00fcnes und vollmundiges \u00d6l von h\u00f6chster Qualit\u00e4t, gepresst aus 100% Coratina-Oliven. Es hat Jahr f\u00fcr Jahr an allen nationalen und internationalen Wettbewerben teilgenommen und wurde mit der Gold und Platin in der Kategorie &#8222;Vollfruchtig&#8220; ausgezeichnet. Mit 1246 mg\/kg Polyphenolen geh\u00f6rt es zur internationalen Spitzengruppe der Oliven\u00f6lhersteller. In der praktischen &#8222;Bag in Box&#8220; bleibt das Oliven\u00f6l bis zum letzten Tropfen so frisch wie am ersten Tag.<\/p>\n","protected":false},"featured_media":13255,"comment_status":"open","ping_status":"closed","template":"","meta":[],"product_brand":[],"product_cat":[576,574],"product_tag":[565,56,57,54],"class_list":{"0":"post-6936","1":"product","2":"type-product","3":"status-publish","4":"has-post-thumbnail","6":"product_cat-olivenoel-sonderangebote","7":"product_cat-olivenoel-bag-in-box","8":"product_tag-angebot","9":"product_tag-fruchtig","10":"product_tag-intensiv","11":"product_tag-olivenoel","13":"first","14":"instock","15":"taxable","16":"shipping-taxable","17":"purchasable","18":"product-type-simple"},"_links":{"self":[{"href":"https:\/\/macchiaverde-bio.shop\/de\/wp-json\/wp\/v2\/product\/6936","targetHints":{"allow":["GET"]}}],"collection":[{"href":"https:\/\/macchiaverde-bio.shop\/de\/wp-json\/wp\/v2\/product"}],"about":[{"href":"https:\/\/macchiaverde-bio.shop\/de\/wp-json\/wp\/v2\/types\/product"}],"replies":[{"embeddable":true,"href":"https:\/\/macchiaverde-bio.shop\/de\/wp-json\/wp\/v2\/comments?post=6936"}],"wp:featuredmedia":[{"embeddable":true,"href":"https:\/\/macchiaverde-bio.shop\/de\/wp-json\/wp\/v2\/media\/13255"}],"wp:attachment":[{"href":"https:\/\/macchiaverde-bio.shop\/de\/wp-json\/wp\/v2\/media?parent=6936"}],"wp:term":[{"taxonomy":"product_brand","embeddable":true,"href":"https:\/\/macchiaverde-bio.shop\/de\/wp-json\/wp\/v2\/product_brand?post=6936"},{"taxonomy":"product_cat","embeddable":true,"href":"https:\/\/macchiaverde-bio.shop\/de\/wp-json\/wp\/v2\/product_cat?post=6936"},{"taxonomy":"product_tag","embeddable":true,"href":"https:\/\/macchiaverde-bio.shop\/de\/wp-json\/wp\/v2\/product_tag?post=6936"}],"curies":[{"name":"wp","href":"https:\/\/api.w.org\/{rel}","templated":true}]}}