{"id":511,"date":"2015-03-08T22:24:30","date_gmt":"2015-03-08T21:24:30","guid":{"rendered":"http:\/\/wp\/enfold-shop\/product\/red-velvet\/"},"modified":"2026-02-09T23:08:56","modified_gmt":"2026-02-09T22:08:56","slug":"bio-olivenoel-lo-smeraldo-flaschen-3-x-500-ml","status":"publish","type":"product","link":"https:\/\/macchiaverde-bio.shop\/de\/produkt\/bio-olivenoel-lo-smeraldo-flaschen-3-x-500-ml\/","title":{"rendered":"Bio Oliven\u00f6l &#8211; Lo Smeraldo &#8211; Flaschen 3 x 500 ml"},"content":{"rendered":"","protected":false},"excerpt":{"rendered":"<p>NATIVES OLIVEN\u00d6L EXTRA<br \/>\n\u2013 KALTGEPRESST \u2013<br \/>\n<strong>&#8211; 3 Flaschen Karton &#8211;<\/strong><\/p>\n<p id=\"tw-target-text\" class=\"tw-data-text tw-text-large tw-ta\" dir=\"ltr\" data-placeholder=\"\u00dcbersetzung\"><span lang=\"de\">Das Smeraldo (Der Smaragd) ist ein sattgr\u00fcnes und vollmundiges Oliven\u00f6l der h\u00f6chsten G\u00fcteklasse, es wird zu 100% aus Coratina Oliven gepresst. Es hat Jahr f\u00fcr Jahr an allen nationalen und internationalen Wettbewerben teilgenommen und ist dabei ausgezeichnet worden bis zur <strong>Platin-medaille<\/strong>\u00a0in der Kategorie<strong>\u00a0\u201cVoll Fruchtig\u201d<\/strong>.<br \/>\n<\/span><\/p>\n<p class=\"tw-data-text tw-text-large tw-ta\" dir=\"ltr\" data-placeholder=\"\u00dcbersetzung\"><span lang=\"de\">Durch die ausschliessliche Verwendung von\u00a0<strong>Coratina Oliven<\/strong>\u00a0zeichnet sich das Smeraldo durch den extrem\u00a0<strong>hohen\u00a0<\/strong><strong>Polyphenol-Gehalt<\/strong>\u00a0aus.\u00a0Gerade der hohe Polyphenolgehalt gibt dem \u00d6l aus Coratina einen\u00a0<strong>intensiven, fruchtigen, frischen<\/strong>\u00a0Geschmack. Der Geruch von Oliven ist klar und unverkennbar, es sind klare Noten von Rohobst zu schmecken und Noten von frischen gr\u00fcnen Mandeln.<\/span><\/p>\n<p dir=\"ltr\" data-placeholder=\"\u00dcbersetzung\">Das Smeraldo eignet sich ideal zu\u00a0<strong>Pizza<\/strong>\u00a0und\u00a0<strong>Pasta<\/strong>\u00a0Gerichten, sowie Focaccia,\u00a0<strong>Steak<\/strong>\u00a0und\u00a0<strong>Grillgerichten<\/strong>. Es ist ebenfalls das ideale Oliven\u00f6l um\u00a0<strong>Grillmarinaden<\/strong>\u00a0und Beizen herzustellen, denn durch den H\u00f6chstgehalt an Polyphenolen zieht es tief in in das Fleisch ein und transportiert dabei die Aromen der Gew\u00fcrze<\/p>\n","protected":false},"featured_media":13351,"comment_status":"open","ping_status":"closed","template":"","meta":[],"product_brand":[],"product_cat":[52],"product_tag":[56,57,54],"class_list":{"0":"post-511","1":"product","2":"type-product","3":"status-publish","4":"has-post-thumbnail","6":"product_cat-olivenoel-flaschen","7":"product_tag-fruchtig","8":"product_tag-intensiv","9":"product_tag-olivenoel","11":"first","12":"instock","13":"taxable","14":"shipping-taxable","15":"purchasable","16":"product-type-simple"},"_links":{"self":[{"href":"https:\/\/macchiaverde-bio.shop\/de\/wp-json\/wp\/v2\/product\/511","targetHints":{"allow":["GET"]}}],"collection":[{"href":"https:\/\/macchiaverde-bio.shop\/de\/wp-json\/wp\/v2\/product"}],"about":[{"href":"https:\/\/macchiaverde-bio.shop\/de\/wp-json\/wp\/v2\/types\/product"}],"replies":[{"embeddable":true,"href":"https:\/\/macchiaverde-bio.shop\/de\/wp-json\/wp\/v2\/comments?post=511"}],"wp:featuredmedia":[{"embeddable":true,"href":"https:\/\/macchiaverde-bio.shop\/de\/wp-json\/wp\/v2\/media\/13351"}],"wp:attachment":[{"href":"https:\/\/macchiaverde-bio.shop\/de\/wp-json\/wp\/v2\/media?parent=511"}],"wp:term":[{"taxonomy":"product_brand","embeddable":true,"href":"https:\/\/macchiaverde-bio.shop\/de\/wp-json\/wp\/v2\/product_brand?post=511"},{"taxonomy":"product_cat","embeddable":true,"href":"https:\/\/macchiaverde-bio.shop\/de\/wp-json\/wp\/v2\/product_cat?post=511"},{"taxonomy":"product_tag","embeddable":true,"href":"https:\/\/macchiaverde-bio.shop\/de\/wp-json\/wp\/v2\/product_tag?post=511"}],"curies":[{"name":"wp","href":"https:\/\/api.w.org\/{rel}","templated":true}]}}