{"id":5004,"date":"2020-01-14T22:32:03","date_gmt":"2020-01-14T21:32:03","guid":{"rendered":"https:\/\/www.olivenoel-muehle.de\/?post_type=product&#038;p=5004"},"modified":"2026-02-09T23:09:03","modified_gmt":"2026-02-09T22:09:03","slug":"bio-olivenoel-classic-flaschen-3x-750-ml","status":"publish","type":"product","link":"https:\/\/macchiaverde-bio.shop\/de\/produkt\/bio-olivenoel-classic-flaschen-3x-750-ml\/","title":{"rendered":"Bio Oliven\u00f6l &#8211; Classic &#8211; Flaschen 3 x 750 ml"},"content":{"rendered":"","protected":false},"excerpt":{"rendered":"<p><strong>&#8211; Karton 3 Flaschen 750ml &#8211;<\/strong><br \/>\nDas Classico ist ein ausgewogenes, hochwertiges natives Oliven\u00f6l extra, eine Mischung aus Coratina- und Ogliarola-Oliven. Er ist goldgelb mit gr\u00fcnen Reflexen, mittelfruchtig, vollmundig, mit Noten von Mandel und Artischocke. Es eignet sich f\u00fcr eine breite Palette von Gerichten und k\u00f6nnte auch als &#8222;das allt\u00e4gliche Oliven\u00f6l&#8220; bezeichnet werden.<\/p>\n","protected":false},"featured_media":13316,"comment_status":"open","ping_status":"closed","template":"","meta":[],"product_brand":[],"product_cat":[52],"product_tag":[56,324],"class_list":{"0":"post-5004","1":"product","2":"type-product","3":"status-publish","4":"has-post-thumbnail","6":"product_cat-olivenoel-flaschen","7":"product_tag-fruchtig","8":"product_tag-vollmundig","10":"first","11":"instock","12":"taxable","13":"shipping-taxable","14":"purchasable","15":"product-type-simple"},"_links":{"self":[{"href":"https:\/\/macchiaverde-bio.shop\/de\/wp-json\/wp\/v2\/product\/5004","targetHints":{"allow":["GET"]}}],"collection":[{"href":"https:\/\/macchiaverde-bio.shop\/de\/wp-json\/wp\/v2\/product"}],"about":[{"href":"https:\/\/macchiaverde-bio.shop\/de\/wp-json\/wp\/v2\/types\/product"}],"replies":[{"embeddable":true,"href":"https:\/\/macchiaverde-bio.shop\/de\/wp-json\/wp\/v2\/comments?post=5004"}],"wp:featuredmedia":[{"embeddable":true,"href":"https:\/\/macchiaverde-bio.shop\/de\/wp-json\/wp\/v2\/media\/13316"}],"wp:attachment":[{"href":"https:\/\/macchiaverde-bio.shop\/de\/wp-json\/wp\/v2\/media?parent=5004"}],"wp:term":[{"taxonomy":"product_brand","embeddable":true,"href":"https:\/\/macchiaverde-bio.shop\/de\/wp-json\/wp\/v2\/product_brand?post=5004"},{"taxonomy":"product_cat","embeddable":true,"href":"https:\/\/macchiaverde-bio.shop\/de\/wp-json\/wp\/v2\/product_cat?post=5004"},{"taxonomy":"product_tag","embeddable":true,"href":"https:\/\/macchiaverde-bio.shop\/de\/wp-json\/wp\/v2\/product_tag?post=5004"}],"curies":[{"name":"wp","href":"https:\/\/api.w.org\/{rel}","templated":true}]}}