{"id":4952,"date":"2020-01-12T21:59:11","date_gmt":"2020-01-12T20:59:11","guid":{"rendered":"https:\/\/www.olivenoel-muehle.de\/?post_type=product&#038;p=4952"},"modified":"2025-06-06T00:14:56","modified_gmt":"2025-06-05T22:14:56","slug":"olivenoel-trio-probierset","status":"publish","type":"product","link":"https:\/\/macchiaverde-bio.shop\/de\/produkt\/olivenoel-trio-probierset\/","title":{"rendered":"Oliven\u00f6l Trio &#8211; Probierset &#8211; 3 x 500 ml"},"content":{"rendered":"","protected":false},"excerpt":{"rendered":"<p>Oliven\u00f6l-Starterset mit unseren 3 Bio-Oliven\u00f6len f\u00fcr Unentschlossene! Je eine 500-ml-Flasche &#8222;Smeraldo&#8220;, &#8222;Eliodoro&#8220; und 500 ml &#8222;Classico&#8220; zum Probieren. Entscheiden Sie, welches der 3 \u00d6le Ihnen am Besten gef\u00e4llt.<\/p>\n","protected":false},"featured_media":13306,"comment_status":"open","ping_status":"closed","template":"","meta":[],"product_brand":[],"product_cat":[576,52],"product_tag":[313,310,54,311],"class_list":{"0":"post-4952","1":"product","2":"type-product","3":"status-publish","4":"has-post-thumbnail","6":"product_cat-olivenoel-sonderangebote","7":"product_cat-olivenoel-flaschen","8":"product_tag-bestellen","9":"product_tag-bio","10":"product_tag-olivenoel","11":"product_tag-probier-set","13":"first","14":"instock","15":"taxable","16":"shipping-taxable","17":"purchasable","18":"product-type-simple"},"_links":{"self":[{"href":"https:\/\/macchiaverde-bio.shop\/de\/wp-json\/wp\/v2\/product\/4952","targetHints":{"allow":["GET"]}}],"collection":[{"href":"https:\/\/macchiaverde-bio.shop\/de\/wp-json\/wp\/v2\/product"}],"about":[{"href":"https:\/\/macchiaverde-bio.shop\/de\/wp-json\/wp\/v2\/types\/product"}],"replies":[{"embeddable":true,"href":"https:\/\/macchiaverde-bio.shop\/de\/wp-json\/wp\/v2\/comments?post=4952"}],"wp:featuredmedia":[{"embeddable":true,"href":"https:\/\/macchiaverde-bio.shop\/de\/wp-json\/wp\/v2\/media\/13306"}],"wp:attachment":[{"href":"https:\/\/macchiaverde-bio.shop\/de\/wp-json\/wp\/v2\/media?parent=4952"}],"wp:term":[{"taxonomy":"product_brand","embeddable":true,"href":"https:\/\/macchiaverde-bio.shop\/de\/wp-json\/wp\/v2\/product_brand?post=4952"},{"taxonomy":"product_cat","embeddable":true,"href":"https:\/\/macchiaverde-bio.shop\/de\/wp-json\/wp\/v2\/product_cat?post=4952"},{"taxonomy":"product_tag","embeddable":true,"href":"https:\/\/macchiaverde-bio.shop\/de\/wp-json\/wp\/v2\/product_tag?post=4952"}],"curies":[{"name":"wp","href":"https:\/\/api.w.org\/{rel}","templated":true}]}}