{"id":3408,"date":"2019-12-09T19:47:21","date_gmt":"2019-12-09T18:47:21","guid":{"rendered":"https:\/\/www.olivenoel-muehle.de\/wp_oem\/?post_type=product&#038;p=3408"},"modified":"2025-02-25T18:26:50","modified_gmt":"2025-02-25T17:26:50","slug":"bio-olivenoel-classic-kanister-2-x-5-l","status":"publish","type":"product","link":"https:\/\/macchiaverde-bio.shop\/de\/produkt\/bio-olivenoel-classic-kanister-2-x-5-l\/","title":{"rendered":"Bio Oliven\u00f6l &#8211; Classic &#8211; Kanister 2 x 5 L"},"content":{"rendered":"","protected":false},"excerpt":{"rendered":"<p><strong>\u2013 Bio Oliven\u00f6l &#8211; Classic &#8211; Kanister 2x 5 L\u00a0\u2013<\/strong><br \/>\nClassic ist ein hochwertiges, ausgewogenes Oliven\u00f6l, ein Verschnitt aus Coratina- und Ogliarola-Oliven. Es hat eine goldgelbe Farbe mit gr\u00fcnen Reflexen, ist mittelfruchtig, vollmundig, mit Noten von Mandeln und Artischocken. Es eignet sich f\u00fcr eine breite Palette von Gerichten und k\u00f6nnte auch als &#8222;das Oliven\u00f6l f\u00fcr jeden Tag&#8220; bezeichnet werden.<\/p>\n","protected":false},"featured_media":13296,"comment_status":"open","ping_status":"closed","template":"","meta":[],"product_brand":[],"product_cat":[573],"product_tag":[56,57,54],"class_list":{"0":"post-3408","1":"product","2":"type-product","3":"status-publish","4":"has-post-thumbnail","6":"product_cat-olivenoel-kanister","7":"product_tag-fruchtig","8":"product_tag-intensiv","9":"product_tag-olivenoel","11":"first","12":"instock","13":"taxable","14":"shipping-taxable","15":"purchasable","16":"product-type-simple"},"_links":{"self":[{"href":"https:\/\/macchiaverde-bio.shop\/de\/wp-json\/wp\/v2\/product\/3408","targetHints":{"allow":["GET"]}}],"collection":[{"href":"https:\/\/macchiaverde-bio.shop\/de\/wp-json\/wp\/v2\/product"}],"about":[{"href":"https:\/\/macchiaverde-bio.shop\/de\/wp-json\/wp\/v2\/types\/product"}],"replies":[{"embeddable":true,"href":"https:\/\/macchiaverde-bio.shop\/de\/wp-json\/wp\/v2\/comments?post=3408"}],"wp:featuredmedia":[{"embeddable":true,"href":"https:\/\/macchiaverde-bio.shop\/de\/wp-json\/wp\/v2\/media\/13296"}],"wp:attachment":[{"href":"https:\/\/macchiaverde-bio.shop\/de\/wp-json\/wp\/v2\/media?parent=3408"}],"wp:term":[{"taxonomy":"product_brand","embeddable":true,"href":"https:\/\/macchiaverde-bio.shop\/de\/wp-json\/wp\/v2\/product_brand?post=3408"},{"taxonomy":"product_cat","embeddable":true,"href":"https:\/\/macchiaverde-bio.shop\/de\/wp-json\/wp\/v2\/product_cat?post=3408"},{"taxonomy":"product_tag","embeddable":true,"href":"https:\/\/macchiaverde-bio.shop\/de\/wp-json\/wp\/v2\/product_tag?post=3408"}],"curies":[{"name":"wp","href":"https:\/\/api.w.org\/{rel}","templated":true}]}}