{"id":3393,"date":"2019-12-09T18:20:33","date_gmt":"2019-12-09T17:20:33","guid":{"rendered":"https:\/\/www.olivenoel-muehle.de\/wp_oem\/?post_type=product&#038;p=3393"},"modified":"2024-01-01T17:03:34","modified_gmt":"2024-01-01T16:03:34","slug":"bio-olivenoel-leliodoro-flaschen-6-x-250-ml","status":"publish","type":"product","link":"https:\/\/macchiaverde-bio.shop\/de\/produkt\/bio-olivenoel-leliodoro-flaschen-6-x-250-ml\/","title":{"rendered":"Bio Oliven\u00f6l &#8211; L&#8217;Eliodoro &#8211; Flaschen 6 x 250 ml"},"content":{"rendered":"","protected":false},"excerpt":{"rendered":"<p>OLIO EXTRA<br \/>\nVERGINE DI OLIVA &#8211; SPREMUTO A FREDDO &#8211; <strong>CARTONE DA 6 bottiglie &#8211;<\/strong><\/p>\n<p>L&#8217;Eliodoro \u00e8 un olio equilibrato, giallo dorato di altissima qualit\u00e0, ottenuto dal 70% di olive Coratina e 30% Ogliarola. \u00c8 stato premiato in concorsi nazionali e internazionali, tra cui una medaglia d&#8217;argento nella categoria &#8222;Fruttato medio&#8220;, ed \u00e8 uno dei migliori della sua categoria con un contenuto di polifenoli di 714 mg \/ kg.<\/p>\n","protected":false},"featured_media":13341,"comment_status":"open","ping_status":"closed","template":"","meta":[],"product_brand":[],"product_cat":[52],"product_tag":[56,57,54],"class_list":{"0":"post-3393","1":"product","2":"type-product","3":"status-publish","4":"has-post-thumbnail","6":"product_cat-olivenoel-flaschen","7":"product_tag-fruchtig","8":"product_tag-intensiv","9":"product_tag-olivenoel","11":"first","12":"instock","13":"taxable","14":"shipping-taxable","15":"purchasable","16":"product-type-simple"},"_links":{"self":[{"href":"https:\/\/macchiaverde-bio.shop\/de\/wp-json\/wp\/v2\/product\/3393","targetHints":{"allow":["GET"]}}],"collection":[{"href":"https:\/\/macchiaverde-bio.shop\/de\/wp-json\/wp\/v2\/product"}],"about":[{"href":"https:\/\/macchiaverde-bio.shop\/de\/wp-json\/wp\/v2\/types\/product"}],"replies":[{"embeddable":true,"href":"https:\/\/macchiaverde-bio.shop\/de\/wp-json\/wp\/v2\/comments?post=3393"}],"wp:featuredmedia":[{"embeddable":true,"href":"https:\/\/macchiaverde-bio.shop\/de\/wp-json\/wp\/v2\/media\/13341"}],"wp:attachment":[{"href":"https:\/\/macchiaverde-bio.shop\/de\/wp-json\/wp\/v2\/media?parent=3393"}],"wp:term":[{"taxonomy":"product_brand","embeddable":true,"href":"https:\/\/macchiaverde-bio.shop\/de\/wp-json\/wp\/v2\/product_brand?post=3393"},{"taxonomy":"product_cat","embeddable":true,"href":"https:\/\/macchiaverde-bio.shop\/de\/wp-json\/wp\/v2\/product_cat?post=3393"},{"taxonomy":"product_tag","embeddable":true,"href":"https:\/\/macchiaverde-bio.shop\/de\/wp-json\/wp\/v2\/product_tag?post=3393"}],"curies":[{"name":"wp","href":"https:\/\/api.w.org\/{rel}","templated":true}]}}