{"id":3378,"date":"2019-02-09T15:05:01","date_gmt":"2019-02-09T14:05:01","guid":{"rendered":"https:\/\/www.olivenoel-muehle.de\/wp_oem\/?post_type=product&#038;p=3378"},"modified":"2024-02-24T16:06:19","modified_gmt":"2024-02-24T15:06:19","slug":"bio-olivenoel-lo-smeraldo-flaschen-6-x-250-ml","status":"publish","type":"product","link":"https:\/\/macchiaverde-bio.shop\/de\/produkt\/bio-olivenoel-lo-smeraldo-flaschen-6-x-250-ml\/","title":{"rendered":"Bio Oliven\u00f6l \u2013 Lo Smeraldo \u2013 Flaschen 6 x 250 ml"},"content":{"rendered":"","protected":false},"excerpt":{"rendered":"<p><strong>&#8211; Karton mit 6 Flaschen &#8211;<\/strong><\/p>\n<p>Smeraldo ist ein \u00fcppiges, vollmundiges gr\u00fcnes Oliven\u00f6l von h\u00f6chster Qualit\u00e4t, gepresst aus 100% Coratina-Oliven. Es hat Jahr f\u00fcr Jahr an allen nationalen und internationalen Wettbewerben teilgenommen, Goldmedaillen in der Kategorie &#8222;Vollfruchtig&#8220; gewonnen und geh\u00f6rt zu den internationalen Spitzenerzeugenissen. Dank der ausschlie\u00dflichen Verwendung von <strong>Coratina-Oliven<\/strong> zeichnet sich der Smeraldo durch einen <strong>sehr hohen Polyphenolgehalt<\/strong> aus. Vor allem der hohe Polyphenolgehalt verleiht dem Coratina-\u00d6l einen intensiven, fruchtigen und frischen Geschmack. Der Geruch der Oliven ist deutlich und unverwechselbar, am Gaumen zeigen sich Noten von rohen Fr\u00fcchten und ein Hauch von frischen gr\u00fcnen Mandeln.<\/p>\n<p>Smeraldo ist ideal f\u00fcr <strong>Pizza<\/strong> und erste G\u00e4nge, Focaccia, <strong>Steaks und gegrillte Gerichte<\/strong>. Es ist auch das ideale Oliven\u00f6l f\u00fcr die <strong>Zubereitung von Marinaden<\/strong> und Grillbeizen, denn der hohe Polyphenolgehalt sorgt daf\u00fcr, dass es tief in das Fleisch eindringt und die Aromen des Fleisches weitergibt.<\/p>\n","protected":false},"featured_media":13336,"comment_status":"closed","ping_status":"closed","template":"","meta":[],"product_brand":[],"product_cat":[52],"product_tag":[56,57,767],"class_list":{"0":"post-3378","1":"product","2":"type-product","3":"status-publish","4":"has-post-thumbnail","6":"product_cat-olivenoel-flaschen","7":"product_tag-fruchtig","8":"product_tag-intensiv","9":"product_tag-polyphenole","11":"first","12":"instock","13":"taxable","14":"shipping-taxable","15":"purchasable","16":"product-type-simple"},"_links":{"self":[{"href":"https:\/\/macchiaverde-bio.shop\/de\/wp-json\/wp\/v2\/product\/3378","targetHints":{"allow":["GET"]}}],"collection":[{"href":"https:\/\/macchiaverde-bio.shop\/de\/wp-json\/wp\/v2\/product"}],"about":[{"href":"https:\/\/macchiaverde-bio.shop\/de\/wp-json\/wp\/v2\/types\/product"}],"replies":[{"embeddable":true,"href":"https:\/\/macchiaverde-bio.shop\/de\/wp-json\/wp\/v2\/comments?post=3378"}],"wp:featuredmedia":[{"embeddable":true,"href":"https:\/\/macchiaverde-bio.shop\/de\/wp-json\/wp\/v2\/media\/13336"}],"wp:attachment":[{"href":"https:\/\/macchiaverde-bio.shop\/de\/wp-json\/wp\/v2\/media?parent=3378"}],"wp:term":[{"taxonomy":"product_brand","embeddable":true,"href":"https:\/\/macchiaverde-bio.shop\/de\/wp-json\/wp\/v2\/product_brand?post=3378"},{"taxonomy":"product_cat","embeddable":true,"href":"https:\/\/macchiaverde-bio.shop\/de\/wp-json\/wp\/v2\/product_cat?post=3378"},{"taxonomy":"product_tag","embeddable":true,"href":"https:\/\/macchiaverde-bio.shop\/de\/wp-json\/wp\/v2\/product_tag?post=3378"}],"curies":[{"name":"wp","href":"https:\/\/api.w.org\/{rel}","templated":true}]}}