{"id":16064,"date":"2023-03-23T17:15:53","date_gmt":"2023-03-23T16:15:53","guid":{"rendered":"https:\/\/macchiaverde-bio.shop\/?post_type=product&#038;p=16064"},"modified":"2026-01-02T00:10:29","modified_gmt":"2026-01-01T23:10:29","slug":"olivenoel-geschenkbox-oel-oliven","status":"publish","type":"product","link":"https:\/\/macchiaverde-bio.shop\/de\/produkt\/olivenoel-geschenkbox-oel-oliven\/","title":{"rendered":"Oliven\u00f6l Geschenkbox 3 \u00d6l &amp; Oliven"},"content":{"rendered":"","protected":false},"excerpt":{"rendered":"<p><strong>&#8211; Geschenkpackung Oliven\u00f6l &amp; Oliven &#8211; <\/strong><br \/>\nDiese Geschenkbox f\u00fcr Feinschmecker wird ein Hit sein, wenn Sie anspruchsvolle Menschen beschenken.<\/p>\n<p>Sie enth\u00e4lt eine 500-ml-Flasche von unserem Spitzen\u00f6l Smeraldo<br \/>\nund dazu unsere Auswahl an eingelegten Oliven: gro\u00dfe gr\u00fcne Oliven gef\u00fcllt mit Mandel, gemischte entsteinte kleine Oliven pikant gew\u00fcrzt und die Feinschmeckersorte Termiti di Bitetto in Lorbeer\u00f6l.<br \/>\nAlles mit unserem Bio Oliven\u00f6l eingelegt.<br \/>\n1 x Smeraldo, ein reichhaltiges, vollmundiges gr\u00fcnes \u00d6l von h\u00f6chster Qualit\u00e4t, wird<br \/>\nwird aus 100% Coratina-Oliven gepresst. Es hat Jahr f\u00fcr Jahr an allen nationalen und internationalen Wettbewerben teilgenommen und wurde bis zu Platin-Medaille in der Kategorie Healthclaim und\u00a0 &#8222;Vollfruchtig&#8220; ausgezeichnet. Mit seinen 1080mg\/kg Polyphenolen (Ernte 2019\/2020) steht es an der Spitze der internationalen \u00d6lproduktion.<\/p>\n","protected":false},"featured_media":16023,"comment_status":"open","ping_status":"closed","template":"","meta":[],"product_brand":[],"product_cat":[677,52],"product_tag":[565,56,57,54],"class_list":{"0":"post-16064","1":"product","2":"type-product","3":"status-publish","4":"has-post-thumbnail","6":"product_cat-geschenkboxen","7":"product_cat-olivenoel-flaschen","8":"product_tag-angebot","9":"product_tag-fruchtig","10":"product_tag-intensiv","11":"product_tag-olivenoel","13":"first","14":"instock","15":"taxable","16":"shipping-taxable","17":"purchasable","18":"product-type-simple"},"_links":{"self":[{"href":"https:\/\/macchiaverde-bio.shop\/de\/wp-json\/wp\/v2\/product\/16064","targetHints":{"allow":["GET"]}}],"collection":[{"href":"https:\/\/macchiaverde-bio.shop\/de\/wp-json\/wp\/v2\/product"}],"about":[{"href":"https:\/\/macchiaverde-bio.shop\/de\/wp-json\/wp\/v2\/types\/product"}],"replies":[{"embeddable":true,"href":"https:\/\/macchiaverde-bio.shop\/de\/wp-json\/wp\/v2\/comments?post=16064"}],"wp:featuredmedia":[{"embeddable":true,"href":"https:\/\/macchiaverde-bio.shop\/de\/wp-json\/wp\/v2\/media\/16023"}],"wp:attachment":[{"href":"https:\/\/macchiaverde-bio.shop\/de\/wp-json\/wp\/v2\/media?parent=16064"}],"wp:term":[{"taxonomy":"product_brand","embeddable":true,"href":"https:\/\/macchiaverde-bio.shop\/de\/wp-json\/wp\/v2\/product_brand?post=16064"},{"taxonomy":"product_cat","embeddable":true,"href":"https:\/\/macchiaverde-bio.shop\/de\/wp-json\/wp\/v2\/product_cat?post=16064"},{"taxonomy":"product_tag","embeddable":true,"href":"https:\/\/macchiaverde-bio.shop\/de\/wp-json\/wp\/v2\/product_tag?post=16064"}],"curies":[{"name":"wp","href":"https:\/\/api.w.org\/{rel}","templated":true}]}}