{"id":15873,"date":"2023-03-06T19:21:29","date_gmt":"2023-03-06T18:21:29","guid":{"rendered":"https:\/\/macchiaverde-bio.shop\/?post_type=product&#038;p=15873"},"modified":"2026-01-02T00:11:15","modified_gmt":"2026-01-01T23:11:15","slug":"olive-ripiene-grandi-con-mandorle-in-vaso-1-kg-qualita-gourmet-3x","status":"publish","type":"product","link":"https:\/\/macchiaverde-bio.shop\/de\/produkt\/olive-ripiene-grandi-con-mandorle-in-vaso-1-kg-qualita-gourmet-3x\/","title":{"rendered":"Olive ripiene grandi con mandorla in vasetto da 1 kg &#8211; qualit\u00e0 gourmet (3x)"},"content":{"rendered":"","protected":false},"excerpt":{"rendered":"<p><strong>Oliven gro\u00df gef\u00fcllt mit Mandel 1 kg<\/strong><br \/>\nDie Oliven MACCHIA VERDE sind ein rein handwerkliches Spitzenprodukt, diese lokale Gourmet-Sorte wird sorgf\u00e4ltig entsteint und gef\u00fcllt mit einer Mandel der Sorte &#8222;Filippo Cea&#8220; (diese gibt es auch separat bei uns zu kaufen). Die Oliven sind frei von jeglicher chemischer Manipulation und werden nach traditionellen Standards verarbeitet, sie werden mit Bio-Oliven\u00f6l Macchia Verde eingelegt, dieses w\u00fcrzige \u00d6l sollten Sie auch verwenden, wenn die Oliven verzehrt wurden.<\/p>\n","protected":false},"featured_media":15913,"comment_status":"closed","ping_status":"closed","template":"","meta":[],"product_brand":[],"product_cat":[1470],"product_tag":[],"class_list":{"0":"post-15873","1":"product","2":"type-product","3":"status-publish","4":"has-post-thumbnail","6":"product_cat-oliven","8":"first","9":"instock","10":"taxable","11":"shipping-taxable","12":"purchasable","13":"product-type-simple"},"_links":{"self":[{"href":"https:\/\/macchiaverde-bio.shop\/de\/wp-json\/wp\/v2\/product\/15873","targetHints":{"allow":["GET"]}}],"collection":[{"href":"https:\/\/macchiaverde-bio.shop\/de\/wp-json\/wp\/v2\/product"}],"about":[{"href":"https:\/\/macchiaverde-bio.shop\/de\/wp-json\/wp\/v2\/types\/product"}],"replies":[{"embeddable":true,"href":"https:\/\/macchiaverde-bio.shop\/de\/wp-json\/wp\/v2\/comments?post=15873"}],"wp:featuredmedia":[{"embeddable":true,"href":"https:\/\/macchiaverde-bio.shop\/de\/wp-json\/wp\/v2\/media\/15913"}],"wp:attachment":[{"href":"https:\/\/macchiaverde-bio.shop\/de\/wp-json\/wp\/v2\/media?parent=15873"}],"wp:term":[{"taxonomy":"product_brand","embeddable":true,"href":"https:\/\/macchiaverde-bio.shop\/de\/wp-json\/wp\/v2\/product_brand?post=15873"},{"taxonomy":"product_cat","embeddable":true,"href":"https:\/\/macchiaverde-bio.shop\/de\/wp-json\/wp\/v2\/product_cat?post=15873"},{"taxonomy":"product_tag","embeddable":true,"href":"https:\/\/macchiaverde-bio.shop\/de\/wp-json\/wp\/v2\/product_tag?post=15873"}],"curies":[{"name":"wp","href":"https:\/\/api.w.org\/{rel}","templated":true}]}}