{"id":15787,"date":"2023-03-06T11:54:35","date_gmt":"2023-03-06T10:54:35","guid":{"rendered":"https:\/\/macchiaverde-bio.shop\/?post_type=product&#038;p=15787"},"modified":"2026-01-02T00:13:02","modified_gmt":"2026-01-01T23:13:02","slug":"oliven-pikant-im-glas-1-kg-gourmet-qualitaet","status":"publish","type":"product","link":"https:\/\/macchiaverde-bio.shop\/de\/produkt\/oliven-pikant-im-glas-1-kg-gourmet-qualitaet\/","title":{"rendered":"Oliven pikant im Glas 1 kg &#8211; Gourmet Qualit\u00e4t"},"content":{"rendered":"","protected":false},"excerpt":{"rendered":"<p><strong>Oliven im Glas, Entsteint und pikant eingelegt 1 kg<\/strong><br \/>\nDie Oliven MACCHIA VERDE sind ein rein handwerkliches Spitzenprodukt, diese lokalen kleinen \u00d6lsorten werden sorgf\u00e4ltig entsteint und eingelegt mit Kr\u00e4utern und Chili, nat\u00fcrlich unter Zugabe von unserem Oliven\u00f6l. Die Oliven sind frei von jeglicher chemischer Manipulation und werden nach traditionellen Standards verarbeitet, sie werden mit Bio-Oliven\u00f6l Macchia Verde eingelegt, dieses w\u00fcrzige \u00d6l sollten Sie auch verwenden, wenn die Oliven verzehrt wurden.<\/p>\n","protected":false},"featured_media":15819,"comment_status":"open","ping_status":"closed","template":"","meta":[],"product_brand":[],"product_cat":[1470],"product_tag":[],"class_list":{"0":"post-15787","1":"product","2":"type-product","3":"status-publish","4":"has-post-thumbnail","6":"product_cat-oliven","8":"first","9":"instock","10":"taxable","11":"shipping-taxable","12":"purchasable","13":"product-type-simple"},"_links":{"self":[{"href":"https:\/\/macchiaverde-bio.shop\/de\/wp-json\/wp\/v2\/product\/15787","targetHints":{"allow":["GET"]}}],"collection":[{"href":"https:\/\/macchiaverde-bio.shop\/de\/wp-json\/wp\/v2\/product"}],"about":[{"href":"https:\/\/macchiaverde-bio.shop\/de\/wp-json\/wp\/v2\/types\/product"}],"replies":[{"embeddable":true,"href":"https:\/\/macchiaverde-bio.shop\/de\/wp-json\/wp\/v2\/comments?post=15787"}],"wp:featuredmedia":[{"embeddable":true,"href":"https:\/\/macchiaverde-bio.shop\/de\/wp-json\/wp\/v2\/media\/15819"}],"wp:attachment":[{"href":"https:\/\/macchiaverde-bio.shop\/de\/wp-json\/wp\/v2\/media?parent=15787"}],"wp:term":[{"taxonomy":"product_brand","embeddable":true,"href":"https:\/\/macchiaverde-bio.shop\/de\/wp-json\/wp\/v2\/product_brand?post=15787"},{"taxonomy":"product_cat","embeddable":true,"href":"https:\/\/macchiaverde-bio.shop\/de\/wp-json\/wp\/v2\/product_cat?post=15787"},{"taxonomy":"product_tag","embeddable":true,"href":"https:\/\/macchiaverde-bio.shop\/de\/wp-json\/wp\/v2\/product_tag?post=15787"}],"curies":[{"name":"wp","href":"https:\/\/api.w.org\/{rel}","templated":true}]}}