{"id":15439,"date":"2022-12-22T22:53:08","date_gmt":"2022-12-22T21:53:08","guid":{"rendered":"https:\/\/macchiaverde-bio.shop\/?post_type=product&#038;p=15439"},"modified":"2026-01-02T00:13:51","modified_gmt":"2026-01-01T23:13:51","slug":"olivenoel-geschenkbox-set-4x","status":"publish","type":"product","link":"https:\/\/macchiaverde-bio.shop\/de\/produkt\/olivenoel-geschenkbox-set-4x\/","title":{"rendered":"Oliven\u00f6l Geschenkbox Set (4x)"},"content":{"rendered":"","protected":false},"excerpt":{"rendered":"<p><strong>&#8211; Oliven\u00f6l Geschenkbox Set (4x) &#8211; Firmenkunden und Privat<br \/>\n<\/strong><\/p>\n<p>Diese Geschenkbox f\u00fcr Feinschmecker wird ein Hit sein, wenn Sie anspruchsvolle Menschen beschenken.<\/p>\n<p>Das Set enth\u00e4lt wahlweise eine auswahl der angebotenen Geschenkboxen, w\u00e4hlen Sie aus und<br \/>\nVerwenden Sie im Notizfeld bei der Bestellung den Begriff:<br \/>\n<strong>Geschenkbox 1 <\/strong><strong>x 4 oder 2 <\/strong>oder eine Auswahl von allen 4 Boxen<strong><br \/>\n<\/strong>indem Sie zB. schreiben <strong>Geschenkbox 1 <\/strong><strong>x 1, Geschenkbox 2 x 1, Geschenkbox 3 x 1, Geschenkbox 4 x 1<br \/>\n<\/strong><br \/>\nSmeraldo, ein reichhaltiges, vollmundiges gr\u00fcnes \u00d6l von h\u00f6chster Qualit\u00e4t, wird<br \/>\nwird aus 100% Coratina-Oliven gepresst. Es hat Jahr f\u00fcr Jahr an allen nationalen und internationalen Wettbewerben teilgenommen und wurde bis zu Platin-Medaille in der Kategorie Healthclaim und\u00a0 &#8222;Vollfruchtig&#8220; ausgezeichnet. Mit seinen bis zu 1081mg\/kg Polyphenolen (Ernte 2021\/2022) steht es an der Spitze der internationalen \u00d6lproduktion.<br \/>\n1x Eliodoro, ein ausgewogenes, goldgelbes \u00d6l von h\u00f6chster Qualit\u00e4t, wird<br \/>\nwird zu 70% aus Coratina- und zu 30% aus Ogliarola-Oliven gewonnen. Es hat an allen nationalen und internationalen Wettbewerben teilgenommen und wurde bis zur Goldmedaille in der Kategorie &#8222;mittel-fruchtig&#8220; ausgezeichnet.<\/p>\n","protected":false},"featured_media":15369,"comment_status":"open","ping_status":"closed","template":"","meta":[],"product_brand":[],"product_cat":[677,52],"product_tag":[565,56,57,54],"class_list":{"0":"post-15439","1":"product","2":"type-product","3":"status-publish","4":"has-post-thumbnail","6":"product_cat-geschenkboxen","7":"product_cat-olivenoel-flaschen","8":"product_tag-angebot","9":"product_tag-fruchtig","10":"product_tag-intensiv","11":"product_tag-olivenoel","13":"first","14":"instock","15":"taxable","16":"shipping-taxable","17":"purchasable","18":"product-type-simple"},"_links":{"self":[{"href":"https:\/\/macchiaverde-bio.shop\/de\/wp-json\/wp\/v2\/product\/15439","targetHints":{"allow":["GET"]}}],"collection":[{"href":"https:\/\/macchiaverde-bio.shop\/de\/wp-json\/wp\/v2\/product"}],"about":[{"href":"https:\/\/macchiaverde-bio.shop\/de\/wp-json\/wp\/v2\/types\/product"}],"replies":[{"embeddable":true,"href":"https:\/\/macchiaverde-bio.shop\/de\/wp-json\/wp\/v2\/comments?post=15439"}],"wp:featuredmedia":[{"embeddable":true,"href":"https:\/\/macchiaverde-bio.shop\/de\/wp-json\/wp\/v2\/media\/15369"}],"wp:attachment":[{"href":"https:\/\/macchiaverde-bio.shop\/de\/wp-json\/wp\/v2\/media?parent=15439"}],"wp:term":[{"taxonomy":"product_brand","embeddable":true,"href":"https:\/\/macchiaverde-bio.shop\/de\/wp-json\/wp\/v2\/product_brand?post=15439"},{"taxonomy":"product_cat","embeddable":true,"href":"https:\/\/macchiaverde-bio.shop\/de\/wp-json\/wp\/v2\/product_cat?post=15439"},{"taxonomy":"product_tag","embeddable":true,"href":"https:\/\/macchiaverde-bio.shop\/de\/wp-json\/wp\/v2\/product_tag?post=15439"}],"curies":[{"name":"wp","href":"https:\/\/api.w.org\/{rel}","templated":true}]}}