{"id":15399,"date":"2022-12-22T22:43:48","date_gmt":"2022-12-22T21:43:48","guid":{"rendered":"https:\/\/macchiaverde-bio.shop\/?post_type=product&#038;p=15399"},"modified":"2024-02-24T15:33:36","modified_gmt":"2024-02-24T14:33:36","slug":"bio-olivenoel-lo-smeraldo-flaschen-12-x-250-ml","status":"publish","type":"product","link":"https:\/\/macchiaverde-bio.shop\/de\/produkt\/bio-olivenoel-lo-smeraldo-flaschen-12-x-250-ml\/","title":{"rendered":"Bio Oliven\u00f6l \u2013 Lo Smeraldo \u2013 Flaschen 12 x 250 ml"},"content":{"rendered":"","protected":false},"excerpt":{"rendered":"<p><strong>&#8211; Cartone da 12 bottiglie &#8211;<\/strong><\/p>\n<p id=\"tw-target-text\" class=\"tw-data-text tw-text-large tw-ta\" dir=\"ltr\" data-placeholder=\"\u00dcbersetzung\"><span lang=\"de\">Lo Smeraldo \u00e8 un olio d&#8217;oliva verde ricco e corposo di altissima qualit\u00e0, viene franto da olive 100% Coratina. Anno dopo anno, ha partecipato a tutti i concorsi nazionali e internazionali ed \u00e8 stato premiato con medaglie fino al Platino nella categoria &#8222;Full fruity&#8220; e &#8222;Health Claim&#8220;, si colloca ai primissimi posti nella produzione internazionale di olio d&#8217;oliva.<\/span><\/p>\n<p class=\"tw-data-text tw-text-large tw-ta\" dir=\"ltr\" data-placeholder=\"\u00dcbersetzung\"><span lang=\"de\">Grazie all&#8217;utilizzo esclusivo di <strong>olive Coratina<\/strong>, lo Smeraldo si caratterizza per <strong>l&#8217;altissimo <\/strong><strong>contenuto di polifenoli<\/strong>. Soprattutto l&#8217;alto contenuto di polifenoli conferisce all&#8217;olio di Coratina un gusto <strong>intenso, fruttato e fresco<\/strong>. Il profumo delle olive \u00e8 limpido e inconfondibile, ci sono chiare note di frutta cruda al gusto e note di mandorle verdi fresche.<\/span><\/p>\n<p dir=\"ltr\" data-placeholder=\"\u00dcbersetzung\">Lo Smeraldo \u00e8 ideale per <strong>pizza<\/strong> e <strong>primi<\/strong> piatti, ma anche focacce, <strong>bistecche<\/strong> e <strong>piatti alla griglia<\/strong>. \u00c8 anche l&#8217;olio d&#8217;oliva ideale per fare <strong>marinate grigliate<\/strong> e decapaggio, perch\u00e9 il massimo contenuto di polifenoli penetra in profondit\u00e0 nella carne e trasporta gli aromi delle spezie.<\/p>\n","protected":false},"featured_media":15429,"comment_status":"closed","ping_status":"closed","template":"","meta":[],"product_brand":[],"product_cat":[52],"product_tag":[],"class_list":{"0":"post-15399","1":"product","2":"type-product","3":"status-publish","4":"has-post-thumbnail","6":"product_cat-olivenoel-flaschen","8":"first","9":"instock","10":"taxable","11":"shipping-taxable","12":"purchasable","13":"product-type-simple"},"_links":{"self":[{"href":"https:\/\/macchiaverde-bio.shop\/de\/wp-json\/wp\/v2\/product\/15399","targetHints":{"allow":["GET"]}}],"collection":[{"href":"https:\/\/macchiaverde-bio.shop\/de\/wp-json\/wp\/v2\/product"}],"about":[{"href":"https:\/\/macchiaverde-bio.shop\/de\/wp-json\/wp\/v2\/types\/product"}],"replies":[{"embeddable":true,"href":"https:\/\/macchiaverde-bio.shop\/de\/wp-json\/wp\/v2\/comments?post=15399"}],"wp:featuredmedia":[{"embeddable":true,"href":"https:\/\/macchiaverde-bio.shop\/de\/wp-json\/wp\/v2\/media\/15429"}],"wp:attachment":[{"href":"https:\/\/macchiaverde-bio.shop\/de\/wp-json\/wp\/v2\/media?parent=15399"}],"wp:term":[{"taxonomy":"product_brand","embeddable":true,"href":"https:\/\/macchiaverde-bio.shop\/de\/wp-json\/wp\/v2\/product_brand?post=15399"},{"taxonomy":"product_cat","embeddable":true,"href":"https:\/\/macchiaverde-bio.shop\/de\/wp-json\/wp\/v2\/product_cat?post=15399"},{"taxonomy":"product_tag","embeddable":true,"href":"https:\/\/macchiaverde-bio.shop\/de\/wp-json\/wp\/v2\/product_tag?post=15399"}],"curies":[{"name":"wp","href":"https:\/\/api.w.org\/{rel}","templated":true}]}}