{"id":15379,"date":"2022-12-22T22:38:56","date_gmt":"2022-12-22T21:38:56","guid":{"rendered":"https:\/\/macchiaverde-bio.shop\/?post_type=product&#038;p=15379"},"modified":"2023-12-25T03:03:55","modified_gmt":"2023-12-25T02:03:55","slug":"bio-olivenoel-classic-kanister-5-l","status":"publish","type":"product","link":"https:\/\/macchiaverde-bio.shop\/de\/produkt\/bio-olivenoel-classic-kanister-5-l\/","title":{"rendered":"Bio Oliven\u00f6l &#8211; Classic &#8211; Kanister 5 L"},"content":{"rendered":"","protected":false},"excerpt":{"rendered":"<p><strong>\u2013 Bio Oliven\u00f6l &#8211; Classic &#8211; Kanister 5 L\u00a0\u2013<\/strong><br \/>\nClassic ist ein hochwertiges, ausgewogenes Oliven\u00f6l, ein Verschnitt aus Coratina- und Ogliarola-Oliven. Es hat eine goldgelbe Farbe mit gr\u00fcnen Reflexen, ist mittelfruchtig, vollmundig, mit Noten von Mandeln und Artischocken. Es eignet sich f\u00fcr eine breite Palette von Gerichten und k\u00f6nnte auch als &#8222;das Oliven\u00f6l f\u00fcr jeden Tag&#8220; bezeichnet werden.<\/p>\n","protected":false},"featured_media":15359,"comment_status":"open","ping_status":"closed","template":"","meta":[],"product_brand":[],"product_cat":[573],"product_tag":[56,57,54],"class_list":{"0":"post-15379","1":"product","2":"type-product","3":"status-publish","4":"has-post-thumbnail","6":"product_cat-olivenoel-kanister","7":"product_tag-fruchtig","8":"product_tag-intensiv","9":"product_tag-olivenoel","11":"first","12":"instock","13":"taxable","14":"shipping-taxable","15":"purchasable","16":"product-type-simple"},"_links":{"self":[{"href":"https:\/\/macchiaverde-bio.shop\/de\/wp-json\/wp\/v2\/product\/15379","targetHints":{"allow":["GET"]}}],"collection":[{"href":"https:\/\/macchiaverde-bio.shop\/de\/wp-json\/wp\/v2\/product"}],"about":[{"href":"https:\/\/macchiaverde-bio.shop\/de\/wp-json\/wp\/v2\/types\/product"}],"replies":[{"embeddable":true,"href":"https:\/\/macchiaverde-bio.shop\/de\/wp-json\/wp\/v2\/comments?post=15379"}],"wp:featuredmedia":[{"embeddable":true,"href":"https:\/\/macchiaverde-bio.shop\/de\/wp-json\/wp\/v2\/media\/15359"}],"wp:attachment":[{"href":"https:\/\/macchiaverde-bio.shop\/de\/wp-json\/wp\/v2\/media?parent=15379"}],"wp:term":[{"taxonomy":"product_brand","embeddable":true,"href":"https:\/\/macchiaverde-bio.shop\/de\/wp-json\/wp\/v2\/product_brand?post=15379"},{"taxonomy":"product_cat","embeddable":true,"href":"https:\/\/macchiaverde-bio.shop\/de\/wp-json\/wp\/v2\/product_cat?post=15379"},{"taxonomy":"product_tag","embeddable":true,"href":"https:\/\/macchiaverde-bio.shop\/de\/wp-json\/wp\/v2\/product_tag?post=15379"}],"curies":[{"name":"wp","href":"https:\/\/api.w.org\/{rel}","templated":true}]}}