{"id":15217,"date":"2022-12-16T19:14:28","date_gmt":"2022-12-16T18:14:28","guid":{"rendered":"https:\/\/macchiaverde-bio.shop\/?post_type=product&#038;p=15217"},"modified":"2026-01-02T00:16:02","modified_gmt":"2026-01-01T23:16:02","slug":"olive-miste-220g-3x","status":"publish","type":"product","link":"https:\/\/macchiaverde-bio.shop\/de\/produkt\/olive-miste-220g-3x\/","title":{"rendered":"Olive miste 220 g (3x)"},"content":{"rendered":"","protected":false},"excerpt":{"rendered":"<p><strong>Oliven im Glas 3 Sorten 220 g (3x)<\/strong><\/p>\n<p>MACCHIA VERDE Oliven sind ein rein handwerklich hergestelltes Spitzen-Produkt, Sie erhalten 3 verschiedene Sorten Oliven:<\/p>\n<p>1. Gro\u00dfe Oliven gef\u00fcllt mit Mandel<br \/>\n2. Gemischte, entsteinte und w\u00fcrzig eingelegt kleine Oliven<br \/>\n3. Die lokale Gourmet Sorte &#8222;Termiti di Bitetto&#8220; mit Lorbeer eingelegt.<\/p>\n<p>Alle 3 Sorten sind frei von jeglicher chemischer Manipulation und nach traditionellen Standards verarbeitet. Sie sind alle mit MACCHIA VERDE BIO Oliven\u00f6l eigelegt. Dieses w\u00fcrzige \u00d6l sollten Sie auch verwenden, wenn die Oliven darin mal aufgegessen wurden.<\/p>\n<p>Das Set enth\u00e4lt 1 Glas von jeder Sorte.<\/p>\n","protected":false},"featured_media":15155,"comment_status":"closed","ping_status":"closed","template":"","meta":[],"product_brand":[],"product_cat":[1468],"product_tag":[],"class_list":{"0":"post-15217","1":"product","2":"type-product","3":"status-publish","4":"has-post-thumbnail","6":"product_cat-gourmet-sets","8":"first","9":"instock","10":"taxable","11":"shipping-taxable","12":"purchasable","13":"product-type-simple"},"_links":{"self":[{"href":"https:\/\/macchiaverde-bio.shop\/de\/wp-json\/wp\/v2\/product\/15217","targetHints":{"allow":["GET"]}}],"collection":[{"href":"https:\/\/macchiaverde-bio.shop\/de\/wp-json\/wp\/v2\/product"}],"about":[{"href":"https:\/\/macchiaverde-bio.shop\/de\/wp-json\/wp\/v2\/types\/product"}],"replies":[{"embeddable":true,"href":"https:\/\/macchiaverde-bio.shop\/de\/wp-json\/wp\/v2\/comments?post=15217"}],"wp:featuredmedia":[{"embeddable":true,"href":"https:\/\/macchiaverde-bio.shop\/de\/wp-json\/wp\/v2\/media\/15155"}],"wp:attachment":[{"href":"https:\/\/macchiaverde-bio.shop\/de\/wp-json\/wp\/v2\/media?parent=15217"}],"wp:term":[{"taxonomy":"product_brand","embeddable":true,"href":"https:\/\/macchiaverde-bio.shop\/de\/wp-json\/wp\/v2\/product_brand?post=15217"},{"taxonomy":"product_cat","embeddable":true,"href":"https:\/\/macchiaverde-bio.shop\/de\/wp-json\/wp\/v2\/product_cat?post=15217"},{"taxonomy":"product_tag","embeddable":true,"href":"https:\/\/macchiaverde-bio.shop\/de\/wp-json\/wp\/v2\/product_tag?post=15217"}],"curies":[{"name":"wp","href":"https:\/\/api.w.org\/{rel}","templated":true}]}}