{"id":15214,"date":"2022-12-16T18:51:29","date_gmt":"2022-12-16T17:51:29","guid":{"rendered":"https:\/\/macchiaverde-bio.shop\/?post_type=product&#038;p=15214"},"modified":"2026-01-02T00:18:48","modified_gmt":"2026-01-01T23:18:48","slug":"oliven-im-glas-1-kg-3x","status":"publish","type":"product","link":"https:\/\/macchiaverde-bio.shop\/de\/produkt\/oliven-im-glas-1-kg-3x\/","title":{"rendered":"Oliven im Glas 1 kg (3x) &#8211; Gourmet Qualit\u00e4t"},"content":{"rendered":"<p>Oliven im Glas 1 kg (3x)<\/p>\n","protected":false},"excerpt":{"rendered":"<p><strong>Oliven im Glas, Sorte &#8222;Termiti di Bitetto&#8220; 1 Kg x 3<br \/>\n<\/strong>Die Oliven MACCHIA VERDE sind ein rein handwerkliches Spitzenprodukt, die lokale Gourmet-Sorte &#8222;Termiti di Bitetto&#8220;, die mit Lorbeer\u00f6l eingelegt ist. Die Oliven sind frei von jeglicher chemischer Manipulation und werden nach traditionellen Standards verarbeitet, sie werden mit Bio-Oliven\u00f6l Macchia Verde mariniert, dieses w\u00fcrzige Lorbeer\u00f6l sollten Sie auch verwenden, wenn die Oliven verzehrt wurden.<\/p>\n","protected":false},"featured_media":14914,"comment_status":"open","ping_status":"closed","template":"","meta":[],"product_brand":[],"product_cat":[1468,1470],"product_tag":[],"class_list":{"0":"post-15214","1":"product","2":"type-product","3":"status-publish","4":"has-post-thumbnail","6":"product_cat-gourmet-sets","7":"product_cat-oliven","9":"first","10":"instock","11":"taxable","12":"shipping-taxable","13":"purchasable","14":"product-type-simple"},"_links":{"self":[{"href":"https:\/\/macchiaverde-bio.shop\/de\/wp-json\/wp\/v2\/product\/15214","targetHints":{"allow":["GET"]}}],"collection":[{"href":"https:\/\/macchiaverde-bio.shop\/de\/wp-json\/wp\/v2\/product"}],"about":[{"href":"https:\/\/macchiaverde-bio.shop\/de\/wp-json\/wp\/v2\/types\/product"}],"replies":[{"embeddable":true,"href":"https:\/\/macchiaverde-bio.shop\/de\/wp-json\/wp\/v2\/comments?post=15214"}],"wp:featuredmedia":[{"embeddable":true,"href":"https:\/\/macchiaverde-bio.shop\/de\/wp-json\/wp\/v2\/media\/14914"}],"wp:attachment":[{"href":"https:\/\/macchiaverde-bio.shop\/de\/wp-json\/wp\/v2\/media?parent=15214"}],"wp:term":[{"taxonomy":"product_brand","embeddable":true,"href":"https:\/\/macchiaverde-bio.shop\/de\/wp-json\/wp\/v2\/product_brand?post=15214"},{"taxonomy":"product_cat","embeddable":true,"href":"https:\/\/macchiaverde-bio.shop\/de\/wp-json\/wp\/v2\/product_cat?post=15214"},{"taxonomy":"product_tag","embeddable":true,"href":"https:\/\/macchiaverde-bio.shop\/de\/wp-json\/wp\/v2\/product_tag?post=15214"}],"curies":[{"name":"wp","href":"https:\/\/api.w.org\/{rel}","templated":true}]}}