{"id":15212,"date":"2022-12-16T18:45:48","date_gmt":"2022-12-16T17:45:48","guid":{"rendered":"https:\/\/macchiaverde-bio.shop\/?post_type=product&#038;p=15212"},"modified":"2026-01-02T00:23:35","modified_gmt":"2026-01-01T23:23:35","slug":"oliven-im-glas-1-kg","status":"publish","type":"product","link":"https:\/\/macchiaverde-bio.shop\/de\/produkt\/oliven-im-glas-1-kg\/","title":{"rendered":"Oliven im Glas 1 kg &#8211; Gourmet Qualit\u00e4t"},"content":{"rendered":"","protected":false},"excerpt":{"rendered":"<p><strong>Oliven im Glas, Sorte &#8222;Termiti di Bitetto&#8220; 1 kg<\/strong><br \/>\nDie Oliven MACCHIA VERDE sind ein rein handwerkliches Spitzenprodukt, die lokale Gourmet-Sorte &#8222;Termiti di Bitetto&#8220;, die mit Lorbeer\u00f6l eingelegt ist. Die Oliven sind frei von jeglicher chemischer Manipulation und werden nach traditionellen Standards verarbeitet, sie werden mit Bio-Oliven\u00f6l Macchia Verde mariniert, dieses w\u00fcrzige Lorbeer\u00f6l sollten Sie auch verwenden, wenn die Oliven verzehrt wurden.<\/p>\n","protected":false},"featured_media":14934,"comment_status":"open","ping_status":"closed","template":"","meta":[],"product_brand":[],"product_cat":[1470],"product_tag":[],"class_list":{"0":"post-15212","1":"product","2":"type-product","3":"status-publish","4":"has-post-thumbnail","6":"product_cat-oliven","8":"first","9":"instock","10":"taxable","11":"shipping-taxable","12":"purchasable","13":"product-type-simple"},"_links":{"self":[{"href":"https:\/\/macchiaverde-bio.shop\/de\/wp-json\/wp\/v2\/product\/15212","targetHints":{"allow":["GET"]}}],"collection":[{"href":"https:\/\/macchiaverde-bio.shop\/de\/wp-json\/wp\/v2\/product"}],"about":[{"href":"https:\/\/macchiaverde-bio.shop\/de\/wp-json\/wp\/v2\/types\/product"}],"replies":[{"embeddable":true,"href":"https:\/\/macchiaverde-bio.shop\/de\/wp-json\/wp\/v2\/comments?post=15212"}],"wp:featuredmedia":[{"embeddable":true,"href":"https:\/\/macchiaverde-bio.shop\/de\/wp-json\/wp\/v2\/media\/14934"}],"wp:attachment":[{"href":"https:\/\/macchiaverde-bio.shop\/de\/wp-json\/wp\/v2\/media?parent=15212"}],"wp:term":[{"taxonomy":"product_brand","embeddable":true,"href":"https:\/\/macchiaverde-bio.shop\/de\/wp-json\/wp\/v2\/product_brand?post=15212"},{"taxonomy":"product_cat","embeddable":true,"href":"https:\/\/macchiaverde-bio.shop\/de\/wp-json\/wp\/v2\/product_cat?post=15212"},{"taxonomy":"product_tag","embeddable":true,"href":"https:\/\/macchiaverde-bio.shop\/de\/wp-json\/wp\/v2\/product_tag?post=15212"}],"curies":[{"name":"wp","href":"https:\/\/api.w.org\/{rel}","templated":true}]}}