{"id":15208,"date":"2022-12-16T18:25:46","date_gmt":"2022-12-16T17:25:46","guid":{"rendered":"https:\/\/macchiaverde-bio.shop\/?post_type=product&#038;p=15208"},"modified":"2026-01-02T00:24:38","modified_gmt":"2026-01-01T23:24:38","slug":"bio-mandeln-2-x-500-g","status":"publish","type":"product","link":"https:\/\/macchiaverde-bio.shop\/de\/produkt\/bio-mandeln-2-x-500-g\/","title":{"rendered":"Bio Mandeln 2 x 500 g"},"content":{"rendered":"","protected":false},"excerpt":{"rendered":"<p>Bio-Mandeln der Sorte &#8222;Filippo Cea&#8220; 500 gx 2<br \/>\nDie Mandel der Sorte &#8222;Filippo Cea&#8220; gilt unter Kennern als die K\u00f6nigin der Mandeln und ist in Apulien, wo sie haupts\u00e4chlich angebaut wird, die Mandel schlechthin f\u00fcr Konditoren. Nicht nur geschmacklich, sondern auch in Bezug auf den Gehalt an Vitaminen und Spurenelementen ist er un\u00fcbertroffen. Sie kommen in Bio-Qualit\u00e4t zu uns, frisch gesch\u00e4lt und verpackt.<\/p>\n","protected":false},"featured_media":15105,"comment_status":"open","ping_status":"closed","template":"","meta":[],"product_brand":[],"product_cat":[1468,1469],"product_tag":[],"class_list":{"0":"post-15208","1":"product","2":"type-product","3":"status-publish","4":"has-post-thumbnail","6":"product_cat-gourmet-sets","7":"product_cat-mandeln","8":"product_shipping_class-reduzierte-pauschale","10":"first","11":"instock","12":"taxable","13":"shipping-taxable","14":"purchasable","15":"product-type-simple"},"_links":{"self":[{"href":"https:\/\/macchiaverde-bio.shop\/de\/wp-json\/wp\/v2\/product\/15208","targetHints":{"allow":["GET"]}}],"collection":[{"href":"https:\/\/macchiaverde-bio.shop\/de\/wp-json\/wp\/v2\/product"}],"about":[{"href":"https:\/\/macchiaverde-bio.shop\/de\/wp-json\/wp\/v2\/types\/product"}],"replies":[{"embeddable":true,"href":"https:\/\/macchiaverde-bio.shop\/de\/wp-json\/wp\/v2\/comments?post=15208"}],"wp:featuredmedia":[{"embeddable":true,"href":"https:\/\/macchiaverde-bio.shop\/de\/wp-json\/wp\/v2\/media\/15105"}],"wp:attachment":[{"href":"https:\/\/macchiaverde-bio.shop\/de\/wp-json\/wp\/v2\/media?parent=15208"}],"wp:term":[{"taxonomy":"product_brand","embeddable":true,"href":"https:\/\/macchiaverde-bio.shop\/de\/wp-json\/wp\/v2\/product_brand?post=15208"},{"taxonomy":"product_cat","embeddable":true,"href":"https:\/\/macchiaverde-bio.shop\/de\/wp-json\/wp\/v2\/product_cat?post=15208"},{"taxonomy":"product_tag","embeddable":true,"href":"https:\/\/macchiaverde-bio.shop\/de\/wp-json\/wp\/v2\/product_tag?post=15208"}],"curies":[{"name":"wp","href":"https:\/\/api.w.org\/{rel}","templated":true}]}}