{"id":3,"date":"2019-04-02T16:17:42","date_gmt":"2019-04-02T14:17:42","guid":{"rendered":"http:\/\/www.olivenoel-muehle.de\/wp_oem\/?page_id=3"},"modified":"2022-01-07T19:06:18","modified_gmt":"2022-01-07T18:06:18","slug":"datenschutzerklaerung","status":"publish","type":"page","link":"https:\/\/macchiaverde-bio.shop\/de\/datenschutzerklaerung\/","title":{"rendered":"Datenschutzerkl\u00e4rung"},"content":{"rendered":"\n<div class=\"container section-title-container\" ><h1 class=\"section-title section-title-normal\"><b aria-hidden=\"true\"><\/b><span class=\"section-title-main\" >Datenschutzerkl\u00e4rung<\/span><b aria-hidden=\"true\"><\/b><\/h1><\/div>\n\n<h5>1. Allgemeines<\/h5>\n<p>Alle Leistungen, die <strong>macchiaverdie-bio.shop<\/strong> f\u00fcr den Kunden oder Besucher erbracht werden, erfolgen ausschlie\u00dflich auf der Grundlage der nachfolgenden Allgemeinen Gesch\u00e4ftsbedingungen. Abweichende Regelungen haben nur dann Geltung, wenn sie zwischen der MACCHIA VERDE BIO und dem Kunden individuell vereinbart wurden.<\/p>\n<h5>2. Vertragsschluss<\/h5>\n<p>2.1&nbsp;&nbsp;&nbsp; Die Angebote des Onlineshops stellen eine unverbindliche Kauf-Aufforderung an den Kunden dar, im Onlineshop Waren zu bestellen.<\/p>\n<p>2.2&nbsp;&nbsp;&nbsp; Durch die Bestellung der gew\u00fcnschten Waren im Internet gibt der Kunde ein verbindliches Angebot auf Abschluss eines Kaufvertrages ab.<\/p>\n<p>2.3&nbsp;&nbsp;&nbsp; Die Oliven\u00f6lm\u00fchle Macchia Verde Bio best\u00e4tigt den Zugang der Bestellung unverz\u00fcglich, sp\u00e4testens nach Zugang der Bestellung. Die Bestellbest\u00e4tigung stellt noch keine rechtsgesch\u00e4ftliche Annahme unsererseits dar. Die Angebotsannahme durch uns erfolgt erst, indem wir die Ware zum Versand an Sie bringen. Sie erhalten eine schriftliche Versandbest\u00e4tigung per E-Mail. Der Kunde ist jedoch h\u00f6chstens 14 Tage an sein Angebot gebunden, es sei denn andere Absprachen wurden getroffen (Nachbestellen, Lieferung bei Wiederverf\u00fcgbarkeit).<\/p>\n<p>2.4&nbsp;&nbsp;&nbsp; Vertragsgegenstand ist die vom Kunden bestellte Ware. Bez\u00fcglich der Beschaffenheit gilt die Angebotsbeschreibung, im \u00dcbrigen gilt \u00a7 434 Abs.1 Satz 3 BGB.<\/p>\n<h5>3. R\u00fccksendekostenvereinbarung, Widerrufsrecht, Ausschluss des Widerrufsrechts<\/h5>\n<p>Vereinbarung \u00fcber die Kostentragung: Machen Sie von Ihrem Widerrufsrecht Gebrauch, haben Sie die regelm\u00e4\u00dfigen Kosten der R\u00fccksendung zu tragen, wenn die gelieferte Ware der bestellten entspricht und wenn der Preis der zur\u00fcckzusendenden Sache einen Betrag von 40 Euro nicht \u00fcbersteigt oder wenn Sie bei einem h\u00f6heren Preis der Sache zum Zeitpunkt des Widerrufs noch nicht die Gegenleistung oder eine vertraglich vereinbarte Teilzahlung erbracht haben. Anderenfalls ist die R\u00fccksendung f\u00fcr Sie kostenfrei.<\/p>\n<p>Widerrufsrecht:<br>Es gelten die Bestimmungen die <a href=\"https:\/\/www.olivenoel-muehle.de\/widerrufsbelehrung\/\" target=\"_blank\" rel=\"noopener\"><strong><em>hier<\/em><\/strong><\/a> einzusehen sind.<\/p>\n<p>Ausschluss des Widerrufsrechts:<br>wenn die Waren nach Kundenspezifikation angefertigt worden oder eindeutig auf Ihre pers\u00f6nlichen Bed\u00fcrfnisse zugeschnitten waren oder die aufgrund ihrer Beschaffenheit nicht f\u00fcr eine R\u00fccksendung geeignet sind. Dar\u00fcber hinaus gelten Sie f\u00fcr sonstige F\u00e4llen des \u00a7 312d Abs. 4 BGB<\/p>\n<h5>4. Lieferung<\/h5>\n<p>4.1. Alle Artikel werden umgehend, sofern ab Lager verf\u00fcgbar, ausgeliefert. Die Lieferung Ihrer Bestellung erfolgt in die im Checkout ausw\u00e4hlbaren L\u00e4nder innerhalb der europ\u00e4ischen Union.<\/p>\n<p>4.2. Die Lieferzeit innerhalb der europ\u00e4ischen Union betr\u00e4gt in der Regel 5-7 Tage, sofern nicht gesondert angegeben. N\u00e4here Informationen erhalten Sie mit der Tracking Nummer auf der Sendungsverfolgung oder auf den Informationsseiten des jeweiligen Logistikers.<\/p>\n<p>4.3. Sollte es zu einer kurzfristigen Nichtverf\u00fcgbarkeit eines Artikels kommen und daher nicht verf\u00fcgbar sein, informieren wir Sie per E-Mail \u00fcber die erwartede Lieferzeit oder bieten Ihnen einen Alternativartikel an.<\/p>\n<h5>5. Verpackungs &amp; Versandkosten<\/h5>\n<p>Es gelten die Bestimmungen der Verpackungs und Versandkosten die <a href=\"https:\/\/www.olivenoel-muehle.de\/versandarten\/\" target=\"_blank\" rel=\"noopener\"><strong><em>hier<\/em><\/strong><\/a> eingesehen werden k\u00f6nnen.<\/p>\n<h5>6. Zahlung, Eigentumsvorbehalt<\/h5>\n<p>6.1 Alle ausgewiesenen Preise sind Bruttopreise in Euro und beinhalten die gesetzliche Mehrwertsteuer der Republik Italien in H\u00f6he von 4% oder 21%. Es gelten die am Bestelltag g\u00fcltigen Preise.<\/p>\n<p>6.2 Es gelten die im Checkout angebotenen Zahlweisen. Bei Bestellabschluss findet eine Vor-Authorisierung statt, die mit Rechnungserstellung authorisiert wird. Dies erfolgt zeitlich mit der Freigabe zur Versendung. Hierzu erhalten Sie eine gesonderte Nachricht. Dar\u00fcber hinaus gelten die Zahlungsbestimmungen der Dienstleister PayPal Inc. und Stripe Inc.<\/p>\n<p>6.3 Bis zur vollst\u00e4ndigen Bezahlung bleiben die gelieferten Waren unser Eigentum (Eigentumsvorbehalt nach \u00a7\u00a7158, 449 BGB). \u00dcber Zwangsvollstreckungsma\u00dfnahmen Dritter in die Vorbehaltsware hat uns der Kunde unverz\u00fcglich unter \u00dcbergabe der f\u00fcr eine Intervention notwendigen Unterlagen zu unterrichten; dies gilt auch f\u00fcr Beeintr\u00e4chtigungen sonstiger Art. Unabh\u00e4ngig davon hat der Kunde bereits im Vorhinein die Dritten auf die an der Ware bestehenden Rechte hinzuweisen.<\/p>\n<h5>7. Gew\u00e4hrleistung<\/h5>\n<p>Ist die Nacherf\u00fcllung im Wege der Ersatzlieferung erfolgt, ist der Besteller dazu verpflichtet, die zuerst gelieferte Ware innerhalb von 30 Tagen an uns auf unsere Kosten zur\u00fcckzusenden. Die R\u00fccksendung der mangelhaften Ware hat nach den gesetzlichen Vorschriften zu erfolgen. Wir behalten uns vor, unter den gesetzlich geregelten Voraussetzungen Schadensersatz geltend zu machen. Nebenabreden sind nur in schriftlicher Form g\u00fcltig.<\/p>\n<h5>8. M\u00e4ngelhaftung<\/h5>\n<p>8.1&nbsp;&nbsp;&nbsp; olivenoele.com haftet in F\u00e4llen des Vorsatzes oder der groben Fahrl\u00e4ssigkeit nach den gesetzlichen Bestimmungen. Die Haftung f\u00fcr Garantien erfolgt verschuldensunabh\u00e4ngig. F\u00fcr leichte Fahrl\u00e4ssigkeit haftet der Onlineshop ausschlie\u00dflich nach den Vorschriften des Produkthaftungsgesetzes, wegen der Verletzung des Lebens, des K\u00f6rpers oder der Gesundheit oder wegen der Verletzung wesentlicher Vertragspflichten. Der Schadensersatzanspruch f\u00fcr die leicht fahrl\u00e4ssige Verletzung wesentlicher Vertragspflichten ist jedoch auf den vertragstypischen, vorhersehbaren Schaden begrenzt, soweit nicht wegen der Verletzung des Lebens, des K\u00f6rpers oder der Gesundheit gehaftet wird. F\u00fcr das Verschulden von Erf\u00fcllungsgehilfen und Vertretern haftet der Onlineshop in demselben Umfang.<\/p>\n<p>8.2&nbsp;&nbsp;&nbsp; Die Regelung des vorstehenden Absatzes (8.1) erstreckt sich auf Schadensersatz neben der Leistung, den Schadensersatz statt der Leistung und den Ersatzanspruch wegen vergeblicher Aufwendungen, gleich aus welchem Rechtsgrund, einschlie\u00dflich der Haftung wegen M\u00e4ngeln, Verzugs oder Unm\u00f6glichkeit.<\/p>\n<h5>9. Datenschutz<\/h5>\n<p>Es gelten unsere Datenschutzerkl\u00e4hrung die <a href=\"https:\/\/www.olivenoel-muehle.de\/datenschutzerklaerung\/\" target=\"_blank\" rel=\"noopener\"><strong><em>hier<\/em><\/strong><\/a> abgerufen werden kann.<\/p>\n<h5>10. Urheberrecht<\/h5>\n<p>Die durch Macchia Verde Bio erstellten Inhalte und Werke auf diesen Seiten unterliegen dem deutschen Urheberrecht. Die Vervielf\u00e4ltigung, Bearbeitung, Verbreitung und jede Art der Verwertung au\u00dferhalb der Grenzen des Urheberrechtes bed\u00fcrfen der schriftlichen Zustimmung des jeweiligen Autors bzw. Erstellers. Downloads und Kopien dieser Seite sind nur f\u00fcr den privaten, nicht kommerziellen Gebrauch gestattet. Soweit die Inhalte auf dieser Seite nicht vom Betreiber erstellt wurden, werden die Urheberrechte Dritter beachtet. Insbesondere werden Inhalte Dritter als solche gekennzeichnet. Sollten Sie trotzdem auf eine Urheberrechtsverletzung aufmerksam werden, bitten wir um einen entsprechenden Hinweis. Bei Bekanntwerden von Rechtsverletzungen werden wir derartige Inhalte umgehend entfernen.<\/p>\n<h5>11. Inhalte und Links auf unseren Seiten<\/h5>\n<p>11.1&nbsp;&nbsp;&nbsp; Die Inhalte unserer Seiten wurden mit gr\u00f6\u00dfter Sorgfalt erstellt. F\u00fcr die Richtigkeit, Vollst\u00e4ndigkeit und Aktualit\u00e4t der Inhalte k\u00f6nnen wir jedoch keine Gew\u00e4hr \u00fcbernehmen. Als Dienstanbieter sind wir gem\u00e4\u00df \u00a7 7 Abs.1 TMG f\u00fcr eigene Inhalte auf diesen Seiten nach den allgemeinen Gesetzen verantwortlich. Nach \u00a7\u00a7 8 bis 10 TMG sind wir als Dienstanbieter jedoch nicht verpflichtet, \u00fcbermittelte oder gespeicherte fremde Informationen zu \u00fcberwachen oder nach Umst\u00e4nden zu forschen, die auf eine rechtswidrige T\u00e4tigkeit hinweisen. Verpflichtungen zur Entfernung oder Sperrung der Nutzung von Informationen nach den allgemeinen Gesetzen bleiben hiervon unber\u00fchrt. Eine diesbez\u00fcgliche Haftung ist jedoch erst ab dem Zeitpunkt der Kenntnis einer konkreten Rechtsverletzung m\u00f6glich. Bei Bekanntwerden von entsprechenden Rechtsverletzungen werden wir diese Inhalte umgehend entfernen.<\/p>\n<p>11.2 Unser Angebot enth\u00e4lt Links zu externen Webseiten Dritter, auf deren Inhalte wir keinen Einfluss haben.<br>Wir k\u00f6nnen f\u00fcr diese fremden Inhalte also keine Gew\u00e4hr \u00fcbernehmen. F\u00fcr die Inhalte der verlinkten Seiten ist stets der jeweilige Anbieter oder Betreiber der Seiten verantwortlich.<\/p>\n<p>Die verlinkten Seiten wurden zum Zeitpunkt der Verlinkung auf m\u00f6gliche Rechtsverst\u00f6\u00dfe \u00fcberpr\u00fcft. Rechtswidrige Inhalte waren zum Zeitpunkt der Verlinkung nicht erkennbar. Eine permanente inhaltliche Kontrolle der verlinkten Seiten ist jedoch ohne konkrete Anhaltspunkte einer Rechtsverletzung nicht zumutbar. Bei Bekanntwerden von Rechtsverletzungen werden wir derartige Links umgehend entfernen.<\/p>\n<h5>12. Schlussbestimmungen<\/h5>\n<p>Die Geltung des UN-Kaufrechts wird ausgeschlossen, es gilt deutsches Recht. Mit einer Bestellung werden die Allgemeinen Gesch\u00e4ftsbedingungen des Onlineshops anerkannt.<br>Hat der Kunde keinen allgemeinen Gerichtsstand in Deutschland oder in einem anderen EU-Mitgliedstaat, ist ausschlie\u00dflich Gerichtsstand f\u00fcr s\u00e4mtliche Streitigkeiten aus diesem Vertrag unser Gesch\u00e4ftssitz: <strong>Amtgericht Bari&nbsp;<\/strong>(BA)<\/p>\n","protected":false},"excerpt":{"rendered":"","protected":false},"author":1,"featured_media":0,"parent":0,"menu_order":7,"comment_status":"closed","ping_status":"closed","template":"","meta":{"footnotes":""},"class_list":["post-3","page","type-page","status-publish","hentry"],"_links":{"self":[{"href":"https:\/\/macchiaverde-bio.shop\/de\/wp-json\/wp\/v2\/pages\/3","targetHints":{"allow":["GET"]}}],"collection":[{"href":"https:\/\/macchiaverde-bio.shop\/de\/wp-json\/wp\/v2\/pages"}],"about":[{"href":"https:\/\/macchiaverde-bio.shop\/de\/wp-json\/wp\/v2\/types\/page"}],"author":[{"embeddable":true,"href":"https:\/\/macchiaverde-bio.shop\/de\/wp-json\/wp\/v2\/users\/1"}],"replies":[{"embeddable":true,"href":"https:\/\/macchiaverde-bio.shop\/de\/wp-json\/wp\/v2\/comments?post=3"}],"version-history":[{"count":0,"href":"https:\/\/macchiaverde-bio.shop\/de\/wp-json\/wp\/v2\/pages\/3\/revisions"}],"wp:attachment":[{"href":"https:\/\/macchiaverde-bio.shop\/de\/wp-json\/wp\/v2\/media?parent=3"}],"curies":[{"name":"wp","href":"https:\/\/api.w.org\/{rel}","templated":true}]}}