{"id":15874,"date":"2023-03-06T19:21:29","date_gmt":"2023-03-06T18:21:29","guid":{"rendered":"https:\/\/macchiaverde-bio.shop\/?post_type=product&#038;p=15874"},"modified":"2024-06-22T12:09:32","modified_gmt":"2024-06-22T10:09:32","slug":"store-fyldte-oliven-med-mandler-i-en-krukke-1-kg-gourmet-kvalitet-3x","status":"publish","type":"product","link":"https:\/\/macchiaverde-bio.shop\/da\/produkt\/store-fyldte-oliven-med-mandler-i-en-krukke-1-kg-gourmet-kvalitet-3x\/","title":{"rendered":"Oliven ripiene grandi con mandorla i vasetto da 1 kg &#8211; kvalitetsgourmet (3x)"},"content":{"rendered":"","protected":false},"excerpt":{"rendered":"<p><strong>Store oliven fyldt med mandler 1 kg<\/strong><br \/>\nMACCHIA VERDE oliven er et rent h\u00e5ndv\u00e6rksprodukt af h\u00f8jeste kvalitet, denne lokale gourmetsort er omhyggeligt udstenet og fyldt med en mandel af sorten &#8220;Filippo Cea&#8221; (denne kan ogs\u00e5 k\u00f8bes separat hos os). Oliven er fri for enhver kemisk manipulation og er forarbejdet efter traditionelle standarder, de er konserveret med \u00f8kologisk Macchia Verde olivenolie, denne krydrede olie b\u00f8r ogs\u00e5 bruges efter at oliven er spist.<\/p>\n","protected":false},"featured_media":15914,"comment_status":"closed","ping_status":"closed","template":"","meta":[],"product_brand":[],"product_cat":[1473],"product_tag":[],"class_list":{"0":"post-15874","1":"product","2":"type-product","3":"status-publish","4":"has-post-thumbnail","6":"product_cat-oliven-da","8":"first","9":"instock","10":"taxable","11":"shipping-taxable","12":"purchasable","13":"product-type-simple"},"_links":{"self":[{"href":"https:\/\/macchiaverde-bio.shop\/da\/wp-json\/wp\/v2\/product\/15874","targetHints":{"allow":["GET"]}}],"collection":[{"href":"https:\/\/macchiaverde-bio.shop\/da\/wp-json\/wp\/v2\/product"}],"about":[{"href":"https:\/\/macchiaverde-bio.shop\/da\/wp-json\/wp\/v2\/types\/product"}],"replies":[{"embeddable":true,"href":"https:\/\/macchiaverde-bio.shop\/da\/wp-json\/wp\/v2\/comments?post=15874"}],"wp:featuredmedia":[{"embeddable":true,"href":"https:\/\/macchiaverde-bio.shop\/da\/wp-json\/wp\/v2\/media\/15914"}],"wp:attachment":[{"href":"https:\/\/macchiaverde-bio.shop\/da\/wp-json\/wp\/v2\/media?parent=15874"}],"wp:term":[{"taxonomy":"product_brand","embeddable":true,"href":"https:\/\/macchiaverde-bio.shop\/da\/wp-json\/wp\/v2\/product_brand?post=15874"},{"taxonomy":"product_cat","embeddable":true,"href":"https:\/\/macchiaverde-bio.shop\/da\/wp-json\/wp\/v2\/product_cat?post=15874"},{"taxonomy":"product_tag","embeddable":true,"href":"https:\/\/macchiaverde-bio.shop\/da\/wp-json\/wp\/v2\/product_tag?post=15874"}],"curies":[{"name":"wp","href":"https:\/\/api.w.org\/{rel}","templated":true}]}}