{"id":15843,"date":"2023-03-06T19:12:34","date_gmt":"2023-03-06T18:12:34","guid":{"rendered":"https:\/\/macchiaverde-bio.shop\/?post_type=product&#038;p=15843"},"modified":"2024-06-22T12:09:59","modified_gmt":"2024-06-22T10:09:59","slug":"oliven-krydret-i-et-krukke-1-kg-gourmet-kvalitet-3x","status":"publish","type":"product","link":"https:\/\/macchiaverde-bio.shop\/da\/produkt\/oliven-krydret-i-et-krukke-1-kg-gourmet-kvalitet-3x\/","title":{"rendered":"Krydrede oliven i en krukke 1 kg &#8211; gourmetkvalitet (3x)"},"content":{"rendered":"","protected":false},"excerpt":{"rendered":"<p><strong>Oliven i en krukke, udstenede og syltede 1 kg<\/strong><br \/>\nOliven MACCHIA VERDE er et rent h\u00e5ndv\u00e6rksm\u00e6ssigt topprodukt, disse sm\u00e5 lokale olier er omhyggeligt udstenede og syltede med krydderurter og chili, selvf\u00f8lgelig med tils\u00e6tning af vores olivenolie. Oliven er fri for enhver kemisk manipulation og er forarbejdet efter traditionelle standarder, de er konserveret med \u00f8kologisk Macchia Verde olivenolie, denne krydrede olie b\u00f8r ogs\u00e5 bruges efter at oliven er spist.<\/p>\n","protected":false},"featured_media":15904,"comment_status":"open","ping_status":"closed","template":"","meta":[],"product_brand":[],"product_cat":[1473],"product_tag":[],"class_list":{"0":"post-15843","1":"product","2":"type-product","3":"status-publish","4":"has-post-thumbnail","6":"product_cat-oliven-da","8":"first","9":"instock","10":"taxable","11":"shipping-taxable","12":"purchasable","13":"product-type-simple"},"_links":{"self":[{"href":"https:\/\/macchiaverde-bio.shop\/da\/wp-json\/wp\/v2\/product\/15843","targetHints":{"allow":["GET"]}}],"collection":[{"href":"https:\/\/macchiaverde-bio.shop\/da\/wp-json\/wp\/v2\/product"}],"about":[{"href":"https:\/\/macchiaverde-bio.shop\/da\/wp-json\/wp\/v2\/types\/product"}],"replies":[{"embeddable":true,"href":"https:\/\/macchiaverde-bio.shop\/da\/wp-json\/wp\/v2\/comments?post=15843"}],"wp:featuredmedia":[{"embeddable":true,"href":"https:\/\/macchiaverde-bio.shop\/da\/wp-json\/wp\/v2\/media\/15904"}],"wp:attachment":[{"href":"https:\/\/macchiaverde-bio.shop\/da\/wp-json\/wp\/v2\/media?parent=15843"}],"wp:term":[{"taxonomy":"product_brand","embeddable":true,"href":"https:\/\/macchiaverde-bio.shop\/da\/wp-json\/wp\/v2\/product_brand?post=15843"},{"taxonomy":"product_cat","embeddable":true,"href":"https:\/\/macchiaverde-bio.shop\/da\/wp-json\/wp\/v2\/product_cat?post=15843"},{"taxonomy":"product_tag","embeddable":true,"href":"https:\/\/macchiaverde-bio.shop\/da\/wp-json\/wp\/v2\/product_tag?post=15843"}],"curies":[{"name":"wp","href":"https:\/\/api.w.org\/{rel}","templated":true}]}}