{"id":15440,"date":"2022-12-22T22:53:08","date_gmt":"2022-12-22T21:53:08","guid":{"rendered":"https:\/\/macchiaverde-bio.shop\/?post_type=product&#038;p=15440"},"modified":"2024-06-22T12:10:17","modified_gmt":"2024-06-22T10:10:17","slug":"olivenolie-gaveaeske-saet-4x","status":"publish","type":"product","link":"https:\/\/macchiaverde-bio.shop\/da\/produkt\/olivenolie-gaveaeske-saet-4x\/","title":{"rendered":"Olivenolie gave\u00e6skes\u00e6t (4x)"},"content":{"rendered":"","protected":false},"excerpt":{"rendered":"<p><strong>&#8211; Olivenolie gave\u00e6skes\u00e6t (4x) &#8211; firma og privat<br \/>\n<\/strong><\/p>\n<p>Denne foodie-gave\u00e6ske vil v\u00e6re et hit, n\u00e5r du giver gaver til kr\u00e6sne mennesker.<\/p>\n<p>S\u00e6ttet indeholder valgfrit et udvalg af de tilbudte gave\u00e6sker, v\u00e6lg og<br \/>\nI notefeltet ved bestilling skal du bruge udtrykket:<br \/>\n<strong>Gave\u00e6ske 1<\/strong> <strong>x 4 eller 2<\/strong> eller et valg af alle 4 \u00e6sker<strong><br \/>\n<\/strong>ved f.eks. skrive <strong>gave\u00e6ske 1<\/strong> <strong>x 1, gave\u00e6ske 2 x 1, gave\u00e6ske 3 x 1, gave\u00e6ske 4 x 1<\/strong><\/p>\n<p>Smeraldo, en rig, fyldig gr\u00f8n olie af h\u00f8jeste kvalitet<br \/>\ner presset af 100% Coratina oliven. \u00c5r efter \u00e5r har den deltaget i alle nationale og internationale konkurrencer og er blevet tildelt op til platinmedaljer i kategorierne Healthclaim og &#8220;Full Fruity&#8221;. Med sine op til 1081mg\/kg polyphenoler (h\u00f8st 2021\/2022) er den i toppen af international olieproduktion.<br \/>\n1x Eliodoro, en afbalanceret gyldengul olie af h\u00f8jeste kvalitet<br \/>\nf\u00e5s af 70% Coratina og 30% Ogliarola oliven. Den har deltaget i alle nationale og internationale konkurrencer og er blevet tildelt op til guldmedaljen i kategorien &#8220;mellemfrugt&#8221;.<\/p>\n","protected":false},"featured_media":15370,"comment_status":"open","ping_status":"closed","template":"","meta":[],"product_brand":[],"product_cat":[1083,1064],"product_tag":[1068,1069,1067,1084],"class_list":{"0":"post-15440","1":"product","2":"type-product","3":"status-publish","4":"has-post-thumbnail","6":"product_cat-gaveaesker","7":"product_cat-olivenolie-flasker","8":"product_tag-frugtagtig","9":"product_tag-intensiv-da","10":"product_tag-olivenoel-da","11":"product_tag-tilbud","13":"first","14":"instock","15":"taxable","16":"shipping-taxable","17":"purchasable","18":"product-type-simple"},"_links":{"self":[{"href":"https:\/\/macchiaverde-bio.shop\/da\/wp-json\/wp\/v2\/product\/15440","targetHints":{"allow":["GET"]}}],"collection":[{"href":"https:\/\/macchiaverde-bio.shop\/da\/wp-json\/wp\/v2\/product"}],"about":[{"href":"https:\/\/macchiaverde-bio.shop\/da\/wp-json\/wp\/v2\/types\/product"}],"replies":[{"embeddable":true,"href":"https:\/\/macchiaverde-bio.shop\/da\/wp-json\/wp\/v2\/comments?post=15440"}],"wp:featuredmedia":[{"embeddable":true,"href":"https:\/\/macchiaverde-bio.shop\/da\/wp-json\/wp\/v2\/media\/15370"}],"wp:attachment":[{"href":"https:\/\/macchiaverde-bio.shop\/da\/wp-json\/wp\/v2\/media?parent=15440"}],"wp:term":[{"taxonomy":"product_brand","embeddable":true,"href":"https:\/\/macchiaverde-bio.shop\/da\/wp-json\/wp\/v2\/product_brand?post=15440"},{"taxonomy":"product_cat","embeddable":true,"href":"https:\/\/macchiaverde-bio.shop\/da\/wp-json\/wp\/v2\/product_cat?post=15440"},{"taxonomy":"product_tag","embeddable":true,"href":"https:\/\/macchiaverde-bio.shop\/da\/wp-json\/wp\/v2\/product_tag?post=15440"}],"curies":[{"name":"wp","href":"https:\/\/api.w.org\/{rel}","templated":true}]}}