{"id":15400,"date":"2022-12-22T22:43:48","date_gmt":"2022-12-22T21:43:48","guid":{"rendered":"https:\/\/macchiaverde-bio.shop\/?post_type=product&#038;p=15400"},"modified":"2024-06-22T12:10:25","modified_gmt":"2024-06-22T10:10:25","slug":"oekologisk-olivenolie-lo-smeraldo-flasker-12-x-250-ml","status":"publish","type":"product","link":"https:\/\/macchiaverde-bio.shop\/da\/produkt\/oekologisk-olivenolie-lo-smeraldo-flasker-12-x-250-ml\/","title":{"rendered":"\u00d8kologisk Olivenolie &#8211; Lo Smeraldo &#8211; Flasker 12 x 250 ml"},"content":{"rendered":"","protected":false},"excerpt":{"rendered":"<p><strong>&#8211; Cartone da 12 bottiglie &#8211;<\/strong><\/p>\n<p id=\"tw-target-text\" class=\"tw-data-text tw-text-large tw-ta\" dir=\"ltr\" data-placeholder=\"\u00dcbersetzung\"><span lang=\"de\">Smeraldo er en gr\u00f8n olivenolie med en krop af h\u00f8j kvalitet, ogs\u00e5 fra 100% Coratina oliven. Sidste \u00e5r deltog vi i b\u00e5de nationale og internationale konkurrencer og blev tildelt en pris med Platinum Award i kategorierne &#8220;Fuld frugtagtig&#8221; og &#8220;Sundhedsp\u00e5stand&#8221;, som er baseret p\u00e5 den internationale produktion af olivenolie.<\/span><\/p>\n<p class=\"tw-data-text tw-text-large tw-ta\" dir=\"ltr\" data-placeholder=\"\u00dcbersetzung\"><span lang=\"de\">Grazie all&#8217;utilizzo esclusivo di <strong>oliven Coratina<\/strong> , Smeraldo si caratterizza per <strong>l&#8217;altissimo<\/strong> <strong>indhold di polifenoli<\/strong> . Soprattutto alt indholdet af polifenoli conferisce all&#8217;olio di Coratina en gusto <strong>intens, fruttato e fresco<\/strong> . Olivenens parfume er klar og ubekvem, den samme chiare note af frugt cruda al gusto og note af mandorle verdi friskhed.<\/span><\/p>\n<p dir=\"ltr\" data-placeholder=\"\u00dcbersetzung\">Lo Smeraldo er ideel til <strong>pizza<\/strong> og <strong>primi<\/strong> piatti, herunder focacce, <strong>kiks<\/strong> og <strong>piatti alla griglia<\/strong> . Dette g\u00f8r ogs\u00e5 olivenolien ideel til <strong>marinering af grigliate<\/strong> og halshugning, s\u00e5 det massive indhold af polifenoli tr\u00e6nger ind i carne og transporterer artens aroma.<\/p>\n","protected":false},"featured_media":15430,"comment_status":"closed","ping_status":"closed","template":"","meta":[],"product_brand":[],"product_cat":[1064],"product_tag":[],"class_list":{"0":"post-15400","1":"product","2":"type-product","3":"status-publish","4":"has-post-thumbnail","6":"product_cat-olivenolie-flasker","8":"first","9":"instock","10":"taxable","11":"shipping-taxable","12":"purchasable","13":"product-type-simple"},"_links":{"self":[{"href":"https:\/\/macchiaverde-bio.shop\/da\/wp-json\/wp\/v2\/product\/15400","targetHints":{"allow":["GET"]}}],"collection":[{"href":"https:\/\/macchiaverde-bio.shop\/da\/wp-json\/wp\/v2\/product"}],"about":[{"href":"https:\/\/macchiaverde-bio.shop\/da\/wp-json\/wp\/v2\/types\/product"}],"replies":[{"embeddable":true,"href":"https:\/\/macchiaverde-bio.shop\/da\/wp-json\/wp\/v2\/comments?post=15400"}],"wp:featuredmedia":[{"embeddable":true,"href":"https:\/\/macchiaverde-bio.shop\/da\/wp-json\/wp\/v2\/media\/15430"}],"wp:attachment":[{"href":"https:\/\/macchiaverde-bio.shop\/da\/wp-json\/wp\/v2\/media?parent=15400"}],"wp:term":[{"taxonomy":"product_brand","embeddable":true,"href":"https:\/\/macchiaverde-bio.shop\/da\/wp-json\/wp\/v2\/product_brand?post=15400"},{"taxonomy":"product_cat","embeddable":true,"href":"https:\/\/macchiaverde-bio.shop\/da\/wp-json\/wp\/v2\/product_cat?post=15400"},{"taxonomy":"product_tag","embeddable":true,"href":"https:\/\/macchiaverde-bio.shop\/da\/wp-json\/wp\/v2\/product_tag?post=15400"}],"curies":[{"name":"wp","href":"https:\/\/api.w.org\/{rel}","templated":true}]}}