{"id":15380,"date":"2022-12-22T22:38:56","date_gmt":"2022-12-22T21:38:56","guid":{"rendered":"https:\/\/macchiaverde-bio.shop\/?post_type=product&#038;p=15380"},"modified":"2024-06-22T12:11:05","modified_gmt":"2024-06-22T10:11:05","slug":"oekologisk-olivenolie-klassisk-beholder-5-l","status":"publish","type":"product","link":"https:\/\/macchiaverde-bio.shop\/da\/produkt\/oekologisk-olivenolie-klassisk-beholder-5-l\/","title":{"rendered":"\u00d8kologisk olivenolie &#8211; Klassisk &#8211; Dunk 5 L"},"content":{"rendered":"","protected":false},"excerpt":{"rendered":"<p><strong>\u2013 \u00d8kologisk Olivenolie \u2013 Klassisk \u2013 Dunk 5 L \u2013<\/strong><br \/>\nClassic er en afbalanceret olivenolie af h\u00f8j kvalitet, en blanding af Coratina og Ogliarola oliven. Den har en gylden gul farve med gr\u00f8nne reflekser, medium frugtig, fyldig, med noter af mandler og artiskokker. Den er velegnet til en lang r\u00e6kke retter og kan ogs\u00e5 beskrives som &#8220;olivenolien til hver dag&#8221;.<\/p>\n","protected":false},"featured_media":15360,"comment_status":"open","ping_status":"closed","template":"","meta":[],"product_brand":[],"product_cat":[1102],"product_tag":[1068,1069,1067],"class_list":{"0":"post-15380","1":"product","2":"type-product","3":"status-publish","4":"has-post-thumbnail","6":"product_cat-olivenoliebeholder","7":"product_tag-frugtagtig","8":"product_tag-intensiv-da","9":"product_tag-olivenoel-da","11":"first","12":"instock","13":"taxable","14":"shipping-taxable","15":"purchasable","16":"product-type-simple"},"_links":{"self":[{"href":"https:\/\/macchiaverde-bio.shop\/da\/wp-json\/wp\/v2\/product\/15380","targetHints":{"allow":["GET"]}}],"collection":[{"href":"https:\/\/macchiaverde-bio.shop\/da\/wp-json\/wp\/v2\/product"}],"about":[{"href":"https:\/\/macchiaverde-bio.shop\/da\/wp-json\/wp\/v2\/types\/product"}],"replies":[{"embeddable":true,"href":"https:\/\/macchiaverde-bio.shop\/da\/wp-json\/wp\/v2\/comments?post=15380"}],"wp:featuredmedia":[{"embeddable":true,"href":"https:\/\/macchiaverde-bio.shop\/da\/wp-json\/wp\/v2\/media\/15360"}],"wp:attachment":[{"href":"https:\/\/macchiaverde-bio.shop\/da\/wp-json\/wp\/v2\/media?parent=15380"}],"wp:term":[{"taxonomy":"product_brand","embeddable":true,"href":"https:\/\/macchiaverde-bio.shop\/da\/wp-json\/wp\/v2\/product_brand?post=15380"},{"taxonomy":"product_cat","embeddable":true,"href":"https:\/\/macchiaverde-bio.shop\/da\/wp-json\/wp\/v2\/product_cat?post=15380"},{"taxonomy":"product_tag","embeddable":true,"href":"https:\/\/macchiaverde-bio.shop\/da\/wp-json\/wp\/v2\/product_tag?post=15380"}],"curies":[{"name":"wp","href":"https:\/\/api.w.org\/{rel}","templated":true}]}}