{"id":15239,"date":"2022-12-16T18:45:48","date_gmt":"2022-12-16T17:45:48","guid":{"rendered":"https:\/\/macchiaverde-bio.shop\/produkt\/oliven-paa-krukke-1-kg-gourmetkvalitet\/"},"modified":"2024-06-22T12:05:10","modified_gmt":"2024-06-22T10:05:10","slug":"oliven-i-krukke-1-kg","status":"publish","type":"product","link":"https:\/\/macchiaverde-bio.shop\/da\/produkt\/oliven-i-krukke-1-kg\/","title":{"rendered":"Oliven p\u00e5 krukke 1 kg &#8211; gourmetkvalitet"},"content":{"rendered":"","protected":false},"excerpt":{"rendered":"<p><strong>Oliven i krukke, sort &#8220;Termiti di Bitetto&#8221; 1 kg<\/strong><br \/>\nMACCHIA VERDE oliven er et top-of-the-range, rent h\u00e5ndv\u00e6rksm\u00e6ssigt produkt, den lokale gourmetsort &#8220;Termiti di Bitetto&#8221; konserveret med laurb\u00e6rolie. Oliven er fri for enhver kemisk manipulation og er forarbejdet efter traditionelle standarder, de er marineret med \u00f8kologisk Macchia Verde olivenolie, denne krydrede laurb\u00e6rolie b\u00f8r ogs\u00e5 bruges efter at oliven er spist.<\/p>\n","protected":false},"featured_media":14935,"comment_status":"open","ping_status":"closed","template":"","meta":[],"product_brand":[],"product_cat":[1473],"product_tag":[],"class_list":{"0":"post-15239","1":"product","2":"type-product","3":"status-publish","4":"has-post-thumbnail","6":"product_cat-oliven-da","8":"first","9":"instock","10":"taxable","11":"shipping-taxable","12":"purchasable","13":"product-type-simple"},"_links":{"self":[{"href":"https:\/\/macchiaverde-bio.shop\/da\/wp-json\/wp\/v2\/product\/15239","targetHints":{"allow":["GET"]}}],"collection":[{"href":"https:\/\/macchiaverde-bio.shop\/da\/wp-json\/wp\/v2\/product"}],"about":[{"href":"https:\/\/macchiaverde-bio.shop\/da\/wp-json\/wp\/v2\/types\/product"}],"replies":[{"embeddable":true,"href":"https:\/\/macchiaverde-bio.shop\/da\/wp-json\/wp\/v2\/comments?post=15239"}],"wp:featuredmedia":[{"embeddable":true,"href":"https:\/\/macchiaverde-bio.shop\/da\/wp-json\/wp\/v2\/media\/14935"}],"wp:attachment":[{"href":"https:\/\/macchiaverde-bio.shop\/da\/wp-json\/wp\/v2\/media?parent=15239"}],"wp:term":[{"taxonomy":"product_brand","embeddable":true,"href":"https:\/\/macchiaverde-bio.shop\/da\/wp-json\/wp\/v2\/product_brand?post=15239"},{"taxonomy":"product_cat","embeddable":true,"href":"https:\/\/macchiaverde-bio.shop\/da\/wp-json\/wp\/v2\/product_cat?post=15239"},{"taxonomy":"product_tag","embeddable":true,"href":"https:\/\/macchiaverde-bio.shop\/da\/wp-json\/wp\/v2\/product_tag?post=15239"}],"curies":[{"name":"wp","href":"https:\/\/api.w.org\/{rel}","templated":true}]}}