{"id":15238,"date":"2022-12-16T18:34:08","date_gmt":"2022-12-16T17:34:08","guid":{"rendered":"https:\/\/macchiaverde-bio.shop\/produkt\/gourmet-saet-11-stk\/"},"modified":"2024-06-22T12:05:19","modified_gmt":"2024-06-22T10:05:19","slug":"11-delt-gourmet-saet","status":"publish","type":"product","link":"https:\/\/macchiaverde-bio.shop\/da\/produkt\/11-delt-gourmet-saet\/","title":{"rendered":"Gourmet s\u00e6t (11 stk.)"},"content":{"rendered":"","protected":false},"excerpt":{"rendered":"<p><strong><span style=\"vertical-align: inherit\"><span style=\"vertical-align: inherit\"><span style=\"vertical-align: inherit\"><span style=\"vertical-align: inherit\">S\u00e6t gourmet olivenolie, 11 pezzi<\/span><\/span><\/span><\/span><\/strong><br \/>\n<span style=\"vertical-align: inherit\"><span style=\"vertical-align: inherit\"><span style=\"vertical-align: inherit\"><span style=\"vertical-align: inherit\">  Det nye s\u00e6t gourmetprodukter indeholder mange rigtige produkter, herunder en manual og en god kvalitet, ideelt set med h\u00f8j kvalitet.  <\/span><\/span><\/span><span style=\"vertical-align: inherit\"><span style=\"vertical-align: inherit\"><span style=\"vertical-align: inherit\">Riceverai in nostri 3 olivenolie, 3 spidser af oliven i Salamoia i forskellige modaliteter, 3 spidser af makedonsk og Mandorle biologiske sort af &#8220;Filippo Cea&#8221; sorten, den vigtigste sort af pasticceri pugliesi.  <\/span><\/span><\/span><span style=\"vertical-align: inherit\"><span style=\"vertical-align: inherit\"><span style=\"vertical-align: inherit\">De p\u00e5g\u00e6ldende produkter er baseret p\u00e5 kvalificeret kemisk manipulation og lavorati n\u00e6st efter traditionens kanoner, men er ogs\u00e5 realiseret med den \u00f8kologiske olivenolie fra Macchia Verde.  <\/span><\/span><\/span><\/span><br \/>\n<span style=\"vertical-align: inherit\"><span style=\"vertical-align: inherit\"><span style=\"vertical-align: inherit\"><span style=\"vertical-align: inherit\">Riceverai:  <\/span><\/span><\/span><\/span><br \/>\n<span style=\"vertical-align: inherit\"><span style=\"vertical-align: inherit\"><span style=\"vertical-align: inherit\"><span style=\"vertical-align: inherit\">3 flasker olivenolie (500 ml ciascuna)  <\/span><\/span><\/span><\/span><br \/>\n<span style=\"vertical-align: inherit\"><span style=\"vertical-align: inherit\"><span style=\"vertical-align: inherit\"><span style=\"vertical-align: inherit\">3 vaser oliven (220 g ciascuna)  <\/span><\/span><\/span><\/span><br \/>\n<span style=\"vertical-align: inherit\"><span style=\"vertical-align: inherit\"><span style=\"vertical-align: inherit\"><span style=\"vertical-align: inherit\">3 vaser pasta (220 g ciascuna)  <\/span><\/span><\/span><\/span><br \/>\n<span style=\"vertical-align: inherit\"><span style=\"vertical-align: inherit\"><span style=\"vertical-align: inherit\"><span style=\"vertical-align: inherit\">2 buster af mandorle (250 g ciascuna)<\/span><\/span><\/span><\/span><\/p>\n","protected":false},"featured_media":15096,"comment_status":"open","ping_status":"closed","template":"","meta":[],"product_brand":[],"product_cat":[1472,1475,1473,1064,1474],"product_tag":[],"class_list":{"0":"post-15238","1":"product","2":"type-product","3":"status-publish","4":"has-post-thumbnail","6":"product_cat-gourmet-saet","7":"product_cat-mandler-da-2","8":"product_cat-oliven-da","9":"product_cat-olivenolie-flasker","10":"product_cat-smoerepaalaeg-cremer","12":"first","13":"instock","14":"taxable","15":"shipping-taxable","16":"purchasable","17":"product-type-simple"},"_links":{"self":[{"href":"https:\/\/macchiaverde-bio.shop\/da\/wp-json\/wp\/v2\/product\/15238","targetHints":{"allow":["GET"]}}],"collection":[{"href":"https:\/\/macchiaverde-bio.shop\/da\/wp-json\/wp\/v2\/product"}],"about":[{"href":"https:\/\/macchiaverde-bio.shop\/da\/wp-json\/wp\/v2\/types\/product"}],"replies":[{"embeddable":true,"href":"https:\/\/macchiaverde-bio.shop\/da\/wp-json\/wp\/v2\/comments?post=15238"}],"wp:featuredmedia":[{"embeddable":true,"href":"https:\/\/macchiaverde-bio.shop\/da\/wp-json\/wp\/v2\/media\/15096"}],"wp:attachment":[{"href":"https:\/\/macchiaverde-bio.shop\/da\/wp-json\/wp\/v2\/media?parent=15238"}],"wp:term":[{"taxonomy":"product_brand","embeddable":true,"href":"https:\/\/macchiaverde-bio.shop\/da\/wp-json\/wp\/v2\/product_brand?post=15238"},{"taxonomy":"product_cat","embeddable":true,"href":"https:\/\/macchiaverde-bio.shop\/da\/wp-json\/wp\/v2\/product_cat?post=15238"},{"taxonomy":"product_tag","embeddable":true,"href":"https:\/\/macchiaverde-bio.shop\/da\/wp-json\/wp\/v2\/product_tag?post=15238"}],"curies":[{"name":"wp","href":"https:\/\/api.w.org\/{rel}","templated":true}]}}