{"id":15236,"date":"2022-12-16T18:25:46","date_gmt":"2022-12-16T17:25:46","guid":{"rendered":"https:\/\/macchiaverde-bio.shop\/produkt\/oekologiske-mandler-2-x-500-g\/"},"modified":"2024-06-22T12:05:38","modified_gmt":"2024-06-22T10:05:38","slug":"oekologiske-mandler-2-x-500-g","status":"publish","type":"product","link":"https:\/\/macchiaverde-bio.shop\/da\/produkt\/oekologiske-mandler-2-x-500-g\/","title":{"rendered":"\u00d8kologiske mandler 2 x 500 g"},"content":{"rendered":"","protected":false},"excerpt":{"rendered":"<p>\u00d8kologiske mandler af sorten &#8220;Filippo Cea&#8221; 500 gx 2<br \/>\nMandlen af sorten &#8220;Filippo Cea&#8221; anses af feinschmeckere for at v\u00e6re mandlernes dronning og er mandlen par excellence for konditorer i Apulien, hvor den hovedsageligt dyrkes. Det er uovertruffen ikke kun hvad ang\u00e5r smag, men ogs\u00e5 hvad ang\u00e5r indholdet af vitaminer og sporstoffer. De kommer til os i \u00f8kologisk kvalitet, nyskr\u00e6llet og pakket.<\/p>\n","protected":false},"featured_media":15106,"comment_status":"open","ping_status":"closed","template":"","meta":[],"product_brand":[],"product_cat":[1472,1475],"product_tag":[],"class_list":{"0":"post-15236","1":"product","2":"type-product","3":"status-publish","4":"has-post-thumbnail","6":"product_cat-gourmet-saet","7":"product_cat-mandler-da-2","8":"product_shipping_class-reduzierte-pauschale-da","10":"first","11":"instock","12":"taxable","13":"shipping-taxable","14":"purchasable","15":"product-type-simple"},"_links":{"self":[{"href":"https:\/\/macchiaverde-bio.shop\/da\/wp-json\/wp\/v2\/product\/15236","targetHints":{"allow":["GET"]}}],"collection":[{"href":"https:\/\/macchiaverde-bio.shop\/da\/wp-json\/wp\/v2\/product"}],"about":[{"href":"https:\/\/macchiaverde-bio.shop\/da\/wp-json\/wp\/v2\/types\/product"}],"replies":[{"embeddable":true,"href":"https:\/\/macchiaverde-bio.shop\/da\/wp-json\/wp\/v2\/comments?post=15236"}],"wp:featuredmedia":[{"embeddable":true,"href":"https:\/\/macchiaverde-bio.shop\/da\/wp-json\/wp\/v2\/media\/15106"}],"wp:attachment":[{"href":"https:\/\/macchiaverde-bio.shop\/da\/wp-json\/wp\/v2\/media?parent=15236"}],"wp:term":[{"taxonomy":"product_brand","embeddable":true,"href":"https:\/\/macchiaverde-bio.shop\/da\/wp-json\/wp\/v2\/product_brand?post=15236"},{"taxonomy":"product_cat","embeddable":true,"href":"https:\/\/macchiaverde-bio.shop\/da\/wp-json\/wp\/v2\/product_cat?post=15236"},{"taxonomy":"product_tag","embeddable":true,"href":"https:\/\/macchiaverde-bio.shop\/da\/wp-json\/wp\/v2\/product_tag?post=15236"}],"curies":[{"name":"wp","href":"https:\/\/api.w.org\/{rel}","templated":true}]}}