{"id":15234,"date":"2022-12-16T18:51:29","date_gmt":"2022-12-16T17:51:29","guid":{"rendered":"https:\/\/macchiaverde-bio.shop\/produkt\/oliven-i-en-krukke-1-kg-3x\/"},"modified":"2024-06-22T12:04:55","modified_gmt":"2024-06-22T10:04:55","slug":"oliven-i-et-krukke-1-kg-3x","status":"publish","type":"product","link":"https:\/\/macchiaverde-bio.shop\/da\/produkt\/oliven-i-et-krukke-1-kg-3x\/","title":{"rendered":"Oliven i krukke 1 kg (3x) &#8211; gourmetkvalitet"},"content":{"rendered":"<p>Oliven i en krukke 1 kg (3x)<\/p>\n","protected":false},"excerpt":{"rendered":"<p><strong>Oliven i en krukke, sort &#8220;Termiti di Bitetto&#8221; 1 kg x 3<\/strong><br \/>\n MACCHIA VERDE oliven er et rent h\u00e5ndv\u00e6rksm\u00e6ssigt topprodukt, den lokale gourmetsort &#8220;Termiti di Bitetto&#8221;, syltet med laurb\u00e6rolie. Oliven er fri for enhver kemisk manipulation og er forarbejdet efter traditionelle standarder, de er marineret med \u00f8kologisk Macchia Verde olivenolie, denne krydrede laurb\u00e6rolie b\u00f8r ogs\u00e5 bruges efter at oliven er spist.<\/p>\n","protected":false},"featured_media":14915,"comment_status":"open","ping_status":"closed","template":"","meta":[],"product_brand":[],"product_cat":[1472,1473],"product_tag":[],"class_list":{"0":"post-15234","1":"product","2":"type-product","3":"status-publish","4":"has-post-thumbnail","6":"product_cat-gourmet-saet","7":"product_cat-oliven-da","9":"first","10":"instock","11":"taxable","12":"shipping-taxable","13":"purchasable","14":"product-type-simple"},"_links":{"self":[{"href":"https:\/\/macchiaverde-bio.shop\/da\/wp-json\/wp\/v2\/product\/15234","targetHints":{"allow":["GET"]}}],"collection":[{"href":"https:\/\/macchiaverde-bio.shop\/da\/wp-json\/wp\/v2\/product"}],"about":[{"href":"https:\/\/macchiaverde-bio.shop\/da\/wp-json\/wp\/v2\/types\/product"}],"replies":[{"embeddable":true,"href":"https:\/\/macchiaverde-bio.shop\/da\/wp-json\/wp\/v2\/comments?post=15234"}],"wp:featuredmedia":[{"embeddable":true,"href":"https:\/\/macchiaverde-bio.shop\/da\/wp-json\/wp\/v2\/media\/14915"}],"wp:attachment":[{"href":"https:\/\/macchiaverde-bio.shop\/da\/wp-json\/wp\/v2\/media?parent=15234"}],"wp:term":[{"taxonomy":"product_brand","embeddable":true,"href":"https:\/\/macchiaverde-bio.shop\/da\/wp-json\/wp\/v2\/product_brand?post=15234"},{"taxonomy":"product_cat","embeddable":true,"href":"https:\/\/macchiaverde-bio.shop\/da\/wp-json\/wp\/v2\/product_cat?post=15234"},{"taxonomy":"product_tag","embeddable":true,"href":"https:\/\/macchiaverde-bio.shop\/da\/wp-json\/wp\/v2\/product_tag?post=15234"}],"curies":[{"name":"wp","href":"https:\/\/api.w.org\/{rel}","templated":true}]}}