{"id":15232,"date":"2022-12-16T19:05:51","date_gmt":"2022-12-16T18:05:51","guid":{"rendered":"https:\/\/macchiaverde-bio.shop\/produkt\/smoere-floedeblandet-220-g-6x\/"},"modified":"2024-06-22T12:04:44","modified_gmt":"2024-06-22T10:04:44","slug":"smoere-blandet-220-g-6x","status":"publish","type":"product","link":"https:\/\/macchiaverde-bio.shop\/da\/produkt\/smoere-blandet-220-g-6x\/","title":{"rendered":"Sm\u00f8re, fl\u00f8deblandet 220 g (6x)"},"content":{"rendered":"","protected":false},"excerpt":{"rendered":"<p><strong>Cremer\/cremer i krukke 3 typer 220 g (6x)<\/strong><\/p>\n<p>De \u00f8kologiske sm\u00f8rbare cremer fra MACCHIA VERDE er et topprodukt, der er lavet helt i h\u00e5nden.<br \/>\nDer f\u00e5s 3 forskellige typer cremer:<\/p>\n<p>1. lavet af t\u00f8rrede cherrytomater<br \/>\n2. fra store gr\u00f8nne oliven<br \/>\n3. fra forskellige typer gr\u00f8ntsager med krydrede krydderier.<\/p>\n<p>Alle 3 varianter er fri for enhver kemisk manipulation og er behandlet i henhold til traditionelle standarder, og alle er lavet med MACCHIA VERDE BIO \u00f8kologisk olivenolie.<\/p>\n<p>S\u00e6ttet indeholder 1 glas af hver sort.<\/p>\n","protected":false},"featured_media":15186,"comment_status":"open","ping_status":"closed","template":"","meta":[],"product_brand":[],"product_cat":[1472,1474],"product_tag":[],"class_list":{"0":"post-15232","1":"product","2":"type-product","3":"status-publish","4":"has-post-thumbnail","6":"product_cat-gourmet-saet","7":"product_cat-smoerepaalaeg-cremer","9":"first","10":"instock","11":"taxable","12":"shipping-taxable","13":"purchasable","14":"product-type-simple"},"_links":{"self":[{"href":"https:\/\/macchiaverde-bio.shop\/da\/wp-json\/wp\/v2\/product\/15232","targetHints":{"allow":["GET"]}}],"collection":[{"href":"https:\/\/macchiaverde-bio.shop\/da\/wp-json\/wp\/v2\/product"}],"about":[{"href":"https:\/\/macchiaverde-bio.shop\/da\/wp-json\/wp\/v2\/types\/product"}],"replies":[{"embeddable":true,"href":"https:\/\/macchiaverde-bio.shop\/da\/wp-json\/wp\/v2\/comments?post=15232"}],"wp:featuredmedia":[{"embeddable":true,"href":"https:\/\/macchiaverde-bio.shop\/da\/wp-json\/wp\/v2\/media\/15186"}],"wp:attachment":[{"href":"https:\/\/macchiaverde-bio.shop\/da\/wp-json\/wp\/v2\/media?parent=15232"}],"wp:term":[{"taxonomy":"product_brand","embeddable":true,"href":"https:\/\/macchiaverde-bio.shop\/da\/wp-json\/wp\/v2\/product_brand?post=15232"},{"taxonomy":"product_cat","embeddable":true,"href":"https:\/\/macchiaverde-bio.shop\/da\/wp-json\/wp\/v2\/product_cat?post=15232"},{"taxonomy":"product_tag","embeddable":true,"href":"https:\/\/macchiaverde-bio.shop\/da\/wp-json\/wp\/v2\/product_tag?post=15232"}],"curies":[{"name":"wp","href":"https:\/\/api.w.org\/{rel}","templated":true}]}}