{"id":13164,"date":"2020-03-13T00:39:55","date_gmt":"2020-03-12T23:39:55","guid":{"rendered":"https:\/\/macchiaverde-bio.shop\/shop\/oekologisk-olivenolie-klassisk-flasker-4-x-750-ml\/"},"modified":"2025-02-25T18:28:40","modified_gmt":"2025-02-25T17:28:40","slug":"oekologisk-olivenolie-klassiske-flasker-6x-750-ml","status":"publish","type":"product","link":"https:\/\/macchiaverde-bio.shop\/da\/produkt\/oekologisk-olivenolie-klassiske-flasker-6x-750-ml\/","title":{"rendered":"\u00d8kologisk Olivenolie &#8211; Klassisk &#8211; Flasker 6 x 750 ml"},"content":{"rendered":"","protected":false},"excerpt":{"rendered":"<p><strong>\u2013 karton 6 x 750 ml flaske \u2013<\/strong><br \/>\nClassic er en afbalanceret h\u00f8jkvalitets ekstra jomfru olivenolie, en blanding af Coratina og Ogliarola oliven. Den fremst\u00e5r gyldengul med gr\u00f8nne reflekser, er mellemfrugtagtig, fyldig, med noter af mandler og artiskokker. Den er velegnet til en bred vifte af retter og den kan ogs\u00e5 kaldes &#8220;hverdagsolivenolien&#8221;.<\/p>\n","protected":false},"featured_media":14426,"comment_status":"closed","ping_status":"closed","template":"","meta":[],"product_brand":[],"product_cat":[1064],"product_tag":[1068,1099,1084],"class_list":{"0":"post-13164","1":"product","2":"type-product","3":"status-publish","4":"has-post-thumbnail","6":"product_cat-olivenolie-flasker","7":"product_tag-frugtagtig","8":"product_tag-fyldig","9":"product_tag-tilbud","11":"first","12":"instock","13":"taxable","14":"shipping-taxable","15":"purchasable","16":"product-type-simple"},"_links":{"self":[{"href":"https:\/\/macchiaverde-bio.shop\/da\/wp-json\/wp\/v2\/product\/13164","targetHints":{"allow":["GET"]}}],"collection":[{"href":"https:\/\/macchiaverde-bio.shop\/da\/wp-json\/wp\/v2\/product"}],"about":[{"href":"https:\/\/macchiaverde-bio.shop\/da\/wp-json\/wp\/v2\/types\/product"}],"replies":[{"embeddable":true,"href":"https:\/\/macchiaverde-bio.shop\/da\/wp-json\/wp\/v2\/comments?post=13164"}],"wp:featuredmedia":[{"embeddable":true,"href":"https:\/\/macchiaverde-bio.shop\/da\/wp-json\/wp\/v2\/media\/14426"}],"wp:attachment":[{"href":"https:\/\/macchiaverde-bio.shop\/da\/wp-json\/wp\/v2\/media?parent=13164"}],"wp:term":[{"taxonomy":"product_brand","embeddable":true,"href":"https:\/\/macchiaverde-bio.shop\/da\/wp-json\/wp\/v2\/product_brand?post=13164"},{"taxonomy":"product_cat","embeddable":true,"href":"https:\/\/macchiaverde-bio.shop\/da\/wp-json\/wp\/v2\/product_cat?post=13164"},{"taxonomy":"product_tag","embeddable":true,"href":"https:\/\/macchiaverde-bio.shop\/da\/wp-json\/wp\/v2\/product_tag?post=13164"}],"curies":[{"name":"wp","href":"https:\/\/api.w.org\/{rel}","templated":true}]}}