{"id":13161,"date":"2020-03-12T00:00:28","date_gmt":"2020-03-11T23:00:28","guid":{"rendered":"https:\/\/macchiaverde-bio.shop\/shop\/oekologisk-olivenolie-lo-smeraldo-bag-in-box-5-l\/"},"modified":"2024-06-22T12:07:03","modified_gmt":"2024-06-22T10:07:03","slug":"bio-oliven-olie-lo-smeraldo-pose-in-box-5-l","status":"publish","type":"product","link":"https:\/\/macchiaverde-bio.shop\/da\/produkt\/bio-oliven-olie-lo-smeraldo-pose-in-box-5-l\/","title":{"rendered":"\u00d8kologisk olivenolie &#8211; Lo Smeraldo &#8211; Bag In Box 5 L"},"content":{"rendered":"","protected":false},"excerpt":{"rendered":"<p><strong>&#8211; Lo Smeraldo &#8211; Bag In Box 5 L &#8211;<\/strong><br \/>\nSmeraldo er en gr\u00f8n og fyldig olie af h\u00f8jeste kvalitet, presset af 100% Coratina oliven. Den har deltaget i alle nationale og internationale konkurrencer \u00e5r efter \u00e5r og er blevet tildelt guld og platin i kategorien &#8220;Fuld frugt&#8221;. Med 1246 mg\/kg polyfenoler er det en af \u200b\u200bde bedste internationale olivenolieproducenter. I den praktiske &#8220;Bag in Box&#8221; holder olivenolien sig lige s\u00e5 frisk som den f\u00f8rste dag, helt ned til sidste dr\u00e5be.<\/p>\n","protected":false},"featured_media":13256,"comment_status":"open","ping_status":"closed","template":"","meta":[],"product_brand":[],"product_cat":[1081,1082],"product_tag":[1068,1069,1067,1084],"class_list":{"0":"post-13161","1":"product","2":"type-product","3":"status-publish","4":"has-post-thumbnail","6":"product_cat-olivenolie-bag-in-box","7":"product_cat-saerlige-tilbud","8":"product_tag-frugtagtig","9":"product_tag-intensiv-da","10":"product_tag-olivenoel-da","11":"product_tag-tilbud","13":"first","14":"instock","15":"taxable","16":"shipping-taxable","17":"purchasable","18":"product-type-simple"},"_links":{"self":[{"href":"https:\/\/macchiaverde-bio.shop\/da\/wp-json\/wp\/v2\/product\/13161","targetHints":{"allow":["GET"]}}],"collection":[{"href":"https:\/\/macchiaverde-bio.shop\/da\/wp-json\/wp\/v2\/product"}],"about":[{"href":"https:\/\/macchiaverde-bio.shop\/da\/wp-json\/wp\/v2\/types\/product"}],"replies":[{"embeddable":true,"href":"https:\/\/macchiaverde-bio.shop\/da\/wp-json\/wp\/v2\/comments?post=13161"}],"wp:featuredmedia":[{"embeddable":true,"href":"https:\/\/macchiaverde-bio.shop\/da\/wp-json\/wp\/v2\/media\/13256"}],"wp:attachment":[{"href":"https:\/\/macchiaverde-bio.shop\/da\/wp-json\/wp\/v2\/media?parent=13161"}],"wp:term":[{"taxonomy":"product_brand","embeddable":true,"href":"https:\/\/macchiaverde-bio.shop\/da\/wp-json\/wp\/v2\/product_brand?post=13161"},{"taxonomy":"product_cat","embeddable":true,"href":"https:\/\/macchiaverde-bio.shop\/da\/wp-json\/wp\/v2\/product_cat?post=13161"},{"taxonomy":"product_tag","embeddable":true,"href":"https:\/\/macchiaverde-bio.shop\/da\/wp-json\/wp\/v2\/product_tag?post=13161"}],"curies":[{"name":"wp","href":"https:\/\/api.w.org\/{rel}","templated":true}]}}