{"id":13156,"date":"2020-01-12T21:59:11","date_gmt":"2020-01-12T20:59:11","guid":{"rendered":"https:\/\/macchiaverde-bio.shop\/shop\/olivenolie-trio-smagesaet\/"},"modified":"2025-02-25T18:26:41","modified_gmt":"2025-02-25T17:26:41","slug":"olivenolie-trio-smagesaet","status":"publish","type":"product","link":"https:\/\/macchiaverde-bio.shop\/da\/produkt\/olivenolie-trio-smagesaet\/","title":{"rendered":"Olivenolie trio &#8211; pr\u00f8ves\u00e6t &#8211; 3 x 500 ml"},"content":{"rendered":"","protected":false},"excerpt":{"rendered":"<p>Olivenolie starts\u00e6t med vores 3 \u00f8kologiske olivenolier til dem, der er usikre! En 500 ml flaske hver af &#8220;Smeraldo&#8221;, &#8220;Eliodoro&#8221; og 500 ml &#8220;Classico&#8221; for at pr\u00f8ve. Bestem hvilken af de 3 olier du bedst kan lide.<\/p>\n","protected":false},"featured_media":13307,"comment_status":"open","ping_status":"closed","template":"","meta":[],"product_brand":[],"product_cat":[1064,1082],"product_tag":[1111,1113,1067,1109],"class_list":{"0":"post-13156","1":"product","2":"type-product","3":"status-publish","4":"has-post-thumbnail","6":"product_cat-olivenolie-flasker","7":"product_cat-saerlige-tilbud","8":"product_tag-bestellen-da","9":"product_tag-bio-da","10":"product_tag-olivenoel-da","11":"product_tag-smagssaet","13":"first","14":"instock","15":"taxable","16":"shipping-taxable","17":"purchasable","18":"product-type-simple"},"_links":{"self":[{"href":"https:\/\/macchiaverde-bio.shop\/da\/wp-json\/wp\/v2\/product\/13156","targetHints":{"allow":["GET"]}}],"collection":[{"href":"https:\/\/macchiaverde-bio.shop\/da\/wp-json\/wp\/v2\/product"}],"about":[{"href":"https:\/\/macchiaverde-bio.shop\/da\/wp-json\/wp\/v2\/types\/product"}],"replies":[{"embeddable":true,"href":"https:\/\/macchiaverde-bio.shop\/da\/wp-json\/wp\/v2\/comments?post=13156"}],"wp:featuredmedia":[{"embeddable":true,"href":"https:\/\/macchiaverde-bio.shop\/da\/wp-json\/wp\/v2\/media\/13307"}],"wp:attachment":[{"href":"https:\/\/macchiaverde-bio.shop\/da\/wp-json\/wp\/v2\/media?parent=13156"}],"wp:term":[{"taxonomy":"product_brand","embeddable":true,"href":"https:\/\/macchiaverde-bio.shop\/da\/wp-json\/wp\/v2\/product_brand?post=13156"},{"taxonomy":"product_cat","embeddable":true,"href":"https:\/\/macchiaverde-bio.shop\/da\/wp-json\/wp\/v2\/product_cat?post=13156"},{"taxonomy":"product_tag","embeddable":true,"href":"https:\/\/macchiaverde-bio.shop\/da\/wp-json\/wp\/v2\/product_tag?post=13156"}],"curies":[{"name":"wp","href":"https:\/\/api.w.org\/{rel}","templated":true}]}}