{"id":13149,"date":"2020-03-13T00:49:11","date_gmt":"2020-03-12T23:49:11","guid":{"rendered":"https:\/\/macchiaverde-bio.shop\/shop\/oekologisk-olivenolie-lo-smeraldo-flasker-6-x-500-ml\/"},"modified":"2025-02-25T18:26:58","modified_gmt":"2025-02-25T17:26:58","slug":"oekologisk-olivenolie-lo-smeraldo-flasker-6-x-500-ml","status":"publish","type":"product","link":"https:\/\/macchiaverde-bio.shop\/da\/produkt\/oekologisk-olivenolie-lo-smeraldo-flasker-6-x-500-ml\/","title":{"rendered":"\u00d8kologisk Olivenolie &#8211; Lo Smeraldo &#8211; Flasker 6 x 500 ml"},"content":{"rendered":"","protected":false},"excerpt":{"rendered":"<p>EKSTRA JOMFRU OLIVEN OLIE<br \/>\n&#8211; KOLDPRESSET &#8211;<br \/>\n<strong>&#8211; karton med 6 flasker &#8211;<\/strong><\/p>\n<p>Smeraldo er en rig, fyldig gr\u00f8n olivenolie af premium kvalitet, presset af 100 % Coratina-oliven. Den har deltaget i alle nationale og internationale konkurrencer \u00e5r efter \u00e5r og er en af \u200b\u200bde bedste internationale producenter. Takket v\u00e6re den eksklusive brug af <strong>Coratina-oliven<\/strong> er Smeraldo kendetegnet ved et <strong>meget h\u00f8jt polyphenolindhold<\/strong> . Frem for alt giver det h\u00f8je polyphenolindhold Coratina-olien en intens, frugtig og frisk smag. Duften af oliven er klar og umiskendelig, p\u00e5 ganen er der noter af r\u00e5 frugt og et strejf af friske gr\u00f8nne mandler.<\/p>\n<p>Smeraldo er ideel til <strong>pizza<\/strong> og forretter, focaccia, <strong>b\u00f8ffer og grillretter<\/strong> . Det er ogs\u00e5 den ideelle olivenolie til <strong>tilberedning af marinader<\/strong> og grillkrydderier, da det h\u00f8je polyphenolindhold sikrer, at det tr\u00e6nger dybt ned i k\u00f8det og overf\u00f8rer k\u00f8dets smag.<\/p>\n","protected":false},"featured_media":13347,"comment_status":"open","ping_status":"closed","template":"","meta":[],"product_brand":[],"product_cat":[1064,1082],"product_tag":[1068,1069,1067,1084],"class_list":{"0":"post-13149","1":"product","2":"type-product","3":"status-publish","4":"has-post-thumbnail","6":"product_cat-olivenolie-flasker","7":"product_cat-saerlige-tilbud","8":"product_tag-frugtagtig","9":"product_tag-intensiv-da","10":"product_tag-olivenoel-da","11":"product_tag-tilbud","12":"product_shipping_class-speditions-kosten-da","14":"first","15":"instock","16":"taxable","17":"shipping-taxable","18":"purchasable","19":"product-type-simple"},"_links":{"self":[{"href":"https:\/\/macchiaverde-bio.shop\/da\/wp-json\/wp\/v2\/product\/13149","targetHints":{"allow":["GET"]}}],"collection":[{"href":"https:\/\/macchiaverde-bio.shop\/da\/wp-json\/wp\/v2\/product"}],"about":[{"href":"https:\/\/macchiaverde-bio.shop\/da\/wp-json\/wp\/v2\/types\/product"}],"replies":[{"embeddable":true,"href":"https:\/\/macchiaverde-bio.shop\/da\/wp-json\/wp\/v2\/comments?post=13149"}],"wp:featuredmedia":[{"embeddable":true,"href":"https:\/\/macchiaverde-bio.shop\/da\/wp-json\/wp\/v2\/media\/13347"}],"wp:attachment":[{"href":"https:\/\/macchiaverde-bio.shop\/da\/wp-json\/wp\/v2\/media?parent=13149"}],"wp:term":[{"taxonomy":"product_brand","embeddable":true,"href":"https:\/\/macchiaverde-bio.shop\/da\/wp-json\/wp\/v2\/product_brand?post=13149"},{"taxonomy":"product_cat","embeddable":true,"href":"https:\/\/macchiaverde-bio.shop\/da\/wp-json\/wp\/v2\/product_cat?post=13149"},{"taxonomy":"product_tag","embeddable":true,"href":"https:\/\/macchiaverde-bio.shop\/da\/wp-json\/wp\/v2\/product_tag?post=13149"}],"curies":[{"name":"wp","href":"https:\/\/api.w.org\/{rel}","templated":true}]}}