{"id":13148,"date":"2020-01-14T22:32:03","date_gmt":"2020-01-14T21:32:03","guid":{"rendered":"https:\/\/macchiaverde-bio.shop\/shop\/oekologisk-olivenolie-klassisk-flasker-2-x-750-ml\/"},"modified":"2026-02-09T23:09:03","modified_gmt":"2026-02-09T22:09:03","slug":"oekologisk-olivenolie-klassiske-flasker-3x-750-ml","status":"publish","type":"product","link":"https:\/\/macchiaverde-bio.shop\/da\/produkt\/oekologisk-olivenolie-klassiske-flasker-3x-750-ml\/","title":{"rendered":"\u00d8kologisk Olivenolie &#8211; Klassisk &#8211; Flasker 3 x 750 ml"},"content":{"rendered":"","protected":false},"excerpt":{"rendered":"<p><strong>&#8211; Karton 3 flasker 750ml &#8211;<\/strong><br \/>\nClassico er en afbalanceret, ekstra jomfru olivenolie af h\u00f8j kvalitet, en blanding af Coratina og Ogliarola oliven. Den er gyldengul med gr\u00f8nne reflekser, medium frugtig, fyldig, med noter af mandel og artiskok. Den er velegnet til en lang r\u00e6kke retter og kan ogs\u00e5 beskrives som &#8220;hverdagens olivenolie&#8221;.<\/p>\n","protected":false},"featured_media":13317,"comment_status":"open","ping_status":"closed","template":"","meta":[],"product_brand":[],"product_cat":[1064],"product_tag":[1068,1099],"class_list":{"0":"post-13148","1":"product","2":"type-product","3":"status-publish","4":"has-post-thumbnail","6":"product_cat-olivenolie-flasker","7":"product_tag-frugtagtig","8":"product_tag-fyldig","10":"first","11":"instock","12":"taxable","13":"shipping-taxable","14":"purchasable","15":"product-type-simple"},"_links":{"self":[{"href":"https:\/\/macchiaverde-bio.shop\/da\/wp-json\/wp\/v2\/product\/13148","targetHints":{"allow":["GET"]}}],"collection":[{"href":"https:\/\/macchiaverde-bio.shop\/da\/wp-json\/wp\/v2\/product"}],"about":[{"href":"https:\/\/macchiaverde-bio.shop\/da\/wp-json\/wp\/v2\/types\/product"}],"replies":[{"embeddable":true,"href":"https:\/\/macchiaverde-bio.shop\/da\/wp-json\/wp\/v2\/comments?post=13148"}],"wp:featuredmedia":[{"embeddable":true,"href":"https:\/\/macchiaverde-bio.shop\/da\/wp-json\/wp\/v2\/media\/13317"}],"wp:attachment":[{"href":"https:\/\/macchiaverde-bio.shop\/da\/wp-json\/wp\/v2\/media?parent=13148"}],"wp:term":[{"taxonomy":"product_brand","embeddable":true,"href":"https:\/\/macchiaverde-bio.shop\/da\/wp-json\/wp\/v2\/product_brand?post=13148"},{"taxonomy":"product_cat","embeddable":true,"href":"https:\/\/macchiaverde-bio.shop\/da\/wp-json\/wp\/v2\/product_cat?post=13148"},{"taxonomy":"product_tag","embeddable":true,"href":"https:\/\/macchiaverde-bio.shop\/da\/wp-json\/wp\/v2\/product_tag?post=13148"}],"curies":[{"name":"wp","href":"https:\/\/api.w.org\/{rel}","templated":true}]}}