{"id":13147,"date":"2020-03-16T00:31:53","date_gmt":"2020-03-15T23:31:53","guid":{"rendered":"https:\/\/macchiaverde-bio.shop\/shop\/oekologisk-olivenolie-leliodoro-pose-i-aeske-2-x-5-l\/"},"modified":"2024-06-22T12:06:26","modified_gmt":"2024-06-22T10:06:26","slug":"bio-oliven-olie-eliodoro-pose-in-box-2-x-5-l","status":"publish","type":"product","link":"https:\/\/macchiaverde-bio.shop\/da\/produkt\/bio-oliven-olie-eliodoro-pose-in-box-2-x-5-l\/","title":{"rendered":"\u00d8kologisk olivenolie &#8211; L&#8217;Eliodoro &#8211; Pose i \u00e6ske 2 x 5 L"},"content":{"rendered":"","protected":false},"excerpt":{"rendered":"<p>&#8211; <strong>2 x 5 liter sacchetto i scatola &#8211;<\/strong><br \/>\nEliodoro er en gylden olivenolie med fremragende balance af h\u00f8j kvalitet, med 70% Coratina og 30% Ogliarola olivenolie. Det er en pr\u00e6mie i nationale og internationale konkurrencer for alle s\u00f8lvmedaljer i kategorien &#8220;Fruttato medium&#8221;, med et maksimum p\u00e5 714 mg\/kg polyfenoli og er en af \u200b\u200bde f\u00f8rende i denne kategori. I den praktiske &#8220;bag in box&#8221; er olivenolien frisk f\u00e6rdig hver dag, kom den f\u00f8rste dag.<\/p>\n","protected":false},"featured_media":13226,"comment_status":"open","ping_status":"closed","template":"","meta":[],"product_brand":[],"product_cat":[1081,1082],"product_tag":[1068,1069,1067,1084],"class_list":{"0":"post-13147","1":"product","2":"type-product","3":"status-publish","4":"has-post-thumbnail","6":"product_cat-olivenolie-bag-in-box","7":"product_cat-saerlige-tilbud","8":"product_tag-frugtagtig","9":"product_tag-intensiv-da","10":"product_tag-olivenoel-da","11":"product_tag-tilbud","13":"first","14":"instock","15":"taxable","16":"shipping-taxable","17":"purchasable","18":"product-type-simple"},"_links":{"self":[{"href":"https:\/\/macchiaverde-bio.shop\/da\/wp-json\/wp\/v2\/product\/13147","targetHints":{"allow":["GET"]}}],"collection":[{"href":"https:\/\/macchiaverde-bio.shop\/da\/wp-json\/wp\/v2\/product"}],"about":[{"href":"https:\/\/macchiaverde-bio.shop\/da\/wp-json\/wp\/v2\/types\/product"}],"replies":[{"embeddable":true,"href":"https:\/\/macchiaverde-bio.shop\/da\/wp-json\/wp\/v2\/comments?post=13147"}],"wp:featuredmedia":[{"embeddable":true,"href":"https:\/\/macchiaverde-bio.shop\/da\/wp-json\/wp\/v2\/media\/13226"}],"wp:attachment":[{"href":"https:\/\/macchiaverde-bio.shop\/da\/wp-json\/wp\/v2\/media?parent=13147"}],"wp:term":[{"taxonomy":"product_brand","embeddable":true,"href":"https:\/\/macchiaverde-bio.shop\/da\/wp-json\/wp\/v2\/product_brand?post=13147"},{"taxonomy":"product_cat","embeddable":true,"href":"https:\/\/macchiaverde-bio.shop\/da\/wp-json\/wp\/v2\/product_cat?post=13147"},{"taxonomy":"product_tag","embeddable":true,"href":"https:\/\/macchiaverde-bio.shop\/da\/wp-json\/wp\/v2\/product_tag?post=13147"}],"curies":[{"name":"wp","href":"https:\/\/api.w.org\/{rel}","templated":true}]}}