{"id":13144,"date":"2020-04-05T04:05:37","date_gmt":"2020-04-05T02:05:37","guid":{"rendered":"https:\/\/macchiaverde-bio.shop\/shop\/olivenolie-gaveaeske-1\/"},"modified":"2024-06-22T12:06:07","modified_gmt":"2024-06-22T10:06:07","slug":"olivenolie-gaveaeske-1","status":"publish","type":"product","link":"https:\/\/macchiaverde-bio.shop\/da\/produkt\/olivenolie-gaveaeske-1\/","title":{"rendered":"Olivenolie gave\u00e6ske 1"},"content":{"rendered":"","protected":false},"excerpt":{"rendered":"<p><strong>&#8211; Olivenolie gavepakke &#8211;<\/strong><br \/>\nDenne gourmetgavepakke er et hit blandt gaver til den kr\u00e6sne.<\/p>\n<p>Det indeholder:<br \/>\nEn 500 ml flaske Smeraldo, en rig, fyldig gr\u00f8n olie af h\u00f8jeste kvalitet, presset af 100% Coratina oliven. Den har deltaget \u00e5r efter \u00e5r i alle nationale og internationale konkurrencer, vundet guldmedaljer i kategorien &#8220;Fuld Fruit&#8221; og er p\u00e5 forkant med international olivenolieproduktion med sine polyfenoler p\u00e5 1081 mg\/kg (2021\/2022 h\u00f8st).<\/p>\n<p>Filippo Cea&#8221; mandler, mandlernes konge med hensyn til smag og ingredienser (takket v\u00e6re deres indhold af calcium, magnesium, kalium og vitamin E og B),<\/p>\n<p>og vores k\u00e6mpe oliven fyldt i saltlage i vores olivenolie.<\/p>\n","protected":false},"featured_media":12504,"comment_status":"open","ping_status":"closed","template":"","meta":[],"product_brand":[],"product_cat":[1083,1064],"product_tag":[1068,1069,1067,1084],"class_list":{"0":"post-13144","1":"product","2":"type-product","3":"status-publish","4":"has-post-thumbnail","6":"product_cat-gaveaesker","7":"product_cat-olivenolie-flasker","8":"product_tag-frugtagtig","9":"product_tag-intensiv-da","10":"product_tag-olivenoel-da","11":"product_tag-tilbud","13":"first","14":"instock","15":"taxable","16":"shipping-taxable","17":"purchasable","18":"product-type-simple"},"_links":{"self":[{"href":"https:\/\/macchiaverde-bio.shop\/da\/wp-json\/wp\/v2\/product\/13144","targetHints":{"allow":["GET"]}}],"collection":[{"href":"https:\/\/macchiaverde-bio.shop\/da\/wp-json\/wp\/v2\/product"}],"about":[{"href":"https:\/\/macchiaverde-bio.shop\/da\/wp-json\/wp\/v2\/types\/product"}],"replies":[{"embeddable":true,"href":"https:\/\/macchiaverde-bio.shop\/da\/wp-json\/wp\/v2\/comments?post=13144"}],"wp:featuredmedia":[{"embeddable":true,"href":"https:\/\/macchiaverde-bio.shop\/da\/wp-json\/wp\/v2\/media\/12504"}],"wp:attachment":[{"href":"https:\/\/macchiaverde-bio.shop\/da\/wp-json\/wp\/v2\/media?parent=13144"}],"wp:term":[{"taxonomy":"product_brand","embeddable":true,"href":"https:\/\/macchiaverde-bio.shop\/da\/wp-json\/wp\/v2\/product_brand?post=13144"},{"taxonomy":"product_cat","embeddable":true,"href":"https:\/\/macchiaverde-bio.shop\/da\/wp-json\/wp\/v2\/product_cat?post=13144"},{"taxonomy":"product_tag","embeddable":true,"href":"https:\/\/macchiaverde-bio.shop\/da\/wp-json\/wp\/v2\/product_tag?post=13144"}],"curies":[{"name":"wp","href":"https:\/\/api.w.org\/{rel}","templated":true}]}}