{"id":13138,"date":"2019-12-09T18:40:29","date_gmt":"2019-12-09T17:40:29","guid":{"rendered":"https:\/\/macchiaverde-bio.shop\/shop\/oekologisk-olivenolie-leliodoro-flasker-3-x-500-ml\/"},"modified":"2024-06-22T12:07:59","modified_gmt":"2024-06-22T10:07:59","slug":"oekologisk-olivenolie-leliodoro-flasker-3-x-500-ml","status":"publish","type":"product","link":"https:\/\/macchiaverde-bio.shop\/da\/produkt\/oekologisk-olivenolie-leliodoro-flasker-3-x-500-ml\/","title":{"rendered":"\u00d8kologisk Olivenolie &#8211; L&#8217;Eliodoro &#8211; Flasker 3 x 500 ml"},"content":{"rendered":"","protected":false},"excerpt":{"rendered":"<p>EKSTRA JOMFRU OLIVEN OLIE<br \/>\n\u2013 KOLDT PRESSET \u2013<br \/>\n<strong>&#8211; 3 flasker karton &#8211;<\/strong><br \/>\nH\u00f8jkvalitets olivenolie af den ekstra klasse, som f\u00e5s direkte fra vores oliven og kun i en mekanisk proces. Vores EXTRA VIRGIN MACCHIA VERDE BIO olivenolie er et h\u00e5ndv\u00e6rksprodukt fremstillet af frugten af tradition, passion og k\u00e6rlighed til landet. Den fremstilles udelukkende af \u00f8kologiske oliven for at beskytte naturen og milj\u00f8et og kontrolleres omhyggeligt i hvert produktionsled.<\/p>\n","protected":false},"featured_media":13363,"comment_status":"open","ping_status":"closed","template":"","meta":[],"product_brand":[],"product_cat":[1064],"product_tag":[1068,1069,1067],"class_list":{"0":"post-13138","1":"product","2":"type-product","3":"status-publish","4":"has-post-thumbnail","6":"product_cat-olivenolie-flasker","7":"product_tag-frugtagtig","8":"product_tag-intensiv-da","9":"product_tag-olivenoel-da","11":"first","12":"instock","13":"taxable","14":"shipping-taxable","15":"purchasable","16":"product-type-simple"},"_links":{"self":[{"href":"https:\/\/macchiaverde-bio.shop\/da\/wp-json\/wp\/v2\/product\/13138","targetHints":{"allow":["GET"]}}],"collection":[{"href":"https:\/\/macchiaverde-bio.shop\/da\/wp-json\/wp\/v2\/product"}],"about":[{"href":"https:\/\/macchiaverde-bio.shop\/da\/wp-json\/wp\/v2\/types\/product"}],"replies":[{"embeddable":true,"href":"https:\/\/macchiaverde-bio.shop\/da\/wp-json\/wp\/v2\/comments?post=13138"}],"wp:featuredmedia":[{"embeddable":true,"href":"https:\/\/macchiaverde-bio.shop\/da\/wp-json\/wp\/v2\/media\/13363"}],"wp:attachment":[{"href":"https:\/\/macchiaverde-bio.shop\/da\/wp-json\/wp\/v2\/media?parent=13138"}],"wp:term":[{"taxonomy":"product_brand","embeddable":true,"href":"https:\/\/macchiaverde-bio.shop\/da\/wp-json\/wp\/v2\/product_brand?post=13138"},{"taxonomy":"product_cat","embeddable":true,"href":"https:\/\/macchiaverde-bio.shop\/da\/wp-json\/wp\/v2\/product_cat?post=13138"},{"taxonomy":"product_tag","embeddable":true,"href":"https:\/\/macchiaverde-bio.shop\/da\/wp-json\/wp\/v2\/product_tag?post=13138"}],"curies":[{"name":"wp","href":"https:\/\/api.w.org\/{rel}","templated":true}]}}