{"id":13135,"date":"2020-03-16T01:32:16","date_gmt":"2020-03-16T00:32:16","guid":{"rendered":"https:\/\/macchiaverde-bio.shop\/shop\/oekologisk-olivenolie-lo-smeraldo-pose-i-aeske-2-x-5-l\/"},"modified":"2024-06-22T12:06:18","modified_gmt":"2024-06-22T10:06:18","slug":"oekologisk-olivenolie-lo-smeraldo-pose-in-box-2-x-5-l","status":"publish","type":"product","link":"https:\/\/macchiaverde-bio.shop\/da\/produkt\/oekologisk-olivenolie-lo-smeraldo-pose-in-box-2-x-5-l\/","title":{"rendered":"\u00d8kologisk olivenolie &#8211; Lo Smeraldo &#8211; Pose i \u00e6ske 2 x 5 L"},"content":{"rendered":"","protected":false},"excerpt":{"rendered":"<p>&#8211; <strong>2 BaginBox \u00e0 5 liter i pap<\/strong> &#8211;<br \/>\nSmeraldo er en str\u00e5lende gr\u00f8n oliven, med en krop af h\u00f8j kvalitet, lavet af 100% Coratina oliven. Sidste \u00e5r deltog vi i b\u00e5de nationale og internationale konkurrencer, hvor vi vandt en s\u00f8lvmedalje og en platinmedalje i kategorien &#8220;Fruit Intense&#8221;, med et maksimum p\u00e5 <strong>1246 mg<\/strong> \/kg polyfenoler, med et maksimum p\u00e5 5-6 olivenolie. I den praktiske &#8216;Bag in Box&#8217; kommer olivenolien frisk fra \u00e5rets f\u00f8rste dag.<\/p>\n","protected":false},"featured_media":13261,"comment_status":"closed","ping_status":"closed","template":"","meta":[],"product_brand":[],"product_cat":[1081,1082],"product_tag":[1068,1069,1067,1084],"class_list":{"0":"post-13135","1":"product","2":"type-product","3":"status-publish","4":"has-post-thumbnail","6":"product_cat-olivenolie-bag-in-box","7":"product_cat-saerlige-tilbud","8":"product_tag-frugtagtig","9":"product_tag-intensiv-da","10":"product_tag-olivenoel-da","11":"product_tag-tilbud","12":"product_shipping_class-speditions-kosten-da","14":"first","15":"instock","16":"taxable","17":"shipping-taxable","18":"purchasable","19":"product-type-simple"},"_links":{"self":[{"href":"https:\/\/macchiaverde-bio.shop\/da\/wp-json\/wp\/v2\/product\/13135","targetHints":{"allow":["GET"]}}],"collection":[{"href":"https:\/\/macchiaverde-bio.shop\/da\/wp-json\/wp\/v2\/product"}],"about":[{"href":"https:\/\/macchiaverde-bio.shop\/da\/wp-json\/wp\/v2\/types\/product"}],"replies":[{"embeddable":true,"href":"https:\/\/macchiaverde-bio.shop\/da\/wp-json\/wp\/v2\/comments?post=13135"}],"wp:featuredmedia":[{"embeddable":true,"href":"https:\/\/macchiaverde-bio.shop\/da\/wp-json\/wp\/v2\/media\/13261"}],"wp:attachment":[{"href":"https:\/\/macchiaverde-bio.shop\/da\/wp-json\/wp\/v2\/media?parent=13135"}],"wp:term":[{"taxonomy":"product_brand","embeddable":true,"href":"https:\/\/macchiaverde-bio.shop\/da\/wp-json\/wp\/v2\/product_brand?post=13135"},{"taxonomy":"product_cat","embeddable":true,"href":"https:\/\/macchiaverde-bio.shop\/da\/wp-json\/wp\/v2\/product_cat?post=13135"},{"taxonomy":"product_tag","embeddable":true,"href":"https:\/\/macchiaverde-bio.shop\/da\/wp-json\/wp\/v2\/product_tag?post=13135"}],"curies":[{"name":"wp","href":"https:\/\/api.w.org\/{rel}","templated":true}]}}