{"id":13134,"date":"2020-04-05T04:36:31","date_gmt":"2020-04-05T02:36:31","guid":{"rendered":"https:\/\/macchiaverde-bio.shop\/shop\/olivenolie-geschenkbox-2\/"},"modified":"2024-06-22T12:05:59","modified_gmt":"2024-06-22T10:05:59","slug":"olivenolie-geschenkbox-2","status":"publish","type":"product","link":"https:\/\/macchiaverde-bio.shop\/da\/produkt\/olivenolie-geschenkbox-2\/","title":{"rendered":"Olivenolie Geschenkbox 2"},"content":{"rendered":"","protected":false},"excerpt":{"rendered":"<p><strong>&#8211; Gavepakke olivenolie &#8211;<\/strong><br \/>\nDenne foodie-gave\u00e6ske vil v\u00e6re et hit, n\u00e5r du giver gaver til kr\u00e6sne mennesker.<\/p>\n<p>Den indeholder to 500 ml flasker:<br \/>\n1 x Smeraldo, en rig, fyldig gr\u00f8n olie af h\u00f8jeste kvalitet<br \/>\ner presset af 100% Coratina oliven. \u00c5r efter \u00e5r har den deltaget i alle nationale og internationale konkurrencer og er blevet tildelt en guldmedalje i kategorien &#8220;fuld frugt&#8221;. Med sine 710 mg\/kg polyfenoler (h\u00f8st 2019\/2020) er den i toppen af international olieproduktion.<br \/>\n1x Eliodoro, en afbalanceret gyldengul olie af h\u00f8jeste kvalitet<br \/>\nf\u00e5s af 70% Coratina og 30% Ogliarola oliven. Den har deltaget i alle nationale og internationale konkurrencer og er blevet tildelt s\u00f8lvmedaljer i kategorien &#8220;mellemfrugt&#8221;.<\/p>\n","protected":false},"featured_media":12508,"comment_status":"open","ping_status":"closed","template":"","meta":[],"product_brand":[],"product_cat":[1083,1064],"product_tag":[1068,1069,1067,1084],"class_list":{"0":"post-13134","1":"product","2":"type-product","3":"status-publish","4":"has-post-thumbnail","6":"product_cat-gaveaesker","7":"product_cat-olivenolie-flasker","8":"product_tag-frugtagtig","9":"product_tag-intensiv-da","10":"product_tag-olivenoel-da","11":"product_tag-tilbud","13":"first","14":"instock","15":"taxable","16":"shipping-taxable","17":"purchasable","18":"product-type-simple"},"_links":{"self":[{"href":"https:\/\/macchiaverde-bio.shop\/da\/wp-json\/wp\/v2\/product\/13134","targetHints":{"allow":["GET"]}}],"collection":[{"href":"https:\/\/macchiaverde-bio.shop\/da\/wp-json\/wp\/v2\/product"}],"about":[{"href":"https:\/\/macchiaverde-bio.shop\/da\/wp-json\/wp\/v2\/types\/product"}],"replies":[{"embeddable":true,"href":"https:\/\/macchiaverde-bio.shop\/da\/wp-json\/wp\/v2\/comments?post=13134"}],"wp:featuredmedia":[{"embeddable":true,"href":"https:\/\/macchiaverde-bio.shop\/da\/wp-json\/wp\/v2\/media\/12508"}],"wp:attachment":[{"href":"https:\/\/macchiaverde-bio.shop\/da\/wp-json\/wp\/v2\/media?parent=13134"}],"wp:term":[{"taxonomy":"product_brand","embeddable":true,"href":"https:\/\/macchiaverde-bio.shop\/da\/wp-json\/wp\/v2\/product_brand?post=13134"},{"taxonomy":"product_cat","embeddable":true,"href":"https:\/\/macchiaverde-bio.shop\/da\/wp-json\/wp\/v2\/product_cat?post=13134"},{"taxonomy":"product_tag","embeddable":true,"href":"https:\/\/macchiaverde-bio.shop\/da\/wp-json\/wp\/v2\/product_tag?post=13134"}],"curies":[{"name":"wp","href":"https:\/\/api.w.org\/{rel}","templated":true}]}}