{"id":13130,"date":"2020-04-29T00:57:50","date_gmt":"2020-04-28T22:57:50","guid":{"rendered":"https:\/\/macchiaverde-bio.shop\/shop\/oekologisk-olivenolie-lo-smeraldo-leliodoro-pose-i-aeske-2-x-5-l\/"},"modified":"2024-06-22T12:05:46","modified_gmt":"2024-06-22T10:05:46","slug":"oekologisk-olivenolie-lo-smeraldo-leliodoro-pose-in-box-2-x-5-l","status":"publish","type":"product","link":"https:\/\/macchiaverde-bio.shop\/da\/produkt\/oekologisk-olivenolie-lo-smeraldo-leliodoro-pose-in-box-2-x-5-l\/","title":{"rendered":"\u00d8kologisk olivenolie &#8211; Lo Smeraldo + L&#8217;Eliodoro &#8211; Pose i \u00e6ske 2 x 5 L"},"content":{"rendered":"","protected":false},"excerpt":{"rendered":"<p><strong>\u00d8kologisk olivenolie: Smeraldo + Eliodoro &#8211; 2 x 5 liters pose i \u00e6ske &#8211;<\/strong><\/p>\n<p>Lo Smeraldo er en f\u00f8rsteklasses, rig og fyldig gr\u00f8n olie presset af 100% Coratina-oliven. Den har deltaget i alle nationale og internationale konkurrencer \u00e5r efter \u00e5r og er blevet tildelt flere platinpriser i kategorien &#8220;fuld frugtig&#8221;. Med <strong>1246 mg\/kg<\/strong> polyfenoler er det en af \u200b\u200bde f\u00f8rende internationale olivenolier. Eliodoro er en afbalanceret, gylden-gul olie af h\u00f8jeste kvalitet, lavet af 70 procent Coratina og 30 procent Ogliarola oliven. Den er blevet tildelt s\u00f8lvmedaljer i kategorien &#8220;medium frugtig&#8221; ved nationale og internationale konkurrencer og ligger i toppen af denne kategori med 714 mg\/kg polyfenoler.<\/p>\n","protected":false},"featured_media":13231,"comment_status":"closed","ping_status":"closed","template":"","meta":[],"product_brand":[],"product_cat":[1081,1082],"product_tag":[1068,1067],"class_list":{"0":"post-13130","1":"product","2":"type-product","3":"status-publish","4":"has-post-thumbnail","6":"product_cat-olivenolie-bag-in-box","7":"product_cat-saerlige-tilbud","8":"product_tag-frugtagtig","9":"product_tag-olivenoel-da","11":"first","12":"instock","13":"taxable","14":"shipping-taxable","15":"purchasable","16":"product-type-simple"},"_links":{"self":[{"href":"https:\/\/macchiaverde-bio.shop\/da\/wp-json\/wp\/v2\/product\/13130","targetHints":{"allow":["GET"]}}],"collection":[{"href":"https:\/\/macchiaverde-bio.shop\/da\/wp-json\/wp\/v2\/product"}],"about":[{"href":"https:\/\/macchiaverde-bio.shop\/da\/wp-json\/wp\/v2\/types\/product"}],"replies":[{"embeddable":true,"href":"https:\/\/macchiaverde-bio.shop\/da\/wp-json\/wp\/v2\/comments?post=13130"}],"wp:featuredmedia":[{"embeddable":true,"href":"https:\/\/macchiaverde-bio.shop\/da\/wp-json\/wp\/v2\/media\/13231"}],"wp:attachment":[{"href":"https:\/\/macchiaverde-bio.shop\/da\/wp-json\/wp\/v2\/media?parent=13130"}],"wp:term":[{"taxonomy":"product_brand","embeddable":true,"href":"https:\/\/macchiaverde-bio.shop\/da\/wp-json\/wp\/v2\/product_brand?post=13130"},{"taxonomy":"product_cat","embeddable":true,"href":"https:\/\/macchiaverde-bio.shop\/da\/wp-json\/wp\/v2\/product_cat?post=13130"},{"taxonomy":"product_tag","embeddable":true,"href":"https:\/\/macchiaverde-bio.shop\/da\/wp-json\/wp\/v2\/product_tag?post=13130"}],"curies":[{"name":"wp","href":"https:\/\/api.w.org\/{rel}","templated":true}]}}