{"id":13012,"date":"2019-02-09T15:05:01","date_gmt":"2019-02-09T14:05:01","guid":{"rendered":"https:\/\/macchiaverde-bio.shop\/shop\/oekologisk-olivenolie-lo-smeraldo-flasker-6-x-250-ml\/"},"modified":"2024-06-22T12:08:15","modified_gmt":"2024-06-22T10:08:15","slug":"oekologisk-olivenolie-lo-smeraldo-flasker-6-x-250-ml","status":"publish","type":"product","link":"https:\/\/macchiaverde-bio.shop\/da\/produkt\/oekologisk-olivenolie-lo-smeraldo-flasker-6-x-250-ml\/","title":{"rendered":"\u00d8kologisk Olivenolie &#8211; Lo Smeraldo &#8211; Flasker 6 x 250 ml"},"content":{"rendered":"","protected":false},"excerpt":{"rendered":"<p><strong>&#8211; karton med 6 flasker &#8211;<\/strong><\/p>\n<p>Smeraldo er en rig, fyldig gr\u00f8n olivenolie af premium kvalitet, presset af 100 % Coratina-oliven. \u00c5r efter \u00e5r har den deltaget i alle nationale og internationale konkurrencer, vundet guldmedaljer i kategorien &#8220;fuld frugt&#8221; og er et af de bedste internationale produkter. Takket v\u00e6re den eksklusive brug af <strong>Coratina-oliven<\/strong> er Smeraldo kendetegnet ved et <strong>meget h\u00f8jt polyphenolindhold<\/strong> . Frem for alt giver det h\u00f8je polyphenolindhold Coratina-olien en intens, frugtig og frisk smag. Duften af oliven er klar og umiskendelig, p\u00e5 ganen er der noter af r\u00e5 frugt og et strejf af friske gr\u00f8nne mandler.<\/p>\n<p>Smeraldo er ideel til <strong>pizza<\/strong> og forretter, focaccia, <strong>b\u00f8ffer og grillretter<\/strong> . Det er ogs\u00e5 den ideelle olivenolie til <strong>tilberedning af marinader<\/strong> og grillkrydderier, da det h\u00f8je polyphenolindhold sikrer, at det tr\u00e6nger dybt ned i k\u00f8det og overf\u00f8rer k\u00f8dets smag.<\/p>\n","protected":false},"featured_media":13337,"comment_status":"closed","ping_status":"closed","template":"","meta":[],"product_brand":[],"product_cat":[1064],"product_tag":[1068,1069,1075],"class_list":{"0":"post-13012","1":"product","2":"type-product","3":"status-publish","4":"has-post-thumbnail","6":"product_cat-olivenolie-flasker","7":"product_tag-frugtagtig","8":"product_tag-intensiv-da","9":"product_tag-polyphenole-da","11":"first","12":"instock","13":"taxable","14":"shipping-taxable","15":"purchasable","16":"product-type-simple"},"_links":{"self":[{"href":"https:\/\/macchiaverde-bio.shop\/da\/wp-json\/wp\/v2\/product\/13012","targetHints":{"allow":["GET"]}}],"collection":[{"href":"https:\/\/macchiaverde-bio.shop\/da\/wp-json\/wp\/v2\/product"}],"about":[{"href":"https:\/\/macchiaverde-bio.shop\/da\/wp-json\/wp\/v2\/types\/product"}],"replies":[{"embeddable":true,"href":"https:\/\/macchiaverde-bio.shop\/da\/wp-json\/wp\/v2\/comments?post=13012"}],"wp:featuredmedia":[{"embeddable":true,"href":"https:\/\/macchiaverde-bio.shop\/da\/wp-json\/wp\/v2\/media\/13337"}],"wp:attachment":[{"href":"https:\/\/macchiaverde-bio.shop\/da\/wp-json\/wp\/v2\/media?parent=13012"}],"wp:term":[{"taxonomy":"product_brand","embeddable":true,"href":"https:\/\/macchiaverde-bio.shop\/da\/wp-json\/wp\/v2\/product_brand?post=13012"},{"taxonomy":"product_cat","embeddable":true,"href":"https:\/\/macchiaverde-bio.shop\/da\/wp-json\/wp\/v2\/product_cat?post=13012"},{"taxonomy":"product_tag","embeddable":true,"href":"https:\/\/macchiaverde-bio.shop\/da\/wp-json\/wp\/v2\/product_tag?post=13012"}],"curies":[{"name":"wp","href":"https:\/\/api.w.org\/{rel}","templated":true}]}}