{"id":12974,"date":"2015-03-08T22:24:30","date_gmt":"2015-03-08T21:24:30","guid":{"rendered":"https:\/\/macchiaverde-bio.shop\/shop\/oekologisk-olivenolie-lo-smeraldo-flasker-3-x-500-ml\/"},"modified":"2026-02-09T23:08:57","modified_gmt":"2026-02-09T22:08:57","slug":"oekologisk-olivenolie-lo-smeraldo-flasker-3-x-500-ml","status":"publish","type":"product","link":"https:\/\/macchiaverde-bio.shop\/da\/produkt\/oekologisk-olivenolie-lo-smeraldo-flasker-3-x-500-ml\/","title":{"rendered":"\u00d8kologisk Olivenolie &#8211; Lo Smeraldo &#8211; Flasker 3 x 500 ml"},"content":{"rendered":"","protected":false},"excerpt":{"rendered":"<p>EKSTRA JOMFRU OLIVEN OLIE<br \/>\n\u2013 KOLDT PRESSET \u2013<br \/>\n<strong>&#8211; 3 flasker karton &#8211;<\/strong><\/p>\n<p id=\"tw-target-text\" class=\"tw-data-text tw-text-large tw-ta\" dir=\"ltr\" data-placeholder=\"\u00dcbersetzung\"><span lang=\"de\">Smeraldo (Smaragden) er en frodig gr\u00f8n og fyldig olivenolie af h\u00f8jeste kvalitet, den er presset af 100% Coratina oliven. \u00c5r efter \u00e5r har den deltaget i alle nationale og internationale konkurrencer og er blevet tildelt en <strong>platinmedalje<\/strong> i kategorien <strong>&#8220;Fuld Frugt&#8221;<\/strong> .<br \/>\n<\/span><\/p>\n<p class=\"tw-data-text tw-text-large tw-ta\" dir=\"ltr\" data-placeholder=\"\u00dcbersetzung\"><span lang=\"de\">P\u00e5 grund af den eksklusive brug af <strong>Coratina oliven<\/strong> er Smeraldo kendetegnet ved sit ekstremt <strong>h\u00f8je<\/strong> <strong>polyphenolindhold<\/strong> . Det h\u00f8je indhold af polyfenol giver is\u00e6r olien fra Coratina en <strong>intens, frugtig, frisk<\/strong> smag. Duften af oliven er klar og umiskendelig, der er tydelige noter af r\u00e5 frugt efter smag og antydninger af friske gr\u00f8nne mandler.<\/span><\/p>\n<p dir=\"ltr\" data-placeholder=\"\u00dcbersetzung\">Smeraldo er ideel til <strong>pizza-<\/strong> og <strong>pastaretter<\/strong> samt focaccia, <strong>b\u00f8f<\/strong> og <strong>grillretter<\/strong> . Det er ogs\u00e5 den ideelle olivenolie til <strong>fremstilling af grillmarinade<\/strong> og pickles, fordi det maksimale indhold af polyfenoler betyder, at den tr\u00e6nger dybt ned i k\u00f8det og transporterer krydderiernes aromaer.<\/p>\n","protected":false},"featured_media":13352,"comment_status":"open","ping_status":"closed","template":"","meta":[],"product_brand":[],"product_cat":[1064],"product_tag":[1068,1069,1067],"class_list":{"0":"post-12974","1":"product","2":"type-product","3":"status-publish","4":"has-post-thumbnail","6":"product_cat-olivenolie-flasker","7":"product_tag-frugtagtig","8":"product_tag-intensiv-da","9":"product_tag-olivenoel-da","11":"first","12":"instock","13":"taxable","14":"shipping-taxable","15":"purchasable","16":"product-type-simple"},"_links":{"self":[{"href":"https:\/\/macchiaverde-bio.shop\/da\/wp-json\/wp\/v2\/product\/12974","targetHints":{"allow":["GET"]}}],"collection":[{"href":"https:\/\/macchiaverde-bio.shop\/da\/wp-json\/wp\/v2\/product"}],"about":[{"href":"https:\/\/macchiaverde-bio.shop\/da\/wp-json\/wp\/v2\/types\/product"}],"replies":[{"embeddable":true,"href":"https:\/\/macchiaverde-bio.shop\/da\/wp-json\/wp\/v2\/comments?post=12974"}],"wp:featuredmedia":[{"embeddable":true,"href":"https:\/\/macchiaverde-bio.shop\/da\/wp-json\/wp\/v2\/media\/13352"}],"wp:attachment":[{"href":"https:\/\/macchiaverde-bio.shop\/da\/wp-json\/wp\/v2\/media?parent=12974"}],"wp:term":[{"taxonomy":"product_brand","embeddable":true,"href":"https:\/\/macchiaverde-bio.shop\/da\/wp-json\/wp\/v2\/product_brand?post=12974"},{"taxonomy":"product_cat","embeddable":true,"href":"https:\/\/macchiaverde-bio.shop\/da\/wp-json\/wp\/v2\/product_cat?post=12974"},{"taxonomy":"product_tag","embeddable":true,"href":"https:\/\/macchiaverde-bio.shop\/da\/wp-json\/wp\/v2\/product_tag?post=12974"}],"curies":[{"name":"wp","href":"https:\/\/api.w.org\/{rel}","templated":true}]}}