{"id":13793,"date":"2021-12-22T11:53:59","date_gmt":"2021-12-22T10:53:59","guid":{"rendered":"https:\/\/macchiaverde-bio.shop\/refusions-og-returpolitik\/"},"modified":"2022-06-30T13:52:27","modified_gmt":"2022-06-30T11:52:27","slug":"refusions-og-returpolitik","status":"publish","type":"page","link":"https:\/\/macchiaverde-bio.shop\/da\/refusions-og-returpolitik\/","title":{"rendered":"Refusions- og returpolitik"},"content":{"rendered":"\n<p><b>Dette er en eksempelside.<\/b><\/p>\n\n<p><\/p><h3>Overview<\/h3>\n\n<p>Vores tilbagebetalings- og returneringspolitik varer 30 dage. Hvis der er g\u00e5et 30 dage siden dit k\u00f8b, kan vi ikke tilbyde dig fuld refusion eller ombytning.<\/p>\n\n<p>For at v\u00e6re berettiget til returnering skal din vare v\u00e6re ubrugt og i samme stand, som du modtog den. Det skal ogs\u00e5 v\u00e6re i den originale emballage.<\/p>\n\n<p>Flere typer varer er fritaget for at blive returneret. Letford\u00e6rvelige varer s\u00e5som mad, blomster, aviser eller magasiner kan ikke returneres. Vi accepterer heller ikke produkter, der er intim- eller hygiejneartikler, farlige materialer eller br\u00e6ndbare v\u00e6sker eller gasser.<\/p>\n\n<p>Yderligere ikke-returnerbare varer:<\/p>\n\n<ul class=\"wp-block-list\"><li>Gavekort<\/li><li>Softwareprodukter, der kan downloades<\/li><li>Nogle sundheds- og personlig plejeartikler<\/li><\/ul>\n\n<p>For at fuldf\u00f8re din returnering kr\u00e6ver vi en kvittering eller k\u00f8bsbevis.<\/p>\n\n<p>Send venligst ikke dit k\u00f8b tilbage til producenten.<\/p>\n\n<p>Der er visse situationer, hvor der kun ydes delvis refusion:<\/p>\n\n<ul class=\"wp-block-list\"><li>Bog med tydelige brugsspor<\/li><li>CD, DVD, VHS-b\u00e5nd, software, videospil, kassetteb\u00e5nd eller vinylplade, der er blevet \u00e5bnet.<\/li><li>Enhver vare, der ikke er i sin originale stand, er beskadiget eller mangler dele af \u00e5rsager, der ikke skyldes vores fejl.<\/li><li>Enhver vare, der returneres mere end 30 dage efter levering<\/li><\/ul>\n\n<p><\/p><h2>Refunds<\/h2>\n\n<p>N\u00e5r din returnering er modtaget og kontrolleret, sender vi dig en e-mail for at informere dig om, at vi har modtaget din returnerede vare. Vi vil ogs\u00e5 give dig besked om godkendelse eller afvisning af din refusion.<\/p>\n\n<p>Hvis du bliver godkendt, vil din refusion blive behandlet, og en kredit vil automatisk blive anvendt p\u00e5 dit kreditkort eller oprindelige betalingsmetode inden for et vist antal dage.<\/p>\n\n<p><b>Forsinkede eller manglende tilbagebetalinger<\/b><\/p>\n\n<p>Hvis du ikke har modtaget en refusion endnu, skal du f\u00f8rst tjekke din bankkonto igen.<\/p>\n\n<p>Kontakt derefter dit kreditkortselskab, det kan tage noget tid, f\u00f8r din refusion er officielt offentliggjort.<\/p>\n\n<p>Kontakt derefter din bank. Der g\u00e5r ofte en vis behandlingstid, f\u00f8r en refusion bogf\u00f8res.<\/p>\n\n<p>Hvis du har gjort alt dette, og du stadig ikke har modtaget din refusion endnu, bedes du kontakte os p\u00e5 {e-mail address}.<\/p>\n\n<p><b>Udsalgsvarer<\/b><\/p>\n\n<p>Kun varer til almindelig pris kan refunderes. Udsalgsvarer kan ikke refunderes.<\/p>\n\n<p><\/p><h2>Exchanges<\/h2>\n\n<p>Vi udskifter kun varer, hvis de er defekte eller beskadigede. Hvis du har brug for at ombytte den til den samme vare, skal du sende os en e-mail p\u00e5 {e-mailadresse} og sende din vare til: {fysisk adresse}.<\/p>\n\n<p><\/p><h2>Gifts<\/h2>\n\n<p>Hvis varen blev markeret som en gave, da den blev k\u00f8bt og sendt direkte til dig, vil du modtage en gavekredit p\u00e5 v\u00e6rdien af din returnering. N\u00e5r den returnerede vare er modtaget, vil et gavekort blive sendt til dig.<\/p>\n\n<p>Hvis varen ikke var markeret som en gave, da den blev k\u00f8bt, eller gavegiveren fik sendt ordren til sig selv for at give den til dig senere, sender vi en refusion til gavegiveren, og de vil finde ud af din returnering.<\/p>\n\n<p><\/p><h2>Shipping returns<\/h2>\n\n<p>For at returnere dit produkt, skal du sende dit produkt til: {fysisk adresse}.<\/p>\n\n<p>Du er selv ansvarlig for at betale for dine egne forsendelsesomkostninger for returnering af din vare. Forsendelsesomkostninger kan ikke refunderes. Hvis du modtager en refusion, vil omkostningerne ved returfragt blive trukket fra din refusion.<\/p>\n\n<p>Afh\u00e6ngigt af hvor du bor, kan den tid, det kan tage for dit ombyttede produkt at n\u00e5 dig, variere.<\/p>\n\n<p>Hvis du returnerer dyrere varer, kan du overveje at bruge en sporbar fragtservice eller k\u00f8be fragtforsikring. Vi garanterer ikke, at vi modtager din returnerede vare.<\/p>\n\n<p><\/p><h2>Need help?<\/h2>\n\n<p>Kontakt os p\u00e5{email} for sp\u00f8rgsm\u00e5l relateret til refusion og returnering.<\/p>\n","protected":false},"excerpt":{"rendered":"<p>Dette er en eksempelside. Overview Vores tilbagebetalings- og returneringspolitik varer 30 dage. Hvis der er g\u00e5et 30 dage siden dit k\u00f8b, kan vi ikke tilbyde dig fuld refusion eller ombytning. For at v\u00e6re berettiget til returnering skal din vare v\u00e6re ubrugt og i samme stand, som du modtog den. Det skal ogs\u00e5 v\u00e6re i den [&#8230;]\n","protected":false},"author":1,"featured_media":0,"parent":0,"menu_order":15,"comment_status":"closed","ping_status":"closed","template":"","meta":{"footnotes":""},"class_list":["post-13793","page","type-page","status-publish","hentry"],"_links":{"self":[{"href":"https:\/\/macchiaverde-bio.shop\/da\/wp-json\/wp\/v2\/pages\/13793","targetHints":{"allow":["GET"]}}],"collection":[{"href":"https:\/\/macchiaverde-bio.shop\/da\/wp-json\/wp\/v2\/pages"}],"about":[{"href":"https:\/\/macchiaverde-bio.shop\/da\/wp-json\/wp\/v2\/types\/page"}],"author":[{"embeddable":true,"href":"https:\/\/macchiaverde-bio.shop\/da\/wp-json\/wp\/v2\/users\/1"}],"replies":[{"embeddable":true,"href":"https:\/\/macchiaverde-bio.shop\/da\/wp-json\/wp\/v2\/comments?post=13793"}],"version-history":[{"count":0,"href":"https:\/\/macchiaverde-bio.shop\/da\/wp-json\/wp\/v2\/pages\/13793\/revisions"}],"wp:attachment":[{"href":"https:\/\/macchiaverde-bio.shop\/da\/wp-json\/wp\/v2\/media?parent=13793"}],"curies":[{"name":"wp","href":"https:\/\/api.w.org\/{rel}","templated":true}]}}