{"id":12985,"date":"2019-08-21T19:34:58","date_gmt":"2019-08-21T17:34:58","guid":{"rendered":"https:\/\/macchiaverde-bio.shop\/betingelser\/"},"modified":"2022-03-02T16:33:52","modified_gmt":"2022-03-02T15:33:52","slug":"betingelser","status":"publish","type":"page","link":"https:\/\/macchiaverde-bio.shop\/da\/betingelser\/","title":{"rendered":"Betingelser"},"content":{"rendered":"\n<h2 class=\"wp-block-heading\">Servicevilk\u00e5r<\/h2>\n\n<h5 class=\"wp-block-heading\">1. Generelt<\/h5>\n\n<p>Alle tjenester leveret af <strong>MACCHIA VERDE BIO<\/strong> til kunden eller den bes\u00f8gende er udelukkende baseret p\u00e5 f\u00f8lgende generelle vilk\u00e5r og betingelser. Afvigende regler er kun g\u00e6ldende, hvis de er individuelt aftalt mellem olivenoliem\u00f8llen og kunden.<\/p>\n\n<h5 class=\"wp-block-heading\">2. Indg\u00e5else af kontrakt<\/h5>\n\n<p>2.1 Netbutikkens tilbud repr\u00e6senterer en uforpligtende k\u00f8bsanmodning til kunden om at bestille varer i netbutikken.<\/p>\n\n<p>2.2 Ved bestilling af de \u00f8nskede varer p\u00e5 internettet afgiver kunden et bindende tilbud om indg\u00e5else af en k\u00f8bsaftale.<\/p>\n\n<p>2.3 Olivenoliem\u00f8llen Macchia Verde Bio bekr\u00e6fter modtagelsen af ordren straks, senest efter modtagelse af ordren. Ordrebekr\u00e6ftelsen udg\u00f8r ikke en juridisk accept fra vores side. Tilbuddet accepteres f\u00f8rst af os, n\u00e5r vi bringer varerne til dig til forsendelse. Du modtager en skriftlig forsendelsesbekr\u00e6ftelse p\u00e5 e-mail. Kunden er dog bundet til sit tilbud i maks. 14 dage, med mindre der er indg\u00e5et andre aftaler (genbestilling, levering n\u00e5r tilg\u00e6ngelig igen).<\/p>\n\n<p>2.4 Genstanden for kontrakten er de varer, som kunden har bestilt. Med hensyn til kvaliteten g\u00e6lder beskrivelsen af tilbuddet, ellers g\u00e6lder \u00a7 434, stk \u00a7 3 BGB.<\/p>\n\n<h5 class=\"wp-block-heading\">3. Aftale om returomkostninger, fortrydelsesret, udelukkelse af fortrydelsesretten<\/h5>\n\n<p>Aftale om afholdelse af omkostninger: Hvis du g\u00f8r brug af din fortrydelsesret, skal du afholde de almindelige omkostninger ved returneringen, hvis de leverede varer svarer til de bestilte, og hvis prisen p\u00e5 de varer, der skal returneres, ikke overstiger et bel\u00f8b p\u00e5 40 euro eller hvis du betaler en h\u00f8jere pris endnu ikke har leveret vederlaget eller en kontraktligt aftalt delbetaling for varen p\u00e5 tidspunktet for tilbagekaldelsen. Ellers er returneringen gratis for dig.<\/p>\n\n<p>Fortrydelsesret:<br\/>De bestemmelser, der kan ses <a href=\"https:\/\/macchiaverde-bio.shop\/widerrufsbelehrung\/\"><strong><em>her<\/em><\/strong><\/a> , g\u00e6lder.<\/p>\n\n<p>Udelukkelse af fortrydelsesretten:<br\/>hvis varerne er fremstillet efter kundens specifikationer eller var tydeligt skr\u00e6ddersyet til dine personlige behov eller ikke er egnede til returnering p\u00e5 grund af deres art. Herudover g\u00e6lder de andre tilf\u00e6lde af \u00a7 312d, stk. 4 BGB<\/p>\n\n<h5 class=\"wp-block-heading\">4. Levering<\/h5>\n\n<p>4.1. Alle varer vil blive leveret med det samme, forudsat at de er p\u00e5 lager. Din ordre vil blive leveret til de lande inden for EU, som kan v\u00e6lges i kassen.<\/p>\n\n<p>4.2. Leveringstiden inden for EU er normalt 5-7 dage, medmindre andet er angivet. Du kan f\u00e5 flere oplysninger med sporingsnummeret p\u00e5 forsendelsessporingen eller p\u00e5 informationssiderne for den respektive logistiker.<\/p>\n\n<p>4.3. Hvis en vare er midlertidigt utilg\u00e6ngelig og derfor ikke tilg\u00e6ngelig, informerer vi dig via e-mail om forventet leveringstid eller tilbyder dig en alternativ vare.<\/p>\n\n<h5 class=\"wp-block-heading\">5. Emballage &amp; forsendelsesomkostninger<\/h5>\n\n<p>Bestemmelserne om emballage og fragtomkostninger g\u00e6lder, som kan ses <a href=\"https:\/\/macchiaverde-bio.shop\/versandarten\/\"><strong><em>her<\/em><\/strong><\/a> .<\/p>\n\n<h5 class=\"wp-block-heading\">6. Betaling, ejendomsforbehold<\/h5>\n\n<p>6.1 Alle viste priser er bruttopriser i euro og inkluderer den lovpligtige moms fra Republikken Italien p\u00e5 4 % eller 21 %. Priserne er g\u00e6ldende den dag bestillinger afgives.<\/p>\n\n<p>6.2 De betalingsmetoder, der tilbydes i kassen, g\u00e6lder. N\u00e5r bestillingen er gennemf\u00f8rt, sker der en forh\u00e5ndsgodkendelse, som godkendes ved udstedelse af faktura. Dette sker samtidig med frigivelsen til afsendelse. Du vil modtage en separat besked om dette. Derudover er betalingsbetingelserne for tjenesteudbyderen PayPal Inc. og Stripe Inc.<\/p>\n\n<p>6.3 De leverede varer forbliver vores ejendom, indtil fuld betaling er sket (ejendomsforbehold i henhold til \u00a7\u00a7158, 449 BGB). Kunden skal straks informere os om tredjemands h\u00e5ndh\u00e6velsesforanstaltninger i forhold til de varer, der er omfattet af ejendomsforbehold, og udlevere de dokumenter, der er n\u00f8dvendige for et indgreb; dette g\u00e6lder ogs\u00e5 for v\u00e6rdiforringelser af enhver anden art.Uanset dette skal kunden p\u00e5 forh\u00e5nd informere tredjemand om rettighederne til varerne.<\/p>\n\n<h5 class=\"wp-block-heading\">7. Garanti<\/h5>\n\n<p>S\u00e5fremt till\u00e6gsydelsen er sket ved omlevering, er kunden forpligtet til at returnere den f\u00f8rst leverede vare til os inden for 30 dage for vores regning. De defekte varer skal returneres i henhold til lovens bestemmelser. Vi forbeholder os retten til at kr\u00e6ve erstatning under de lovbestemte betingelser. Till\u00e6gsaftaler er kun g\u00e6ldende i skriftlig form.<\/p>\n\n<h5 class=\"wp-block-heading\">8. Ansvar for mangler<\/h5>\n\n<p>8.1 olivenoele.com er ansvarlig i tilf\u00e6lde af fors\u00e6t eller grov uagtsomhed i henhold til lovbestemmelserne. Ansvaret for garantier er uafh\u00e6ngigt af skyld. Netbutikken er kun ansvarlig for mindre uagtsomhed i henhold til produktansvarslovens bestemmelser, for skade p\u00e5 liv, lemmer eller helbred eller for misligholdelse af v\u00e6sentlige kontraktlige forpligtelser. Erstatningskravet for lettere uagtsomt misligholdelse af v\u00e6sentlige kontraktlige forpligtelser er dog begr\u00e6nset til den for kontrakten typiske forudsigelige skade, for s\u00e5 vidt der ikke er ansvar for skade p\u00e5 liv, lemmer eller helbred. Netbutikken h\u00e6fter i samme omfang for skyldige repr\u00e6sentanter og repr\u00e6sentanter.<\/p>\n\n<p>8.2 Reguleringen i ovenst\u00e5ende afsnit (8.1) omfatter erstatning for skader ud over ydelsen, erstatning for skader i stedet for ydelsen og kravet om erstatning for spildte udgifter, uanset den juridiske \u00e5rsag, herunder ansvar for mangler, forsinkelse eller umulighed.<\/p>\n\n<h5 class=\"wp-block-heading\">9. Privatliv<\/h5>\n\n<p>Vores databeskyttelseserkl\u00e6ring g\u00e6lder, som kan <a href=\"https:\/\/macchiaverde-bio.shop\/datenschutzerklaerung\/\"><strong><em>tilg\u00e5s<\/em><\/strong><\/a> her.<\/p>\n\n<h5 class=\"wp-block-heading\">10. Copyright<\/h5>\n\n<p>Indholdet og v\u00e6rkerne skabt af Macchia Verde Bio p\u00e5 disse sider er underlagt tysk lov om ophavsret. Duplikeringen, redigeringen, distributionen og enhver form for udnyttelse uden for ophavsrettens gr\u00e6nser kr\u00e6ver skriftligt samtykke fra den respektive forfatter eller skaber. Downloads og kopier af denne side er kun tilladt til privat, ikke-kommerciel brug. I det omfang indholdet p\u00e5 denne side ikke er skabt af operat\u00f8ren, overholdes tredjeparts ophavsrettigheder. Is\u00e6r er tredjeparters indhold markeret som s\u00e5dan. Skulle du alligevel blive opm\u00e6rksom p\u00e5 en kr\u00e6nkelse af ophavsretten, beder vi dig informere os herom. S\u00e5 snart vi bliver opm\u00e6rksomme p\u00e5 lovovertr\u00e6delser, vil vi fjerne s\u00e5dant indhold med det samme.<\/p>\n\n<h5 class=\"wp-block-heading\">11. Indhold og links p\u00e5 vores websteder<\/h5>\n\n<p>11.1 Indholdet p\u00e5 vores hjemmeside er lavet med den st\u00f8rste omhu. Vi kan dog ikke garantere, at indholdet er korrekt, fuldst\u00e6ndigt eller opdateret. Som serviceudbyder er vi i henhold til \u00a7 7 Abs.1 TMG er ansvarlig for sit eget indhold p\u00e5 disse sider i henhold til almindelige love. I henhold til \u00a7\u00a7 8 til 10 TMG er vi som tjenesteudbyder dog ikke forpligtet til at overv\u00e5ge transmitterede eller lagrede tredjepartsoplysninger eller til at unders\u00f8ge forhold, der tyder p\u00e5 ulovlig aktivitet. Forpligtelser til at fjerne eller blokere brugen af oplysninger i henhold til generelle love forbliver up\u00e5virket. Ansvar herfor er dog f\u00f8rst muligt fra det tidspunkt, hvor kendskab til en konkret lovovertr\u00e6delse er kendt. S\u00e5 snart vi bliver opm\u00e6rksomme p\u00e5 eventuelle overtr\u00e6delser af loven, vil vi fjerne dette indhold med det samme.<\/p>\n\n<p>11.2 Vores tilbud indeholder links til eksterne tredjepartswebsteder, hvis indhold vi ikke har indflydelse p\u00e5.<br\/>Vi kan derfor ikke p\u00e5tage os noget ansvar for dette tredjepartsindhold. Den respektive udbyder eller operat\u00f8r af siderne er altid ansvarlig for indholdet af de linkede sider.<\/p>\n\n<p>De linkede sider blev tjekket for mulige lovovertr\u00e6delser p\u00e5 tidspunktet for linkningen. Ulovligt indhold var ikke genkendeligt p\u00e5 tidspunktet for linkningen. En permanent kontrol af indholdet af de linkede sider er dog ikke rimelig uden konkrete beviser for en kr\u00e6nkelse. S\u00e5 snart vi bliver opm\u00e6rksomme p\u00e5 lovovertr\u00e6delser, vil vi fjerne s\u00e5danne links med det samme.<\/p>\n\n<h5 class=\"wp-block-heading\">12. Afsluttende bestemmelser<\/h5>\n\n<p>Gyldigheden af FN&#8217;s k\u00f8belov er udelukket, tysk lov g\u00e6lder. Med en ordre accepteres de generelle vilk\u00e5r og betingelser for onlineshoppen.<br\/>Hvis kunden ikke har et generelt v\u00e6rneting i Tyskland eller i et andet EU-medlemsland, er v\u00e6rnetinget for alle tvister, der opst\u00e5r i forbindelse med denne kontrakt, vores forretningssted: <strong>District Court of Bari<\/strong> (BA)<\/p>\n\n<p>S\u00e6lger har i forhold til sin netbutik[https:\/\/macchiaverde-bio .shop\/wp_mvbs] underlagt OnTrustNets kvalitetskriterier &#8220;OnTrustNet Verified Online Shop&#8221;, som kan ses p\u00e5 f\u00f8lgende link https:\/\/ontrust.net\/shop-guetesiegel-bedingungen.<\/p>\n","protected":false},"excerpt":{"rendered":"<p>Servicevilk\u00e5r 1. Generelt Alle tjenester leveret af MACCHIA VERDE BIO til kunden eller den bes\u00f8gende er udelukkende baseret p\u00e5 f\u00f8lgende generelle vilk\u00e5r og betingelser. Afvigende regler er kun g\u00e6ldende, hvis de er individuelt aftalt mellem olivenoliem\u00f8llen og kunden. 2. Indg\u00e5else af kontrakt 2.1 Netbutikkens tilbud repr\u00e6senterer en uforpligtende k\u00f8bsanmodning til kunden om at bestille varer [&#8230;]\n","protected":false},"author":1,"featured_media":0,"parent":0,"menu_order":8,"comment_status":"closed","ping_status":"closed","template":"","meta":{"footnotes":""},"class_list":["post-12985","page","type-page","status-publish","hentry"],"_links":{"self":[{"href":"https:\/\/macchiaverde-bio.shop\/da\/wp-json\/wp\/v2\/pages\/12985","targetHints":{"allow":["GET"]}}],"collection":[{"href":"https:\/\/macchiaverde-bio.shop\/da\/wp-json\/wp\/v2\/pages"}],"about":[{"href":"https:\/\/macchiaverde-bio.shop\/da\/wp-json\/wp\/v2\/types\/page"}],"author":[{"embeddable":true,"href":"https:\/\/macchiaverde-bio.shop\/da\/wp-json\/wp\/v2\/users\/1"}],"replies":[{"embeddable":true,"href":"https:\/\/macchiaverde-bio.shop\/da\/wp-json\/wp\/v2\/comments?post=12985"}],"version-history":[{"count":0,"href":"https:\/\/macchiaverde-bio.shop\/da\/wp-json\/wp\/v2\/pages\/12985\/revisions"}],"wp:attachment":[{"href":"https:\/\/macchiaverde-bio.shop\/da\/wp-json\/wp\/v2\/media?parent=12985"}],"curies":[{"name":"wp","href":"https:\/\/api.w.org\/{rel}","templated":true}]}}